{"id":37058,"date":"2022-02-10T12:59:23","date_gmt":"2022-02-10T15:59:23","guid":{"rendered":"https:\/\/www.desenhoonline.com\/site\/?page_id=37058"},"modified":"2025-01-17T11:09:02","modified_gmt":"2025-01-17T14:09:02","slug":"politica-de-privacidade","status":"publish","type":"page","link":"https:\/\/www.desenhoonline.com\/site\/politica-de-privacidade\/","title":{"rendered":"Pol\u00edtica de privacidade"},"content":{"rendered":"\n<h2 class=\"wp-block-heading\" id=\"quem-somos\">Quem somos<\/h2>\n\n\n\n<p>O endere\u00e7o do nosso site \u00e9: https:\/\/www.desenhoonline.com.<\/p>\n\n\n\n<h2 class=\"wp-block-heading\" id=\"comentarios\">Coment\u00e1rios<\/h2>\n\n\n\n<p>Quando os visitantes deixam coment\u00e1rios no site, coletamos os dados mostrados no formul\u00e1rio de coment\u00e1rios, al\u00e9m do endere\u00e7o de IP e de dados do navegador do visitante, para auxiliar na detec\u00e7\u00e3o de spam.<\/p>\n\n\n\n<p>Uma sequ\u00eancia anonimizada de caracteres criada a partir do seu e-mail (tamb\u00e9m chamada de hash) poder\u00e1 ser enviada para o Gravatar para verificar se voc\u00ea usa o servi\u00e7o. A pol\u00edtica de privacidade do Gravatar est\u00e1 dispon\u00edvel aqui: https:\/\/automattic.com\/privacy\/. Depois da aprova\u00e7\u00e3o do seu coment\u00e1rio, a foto do seu perfil fica vis\u00edvel publicamente junto de seu coment\u00e1rio.<\/p>\n\n\n\n<h2 class=\"wp-block-heading\" id=\"midia\">M\u00eddia<\/h2>\n\n\n\n<p>Se voc\u00ea envia imagens para o site, evite enviar as que contenham dados de localiza\u00e7\u00e3o incorporados (EXIF GPS). Visitantes podem baixar estas imagens do site e extrair delas seus dados de localiza\u00e7\u00e3o.<\/p>\n\n\n\n<h2 class=\"wp-block-heading\" id=\"cookies\">Cookies<\/h2>\n\n\n\n<p>Ao deixar um coment\u00e1rio no site, voc\u00ea poder\u00e1 optar por salvar seu nome, e-mail e site nos cookies. Isso visa seu conforto, assim voc\u00ea n\u00e3o precisar\u00e1 preencher seus  dados novamente quando fizer outro coment\u00e1rio. Estes cookies duram um ano.<\/p>\n\n\n\n<p>Se voc\u00ea tem uma conta e acessa este site, um cookie tempor\u00e1rio ser\u00e1 criado para determinar se seu navegador aceita cookies. Ele n\u00e3o cont\u00e9m nenhum dado pessoal e ser\u00e1 descartado quando voc\u00ea fechar seu navegador.<\/p>\n\n\n\n<p>Quando voc\u00ea acessa sua conta no site, tamb\u00e9m criamos v\u00e1rios cookies para salvar os dados da sua conta e suas escolhas de exibi\u00e7\u00e3o de tela. Cookies de login s\u00e3o mantidos por dois dias e cookies de op\u00e7\u00f5es de tela por um ano. Se voc\u00ea selecionar &#8220;Lembrar-me&#8221;, seu acesso ser\u00e1 mantido por duas semanas. Se voc\u00ea se desconectar da sua conta, os cookies de login ser\u00e3o removidos.<\/p>\n\n\n\n<p>Se voc\u00ea editar ou publicar um artigo, um cookie adicional ser\u00e1 salvo no seu navegador. Este cookie n\u00e3o inclui nenhum dado pessoal e simplesmente indica o ID do post referente ao artigo que voc\u00ea acabou de editar. Ele expira depois de 1 dia.<\/p>\n\n\n\n<h2 class=\"wp-block-heading\" id=\"midia-incorporada-de-outros-sites\">M\u00eddia incorporada de outros sites<\/h2>\n\n\n\n<p>Artigos neste site podem incluir conte\u00fado incorporado como, por exemplo, v\u00eddeos, imagens, artigos, etc. Conte\u00fados incorporados de outros sites se comportam exatamente da mesma forma como se o visitante estivesse visitando o outro site.<\/p>\n\n\n\n<p>Estes sites podem coletar dados sobre voc\u00ea, usar cookies, incorporar rastreamento adicional de terceiros e monitorar sua intera\u00e7\u00e3o com este conte\u00fado incorporado, incluindo sua intera\u00e7\u00e3o com o conte\u00fado incorporado se voc\u00ea tem uma conta e est\u00e1 conectado com o site.<\/p>\n\n\n\n<h2 class=\"wp-block-heading\" id=\"com-quem-compartilhamos-seus-dados\">Com quem compartilhamos seus dados<\/h2>\n\n\n\n<p>Se voc\u00ea solicitar uma redefini\u00e7\u00e3o de senha, seu endere\u00e7o de IP ser\u00e1 inclu\u00eddo no e-mail de redefini\u00e7\u00e3o de senha.<\/p>\n\n\n\n<h2 class=\"wp-block-heading\" id=\"por-quanto-tempo-mantemos-os-seus-dados\">Por quanto tempo mantemos os seus dados<\/h2>\n\n\n\n<p>Se voc\u00ea deixar um coment\u00e1rio, o coment\u00e1rio e os seus metadados s\u00e3o conservados indefinidamente. Fazemos isso para que seja poss\u00edvel reconhecer e aprovar automaticamente qualquer coment\u00e1rio posterior ao inv\u00e9s de ret\u00ea-lo para modera\u00e7\u00e3o.<\/p>\n\n\n\n<p>Para usu\u00e1rios que se registram no nosso site (se houver), tamb\u00e9m guardamos as informa\u00e7\u00f5es pessoais que fornecem no seu perfil de usu\u00e1rio. Todos os usu\u00e1rios podem ver, editar ou excluir suas informa\u00e7\u00f5es pessoais a qualquer momento (s\u00f3 n\u00e3o \u00e9 poss\u00edvel alterar o seu username). Os administradores de sites tamb\u00e9m podem ver e editar estas informa\u00e7\u00f5es.<\/p>\n\n\n\n<h2 class=\"wp-block-heading\" id=\"quais-os-seus-direitos-sobre-seus-dados\">Quais os seus direitos sobre seus dados<\/h2>\n\n\n\n<p>Se voc\u00ea tiver uma conta neste site ou se tiver deixado coment\u00e1rios, pode solicitar um arquivo exportado dos dados pessoais que mantemos sobre voc\u00ea, inclusive quaisquer dados que nos tenha fornecido. Tamb\u00e9m pode solicitar que removamos qualquer dado pessoal que mantemos sobre voc\u00ea. Isto n\u00e3o inclui nenhuns dados que somos obrigados a manter para prop\u00f3sitos administrativos, legais ou de seguran\u00e7a.<\/p>\n\n\n\n<h2 class=\"wp-block-heading\" id=\"para-onde-enviamos-seus-dados\">Para onde enviamos seus dados<\/h2>\n\n\n\n<p>Coment\u00e1rios de visitantes podem ser marcados por um servi\u00e7o autom\u00e1tico de detec\u00e7\u00e3o de spam.<\/p>\n\n\n\n<div style=\"height:100px\" aria-hidden=\"true\" class=\"wp-block-spacer\"><\/div>\n\n\n\n<h2 class=\"wp-block-heading\">L<strong>icen\u00e7a de Uso \u2013 Aplicativos <\/strong>do <strong>Desenho Online<\/strong><\/h2>\n\n\n\n<h3 class=\"wp-block-heading\">1. Uso Permitido<\/h3>\n\n\n\n<ul class=\"wp-block-list\">\n<li>Os usu\u00e1rios est\u00e3o autorizados a modificar e utilizar os desenhos gerados por meio das ferramentas dispon\u00edveis no Desenho Online para fins pessoais, educativos e n\u00e3o comerciais, desde que respeitadas as condi\u00e7\u00f5es desta licen\u00e7a. <\/li>\n\n\n\n<li>Os desenhos que s\u00e3o totalmente criados pelos usu\u00e1rios por meio das ferramentas dispon\u00edveis no Desenho Online, podem ser utilizados em projetos pessoais, comerciais e educativos, desde que respeitadas as condi\u00e7\u00f5es desta licen\u00e7a.<\/li>\n<\/ul>\n\n\n\n<h3 class=\"wp-block-heading\">2. Propriedade Intelectual<\/h3>\n\n\n\n<ul class=\"wp-block-list\">\n<li>Todos os desenhos e conte\u00fados disponibilizados no Desenho Online continuam sendo propriedade intelectual do Desenho Online e de seus respectivos autores.<\/li>\n\n\n\n<li>O usu\u00e1rio n\u00e3o adquire qualquer direito de propriedade sobre os desenhos e conte\u00fados disponibilizados pelo site.<\/li>\n<\/ul>\n\n\n\n<h3 class=\"wp-block-heading\">3. Restri\u00e7\u00f5es de Uso<\/h3>\n\n\n\n<ul class=\"wp-block-list\">\n<li>\u00c9 estritamente proibido redistribuir, vender, licenciar, sublicenciar, ou oferecer para download qualquer conte\u00fado ou desenho obtido atrav\u00e9s do Desenho Online em outras plataformas, sites ou meios sem a pr\u00e9via autoriza\u00e7\u00e3o por escrito do Desenho Online.<\/li>\n\n\n\n<li>O uso dos desenhos e conte\u00fados n\u00e3o deve, em nenhuma circunst\u00e2ncia, violar os direitos de terceiros, incluindo, mas n\u00e3o se limitando a, direitos autorais, marcas registradas, privacidade e publicidade.<\/li>\n<\/ul>\n\n\n\n<h3 class=\"wp-block-heading\">4. Modifica\u00e7\u00f5es e Cria\u00e7\u00f5es Derivadas<\/h3>\n\n\n\n<ul class=\"wp-block-list\">\n<li>Os usu\u00e1rios podem modificar os desenhos criados atrav\u00e9s das ferramentas do Desenho Online, por\u00e9m, quaisquer modifica\u00e7\u00f5es ou cria\u00e7\u00f5es derivadas ainda est\u00e3o sujeitas aos termos desta licen\u00e7a.<\/li>\n\n\n\n<li>Mesmo ap\u00f3s modifica\u00e7\u00f5es, a distribui\u00e7\u00e3o de desenhos derivados deve ser realizada de acordo com as restri\u00e7\u00f5es estabelecidas nesta licen\u00e7a.<\/li>\n<\/ul>\n\n\n\n<h3 class=\"wp-block-heading\">5. Limita\u00e7\u00e3o de Responsabilidade<\/h3>\n\n\n\n<ul class=\"wp-block-list\">\n<li>O Desenho Online n\u00e3o se responsabiliza por qualquer uso indevido dos desenhos e conte\u00fados criados pelos usu\u00e1rios.<\/li>\n\n\n\n<li>O usu\u00e1rio concorda em isentar e indenizar o Desenho Online de qualquer responsabilidade decorrente do uso inadequado dos conte\u00fados e desenhos, ou da viola\u00e7\u00e3o dos direitos de terceiros.<\/li>\n<\/ul>\n\n\n\n<h3 class=\"wp-block-heading\">6. Altera\u00e7\u00f5es nos Termos de Uso<\/h3>\n\n\n\n<ul class=\"wp-block-list\">\n<li>O Desenho Online se reserva o direito de modificar estes termos de uso a qualquer momento, sem aviso pr\u00e9vio. \u00c9 responsabilidade do usu\u00e1rio revisar periodicamente os termos para estar ciente de quaisquer altera\u00e7\u00f5es.<\/li>\n\n\n\n<li>O uso continuado do Desenho Online ap\u00f3s a publica\u00e7\u00e3o de altera\u00e7\u00f5es nos termos constitui aceita\u00e7\u00e3o de tais mudan\u00e7as.<\/li>\n\n\n\n<li><\/li>\n<\/ul>\n\n\n\n<h3 class=\"wp-block-heading\">7. Contato<\/h3>\n\n\n\n<ul class=\"wp-block-list\">\n<li>Para d\u00favidas, sugest\u00f5es ou solicita\u00e7\u00f5es de autoriza\u00e7\u00e3o, entre em contato conosco atrav\u00e9s do e-mail:\u00a0<a>contato[arroba]desenhoonline.com<\/a><\/li>\n<\/ul>\n\n\n\n<p>Ao utilizar o Desenho Online, voc\u00ea confirma que leu, entendeu e concorda com os termos desta licen\u00e7a de uso.<\/p>\n\n\n\n<p><strong>Data de efetiva\u00e7\u00e3o: 17\/01\/2025<\/strong><\/p>\n\n\n\n<p><strong>Desenho Online \u2013\u00a0<a href=\"http:\/\/www.desenhoonline.com.br\/\">www.desenhoonline.com<\/a><\/strong><\/p>\n","protected":false},"excerpt":{"rendered":"<p>Quem somos O endere\u00e7o do nosso site \u00e9: https:\/\/www.desenhoonline.com. Coment\u00e1rios Quando os visitantes deixam coment\u00e1rios no site, coletamos os dados mostrados no [&hellip;]<\/p>\n","protected":false},"author":8,"featured_media":0,"parent":0,"menu_order":0,"comment_status":"closed","ping_status":"closed","template":"","meta":{"footnotes":""},"class_list":["post-37058","page","type-page","status-publish","hentry"],"yoast_head":"<!-- This site is optimized with the Yoast SEO plugin v27.4 - https:\/\/yoast.com\/product\/yoast-seo-wordpress\/ -->\n<title>Pol\u00edtica de privacidade - Desenho Online<\/title>\n<meta name=\"description\" content=\"Quem somos O endere\u00e7o do nosso site \u00e9: https:\/\/www.desenhoonline.com. Coment\u00e1rios Quando os visitantes deixam coment\u00e1rios no site, coletamos os dados\" \/>\n<meta name=\"robots\" content=\"index, follow, max-snippet:-1, max-image-preview:large, max-video-preview:-1\" \/>\n<link rel=\"canonical\" href=\"https:\/\/www.desenhoonline.com\/site\/politica-de-privacidade\/\" \/>\n<meta property=\"og:locale\" content=\"pt_BR\" \/>\n<meta property=\"og:type\" content=\"article\" \/>\n<meta property=\"og:title\" content=\"Pol\u00edtica de privacidade - Desenho Online\" \/>\n<meta property=\"og:description\" content=\"Quem somos O endere\u00e7o do nosso site \u00e9: https:\/\/www.desenhoonline.com. Coment\u00e1rios Quando os visitantes deixam coment\u00e1rios no site, coletamos os dados\" \/>\n<meta property=\"og:url\" content=\"https:\/\/www.desenhoonline.com\/site\/politica-de-privacidade\/\" \/>\n<meta property=\"og:site_name\" content=\"Desenho Online\" \/>\n<meta property=\"article:publisher\" content=\"https:\/\/www.facebook.com\/mateusmachadocustodio\" \/>\n<meta property=\"article:modified_time\" content=\"2025-01-17T14:09:02+00:00\" \/>\n<meta property=\"og:image\" content=\"https:\/\/www.desenhoonline.com\/site\/wp-content\/uploads\/Desenho-Online-Leo.png\" \/>\n\t<meta property=\"og:image:width\" content=\"300\" \/>\n\t<meta property=\"og:image:height\" content=\"300\" \/>\n\t<meta property=\"og:image:type\" content=\"image\/png\" \/>\n<meta name=\"twitter:label1\" content=\"Est. tempo de leitura\" \/>\n\t<meta name=\"twitter:data1\" content=\"6 minutos\" \/>\n<script type=\"application\/ld+json\" class=\"yoast-schema-graph\">{\"@context\":\"https:\\\/\\\/schema.org\",\"@graph\":[{\"@type\":\"WebPage\",\"@id\":\"https:\\\/\\\/www.desenhoonline.com\\\/site\\\/politica-de-privacidade\\\/\",\"url\":\"https:\\\/\\\/www.desenhoonline.com\\\/site\\\/politica-de-privacidade\\\/\",\"name\":\"Pol\u00edtica de privacidade - Desenho Online\",\"isPartOf\":{\"@id\":\"https:\\\/\\\/www.desenhoonline.com\\\/site\\\/#website\"},\"datePublished\":\"2022-02-10T15:59:23+00:00\",\"dateModified\":\"2025-01-17T14:09:02+00:00\",\"description\":\"Quem somos O endere\u00e7o do nosso site \u00e9: https:\\\/\\\/www.desenhoonline.com. Coment\u00e1rios Quando os visitantes deixam coment\u00e1rios no site, coletamos os dados\",\"breadcrumb\":{\"@id\":\"https:\\\/\\\/www.desenhoonline.com\\\/site\\\/politica-de-privacidade\\\/#breadcrumb\"},\"inLanguage\":\"pt-BR\",\"potentialAction\":[{\"@type\":\"ReadAction\",\"target\":[\"https:\\\/\\\/www.desenhoonline.com\\\/site\\\/politica-de-privacidade\\\/\"]}]},{\"@type\":\"BreadcrumbList\",\"@id\":\"https:\\\/\\\/www.desenhoonline.com\\\/site\\\/politica-de-privacidade\\\/#breadcrumb\",\"itemListElement\":[{\"@type\":\"ListItem\",\"position\":1,\"name\":\"Home\",\"item\":\"https:\\\/\\\/www.desenhoonline.com\\\/site\\\/\"},{\"@type\":\"ListItem\",\"position\":2,\"name\":\"Pol\u00edtica de privacidade\"}]},{\"@type\":\"WebSite\",\"@id\":\"https:\\\/\\\/www.desenhoonline.com\\\/site\\\/#website\",\"url\":\"https:\\\/\\\/www.desenhoonline.com\\\/site\\\/\",\"name\":\"Desenho Online\",\"description\":\"Desenho Online - Curso de desenho, downloads, dicas e not\u00edcias.\",\"publisher\":{\"@id\":\"https:\\\/\\\/www.desenhoonline.com\\\/site\\\/#\\\/schema\\\/person\\\/e2d666b91c39a2cbd5f74666a176d3c3\"},\"potentialAction\":[{\"@type\":\"SearchAction\",\"target\":{\"@type\":\"EntryPoint\",\"urlTemplate\":\"https:\\\/\\\/www.desenhoonline.com\\\/site\\\/?s={search_term_string}\"},\"query-input\":{\"@type\":\"PropertyValueSpecification\",\"valueRequired\":true,\"valueName\":\"search_term_string\"}}],\"inLanguage\":\"pt-BR\"},{\"@type\":[\"Person\",\"Organization\"],\"@id\":\"https:\\\/\\\/www.desenhoonline.com\\\/site\\\/#\\\/schema\\\/person\\\/e2d666b91c39a2cbd5f74666a176d3c3\",\"name\":\"Mateus Machado\",\"image\":{\"@type\":\"ImageObject\",\"inLanguage\":\"pt-BR\",\"@id\":\"https:\\\/\\\/www.desenhoonline.com\\\/site\\\/wp-content\\\/uploads\\\/Mateus-Machado-Desenhista-Desenho-Online-1.jpg\",\"url\":\"https:\\\/\\\/www.desenhoonline.com\\\/site\\\/wp-content\\\/uploads\\\/Mateus-Machado-Desenhista-Desenho-Online-1.jpg\",\"contentUrl\":\"https:\\\/\\\/www.desenhoonline.com\\\/site\\\/wp-content\\\/uploads\\\/Mateus-Machado-Desenhista-Desenho-Online-1.jpg\",\"width\":200,\"height\":200,\"caption\":\"Mateus Machado\"},\"logo\":{\"@id\":\"https:\\\/\\\/www.desenhoonline.com\\\/site\\\/wp-content\\\/uploads\\\/Mateus-Machado-Desenhista-Desenho-Online-1.jpg\"},\"description\":\"Um curioso aspirante da filosofia que curte aprender um pouco de tudo, seja de ci\u00eancia, arte, religi\u00e3o ou filosofia. Artista Pl\u00e1stico, Designer Gr\u00e1fico e Blogueiro.\",\"sameAs\":[\"http:\\\/\\\/www.desenhoonline.com\",\"https:\\\/\\\/www.facebook.com\\\/mateusmachadocustodio\"]}]}<\/script>\n<!-- \/ Yoast SEO plugin. -->","yoast_head_json":{"title":"Pol\u00edtica de privacidade - Desenho Online","description":"Quem somos O endere\u00e7o do nosso site \u00e9: https:\/\/www.desenhoonline.com. Coment\u00e1rios Quando os visitantes deixam coment\u00e1rios no site, coletamos os dados","robots":{"index":"index","follow":"follow","max-snippet":"max-snippet:-1","max-image-preview":"max-image-preview:large","max-video-preview":"max-video-preview:-1"},"canonical":"https:\/\/www.desenhoonline.com\/site\/politica-de-privacidade\/","og_locale":"pt_BR","og_type":"article","og_title":"Pol\u00edtica de privacidade - Desenho Online","og_description":"Quem somos O endere\u00e7o do nosso site \u00e9: https:\/\/www.desenhoonline.com. Coment\u00e1rios Quando os visitantes deixam coment\u00e1rios no site, coletamos os dados","og_url":"https:\/\/www.desenhoonline.com\/site\/politica-de-privacidade\/","og_site_name":"Desenho Online","article_publisher":"https:\/\/www.facebook.com\/mateusmachadocustodio","article_modified_time":"2025-01-17T14:09:02+00:00","og_image":[{"width":300,"height":300,"url":"https:\/\/www.desenhoonline.com\/site\/wp-content\/uploads\/Desenho-Online-Leo.png","type":"image\/png"}],"twitter_misc":{"Est. tempo de leitura":"6 minutos"},"schema":{"@context":"https:\/\/schema.org","@graph":[{"@type":"WebPage","@id":"https:\/\/www.desenhoonline.com\/site\/politica-de-privacidade\/","url":"https:\/\/www.desenhoonline.com\/site\/politica-de-privacidade\/","name":"Pol\u00edtica de privacidade - Desenho Online","isPartOf":{"@id":"https:\/\/www.desenhoonline.com\/site\/#website"},"datePublished":"2022-02-10T15:59:23+00:00","dateModified":"2025-01-17T14:09:02+00:00","description":"Quem somos O endere\u00e7o do nosso site \u00e9: https:\/\/www.desenhoonline.com. Coment\u00e1rios Quando os visitantes deixam coment\u00e1rios no site, coletamos os dados","breadcrumb":{"@id":"https:\/\/www.desenhoonline.com\/site\/politica-de-privacidade\/#breadcrumb"},"inLanguage":"pt-BR","potentialAction":[{"@type":"ReadAction","target":["https:\/\/www.desenhoonline.com\/site\/politica-de-privacidade\/"]}]},{"@type":"BreadcrumbList","@id":"https:\/\/www.desenhoonline.com\/site\/politica-de-privacidade\/#breadcrumb","itemListElement":[{"@type":"ListItem","position":1,"name":"Home","item":"https:\/\/www.desenhoonline.com\/site\/"},{"@type":"ListItem","position":2,"name":"Pol\u00edtica de privacidade"}]},{"@type":"WebSite","@id":"https:\/\/www.desenhoonline.com\/site\/#website","url":"https:\/\/www.desenhoonline.com\/site\/","name":"Desenho Online","description":"Desenho Online - Curso de desenho, downloads, dicas e not\u00edcias.","publisher":{"@id":"https:\/\/www.desenhoonline.com\/site\/#\/schema\/person\/e2d666b91c39a2cbd5f74666a176d3c3"},"potentialAction":[{"@type":"SearchAction","target":{"@type":"EntryPoint","urlTemplate":"https:\/\/www.desenhoonline.com\/site\/?s={search_term_string}"},"query-input":{"@type":"PropertyValueSpecification","valueRequired":true,"valueName":"search_term_string"}}],"inLanguage":"pt-BR"},{"@type":["Person","Organization"],"@id":"https:\/\/www.desenhoonline.com\/site\/#\/schema\/person\/e2d666b91c39a2cbd5f74666a176d3c3","name":"Mateus Machado","image":{"@type":"ImageObject","inLanguage":"pt-BR","@id":"https:\/\/www.desenhoonline.com\/site\/wp-content\/uploads\/Mateus-Machado-Desenhista-Desenho-Online-1.jpg","url":"https:\/\/www.desenhoonline.com\/site\/wp-content\/uploads\/Mateus-Machado-Desenhista-Desenho-Online-1.jpg","contentUrl":"https:\/\/www.desenhoonline.com\/site\/wp-content\/uploads\/Mateus-Machado-Desenhista-Desenho-Online-1.jpg","width":200,"height":200,"caption":"Mateus Machado"},"logo":{"@id":"https:\/\/www.desenhoonline.com\/site\/wp-content\/uploads\/Mateus-Machado-Desenhista-Desenho-Online-1.jpg"},"description":"Um curioso aspirante da filosofia que curte aprender um pouco de tudo, seja de ci\u00eancia, arte, religi\u00e3o ou filosofia. Artista Pl\u00e1stico, Designer Gr\u00e1fico e Blogueiro.","sameAs":["http:\/\/www.desenhoonline.com","https:\/\/www.facebook.com\/mateusmachadocustodio"]}]}},"jetpack_sharing_enabled":true,"_links":{"self":[{"href":"https:\/\/www.desenhoonline.com\/site\/wp-json\/wp\/v2\/pages\/37058","targetHints":{"allow":["GET"]}}],"collection":[{"href":"https:\/\/www.desenhoonline.com\/site\/wp-json\/wp\/v2\/pages"}],"about":[{"href":"https:\/\/www.desenhoonline.com\/site\/wp-json\/wp\/v2\/types\/page"}],"author":[{"embeddable":true,"href":"https:\/\/www.desenhoonline.com\/site\/wp-json\/wp\/v2\/users\/8"}],"replies":[{"embeddable":true,"href":"https:\/\/www.desenhoonline.com\/site\/wp-json\/wp\/v2\/comments?post=37058"}],"version-history":[{"count":6,"href":"https:\/\/www.desenhoonline.com\/site\/wp-json\/wp\/v2\/pages\/37058\/revisions"}],"predecessor-version":[{"id":43949,"href":"https:\/\/www.desenhoonline.com\/site\/wp-json\/wp\/v2\/pages\/37058\/revisions\/43949"}],"wp:attachment":[{"href":"https:\/\/www.desenhoonline.com\/site\/wp-json\/wp\/v2\/media?parent=37058"}],"curies":[{"name":"wp","href":"https:\/\/api.w.org\/{rel}","templated":true}]}}