{"id":36718,"date":"2021-12-27T15:47:11","date_gmt":"2021-12-27T18:47:11","guid":{"rendered":"https:\/\/www.desenhoonline.com\/site\/?page_id=36718"},"modified":"2021-12-27T15:47:12","modified_gmt":"2021-12-27T18:47:12","slug":"cookies","status":"publish","type":"page","link":"https:\/\/www.desenhoonline.com\/site\/cookies\/","title":{"rendered":"Cookies"},"content":{"rendered":"\n<div class=\"cli_pg_page_contaner\">\n<h2>Sobre esta pol\u00edtica de cookies<\/h2>\n<p>Esta Pol\u00edtica de Cookies explica o que s\u00e3o cookies e como os usamos, os tipos de cookies que usamos, ou seja, as informa\u00e7\u00f5es que coletamos usando cookies e como essas informa\u00e7\u00f5es s\u00e3o usadas e como controlar as prefer\u00eancias de cookies. Para obter mais informa\u00e7\u00f5es sobre como usamos, armazenamos e mantemos seus dados pessoais seguros, consulte nossa Pol\u00edtica de Privacidade.<\/p>\n<p>Voc\u00ea pode, a qualquer momento, alterar ou retirar seu consentimento da Declara\u00e7\u00e3o de Cookie em nosso site<br>Saiba mais sobre quem somos, como voc\u00ea pode nos contatar e como processamos dados pessoais em nossa Pol\u00edtica de Privacidade.<br>Seu consentimento se aplica aos seguintes dom\u00ednios: www.desenhoonline.com e www.desenhar.top<br><div class=\"cli_user_consent_state\">Seu estado atual: N\u00e3o foi dado consentimento. <a class=\"cli_manage_current_consent\" style=\"cursor:pointer;text-decoration:underline;\">Gerenciar consentimento.<\/a> <\/div><\/p>\n<p>&nbsp;<\/p>\n<h2>O que s\u00e3o cookies?<\/h2>\n<p>Cookies s\u00e3o pequenos arquivos de texto usados \u200b\u200bpara armazenar pequenas informa\u00e7\u00f5es. Eles s\u00e3o armazenados em seu dispositivo quando o site \u00e9 carregado em seu navegador. Esses cookies nos ajudam a fazer o site funcionar corretamente, torn\u00e1-lo mais seguro, fornecer uma melhor experi\u00eancia do usu\u00e1rio e entender como o site funciona e analisar o que funciona e onde precisa ser melhorado.<br>Como usamos cookies?<br>Como a maioria dos servi\u00e7os online, nosso site usa cookies prim\u00e1rios e de terceiros para diversos fins. Os cookies prim\u00e1rios s\u00e3o principalmente necess\u00e1rios para o funcionamento correto do site e n\u00e3o coletam nenhum de seus dados de identifica\u00e7\u00e3o pessoal.<\/p>\n<p>Os cookies de terceiros usados \u200b\u200bem nosso site s\u00e3o principalmente para entender como o site funciona, como voc\u00ea interage com nosso site, mantendo nossos servi\u00e7os seguros, fornecendo an\u00fancios que s\u00e3o relevantes para voc\u00ea e, em suma, proporcionando-lhe um usu\u00e1rio melhor e melhor experi\u00eancia e ajuda a agilizar suas futuras intera\u00e7\u00f5es com nosso site.<\/p>\n<h2>Que tipos de cookies usamos?<\/h2>\n<p>Essencial: Alguns cookies s\u00e3o essenciais para que voc\u00ea possa experimentar todas as funcionalidades do nosso site. Eles nos permitem manter as sess\u00f5es do usu\u00e1rio e prevenir quaisquer amea\u00e7as \u00e0 seguran\u00e7a. Eles n\u00e3o coletam ou armazenam nenhuma informa\u00e7\u00e3o pessoal. Por exemplo, esses cookies permitem que voc\u00ea fa\u00e7a login em sua conta e adicione produtos \u00e0 sua cesta, e finalize a compra com seguran\u00e7a.<\/p>\n<p><strong>Estat\u00edsticas:<\/strong> Esses cookies armazenam informa\u00e7\u00f5es como o n\u00famero de visitantes do site, o n\u00famero de visitantes \u00fanicos, quais p\u00e1ginas do site foram visitadas, a origem da visita, etc. Esses dados nos ajudam a compreender e analisar o desempenho do site e onde precisa de melhorias.<\/p>\n<p><strong>Marketing:<\/strong> Nosso site exibe an\u00fancios. Esses cookies s\u00e3o usados \u200b\u200bpara personalizar os an\u00fancios que exibimos para que sejam significativos para voc\u00ea. Esses cookies tamb\u00e9m nos ajudam a acompanhar a efici\u00eancia dessas campanhas publicit\u00e1rias.<br>As informa\u00e7\u00f5es armazenadas nesses cookies tamb\u00e9m podem ser usadas por provedores de an\u00fancios de terceiros para mostrar-lhe an\u00fancios em outros sites no navegador tamb\u00e9m.<\/p>\n<p><strong>Funcional:<\/strong> Estes s\u00e3o os cookies que auxiliam certas funcionalidades n\u00e3o essenciais em nosso site. Essas funcionalidades incluem a incorpora\u00e7\u00e3o de conte\u00fado como v\u00eddeos ou o compartilhamento de conte\u00fado do site em plataformas de m\u00eddia social.<\/p>\n<p><strong>Prefer\u00eancias:<\/strong> Esses cookies nos ajudam a armazenar suas configura\u00e7\u00f5es e prefer\u00eancias de navega\u00e7\u00e3o, como prefer\u00eancias de idioma, para que voc\u00ea tenha uma experi\u00eancia melhor e eficiente em futuras visitas ao site.<br>[colunas cookie_audit = &#8220;cookie, descri\u00e7\u00e3o&#8221; t\u00edtulo = &#8220;A lista abaixo detalha os cookies usados \u200b\u200bem nosso site.&#8221;]<\/p>\n<h2>Como posso controlar as prefer\u00eancias de cookies?<\/h2>\n<p><br>Caso decida alterar suas prefer\u00eancias posteriormente durante a sess\u00e3o de navega\u00e7\u00e3o, voc\u00ea pode clicar na guia &#8220;Pol\u00edtica de Privacidade e Cookies&#8221; em sua tela. Isso exibir\u00e1 o aviso de consentimento novamente, permitindo que voc\u00ea altere suas prefer\u00eancias ou retire totalmente o seu consentimento.<\/p>\n<p>Al\u00e9m disso, diferentes navegadores fornecem m\u00e9todos diferentes para bloquear e excluir cookies usados \u200b\u200bpor sites. Voc\u00ea pode alterar as configura\u00e7\u00f5es do seu navegador para bloquear \/ excluir os cookies. Para saber mais sobre como gerenciar e excluir cookies, visite wikipedia.org<\/p>\n<\/div>\n","protected":false},"excerpt":{"rendered":"<p>Sobre esta pol\u00edtica de cookies Esta Pol\u00edtica de Cookies explica o que s\u00e3o cookies e como os usamos, os tipos de cookies [&hellip;]<\/p>\n","protected":false},"author":8,"featured_media":0,"parent":0,"menu_order":0,"comment_status":"closed","ping_status":"closed","template":"","meta":{"footnotes":""},"class_list":["post-36718","page","type-page","status-publish","hentry"],"yoast_head":"<!-- This site is optimized with the Yoast SEO plugin v27.4 - https:\/\/yoast.com\/product\/yoast-seo-wordpress\/ -->\n<title>Cookies - Desenho Online<\/title>\n<meta name=\"description\" content=\"Sobre esta pol\u00edtica de cookies Esta Pol\u00edtica de Cookies explica o que s\u00e3o cookies e como os usamos, os tipos de cookies que usamos, ou seja, as\" \/>\n<meta name=\"robots\" content=\"index, follow, max-snippet:-1, max-image-preview:large, max-video-preview:-1\" \/>\n<link rel=\"canonical\" href=\"https:\/\/www.desenhoonline.com\/site\/cookies\/\" \/>\n<meta property=\"og:locale\" content=\"pt_BR\" \/>\n<meta property=\"og:type\" content=\"article\" \/>\n<meta property=\"og:title\" content=\"Cookies - Desenho Online\" \/>\n<meta property=\"og:description\" content=\"Sobre esta pol\u00edtica de cookies Esta Pol\u00edtica de Cookies explica o que s\u00e3o cookies e como os usamos, os tipos de cookies que usamos, ou seja, as\" \/>\n<meta property=\"og:url\" content=\"https:\/\/www.desenhoonline.com\/site\/cookies\/\" \/>\n<meta property=\"og:site_name\" content=\"Desenho Online\" \/>\n<meta property=\"article:publisher\" content=\"https:\/\/www.facebook.com\/mateusmachadocustodio\" \/>\n<meta property=\"article:modified_time\" content=\"2021-12-27T18:47:12+00:00\" \/>\n<meta property=\"og:image\" content=\"https:\/\/www.desenhoonline.com\/site\/wp-content\/uploads\/Desenho-Online-Leo.png\" \/>\n\t<meta property=\"og:image:width\" content=\"300\" \/>\n\t<meta property=\"og:image:height\" content=\"300\" \/>\n\t<meta property=\"og:image:type\" content=\"image\/png\" \/>\n<meta name=\"twitter:label1\" content=\"Est. tempo de leitura\" \/>\n\t<meta name=\"twitter:data1\" content=\"4 minutos\" \/>\n<script type=\"application\/ld+json\" class=\"yoast-schema-graph\">{\"@context\":\"https:\\\/\\\/schema.org\",\"@graph\":[{\"@type\":\"WebPage\",\"@id\":\"https:\\\/\\\/www.desenhoonline.com\\\/site\\\/cookies\\\/\",\"url\":\"https:\\\/\\\/www.desenhoonline.com\\\/site\\\/cookies\\\/\",\"name\":\"Cookies - Desenho Online\",\"isPartOf\":{\"@id\":\"https:\\\/\\\/www.desenhoonline.com\\\/site\\\/#website\"},\"datePublished\":\"2021-12-27T18:47:11+00:00\",\"dateModified\":\"2021-12-27T18:47:12+00:00\",\"description\":\"Sobre esta pol\u00edtica de cookies Esta Pol\u00edtica de Cookies explica o que s\u00e3o cookies e como os usamos, os tipos de cookies que usamos, ou seja, as\",\"breadcrumb\":{\"@id\":\"https:\\\/\\\/www.desenhoonline.com\\\/site\\\/cookies\\\/#breadcrumb\"},\"inLanguage\":\"pt-BR\",\"potentialAction\":[{\"@type\":\"ReadAction\",\"target\":[\"https:\\\/\\\/www.desenhoonline.com\\\/site\\\/cookies\\\/\"]}]},{\"@type\":\"BreadcrumbList\",\"@id\":\"https:\\\/\\\/www.desenhoonline.com\\\/site\\\/cookies\\\/#breadcrumb\",\"itemListElement\":[{\"@type\":\"ListItem\",\"position\":1,\"name\":\"Home\",\"item\":\"https:\\\/\\\/www.desenhoonline.com\\\/site\\\/\"},{\"@type\":\"ListItem\",\"position\":2,\"name\":\"Cookies\"}]},{\"@type\":\"WebSite\",\"@id\":\"https:\\\/\\\/www.desenhoonline.com\\\/site\\\/#website\",\"url\":\"https:\\\/\\\/www.desenhoonline.com\\\/site\\\/\",\"name\":\"Desenho Online\",\"description\":\"Desenho Online - Curso de desenho, downloads, dicas e not\u00edcias.\",\"publisher\":{\"@id\":\"https:\\\/\\\/www.desenhoonline.com\\\/site\\\/#\\\/schema\\\/person\\\/e2d666b91c39a2cbd5f74666a176d3c3\"},\"potentialAction\":[{\"@type\":\"SearchAction\",\"target\":{\"@type\":\"EntryPoint\",\"urlTemplate\":\"https:\\\/\\\/www.desenhoonline.com\\\/site\\\/?s={search_term_string}\"},\"query-input\":{\"@type\":\"PropertyValueSpecification\",\"valueRequired\":true,\"valueName\":\"search_term_string\"}}],\"inLanguage\":\"pt-BR\"},{\"@type\":[\"Person\",\"Organization\"],\"@id\":\"https:\\\/\\\/www.desenhoonline.com\\\/site\\\/#\\\/schema\\\/person\\\/e2d666b91c39a2cbd5f74666a176d3c3\",\"name\":\"Mateus Machado\",\"image\":{\"@type\":\"ImageObject\",\"inLanguage\":\"pt-BR\",\"@id\":\"https:\\\/\\\/www.desenhoonline.com\\\/site\\\/wp-content\\\/uploads\\\/Mateus-Machado-Desenhista-Desenho-Online-1.jpg\",\"url\":\"https:\\\/\\\/www.desenhoonline.com\\\/site\\\/wp-content\\\/uploads\\\/Mateus-Machado-Desenhista-Desenho-Online-1.jpg\",\"contentUrl\":\"https:\\\/\\\/www.desenhoonline.com\\\/site\\\/wp-content\\\/uploads\\\/Mateus-Machado-Desenhista-Desenho-Online-1.jpg\",\"width\":200,\"height\":200,\"caption\":\"Mateus Machado\"},\"logo\":{\"@id\":\"https:\\\/\\\/www.desenhoonline.com\\\/site\\\/wp-content\\\/uploads\\\/Mateus-Machado-Desenhista-Desenho-Online-1.jpg\"},\"description\":\"Um curioso aspirante da filosofia que curte aprender um pouco de tudo, seja de ci\u00eancia, arte, religi\u00e3o ou filosofia. Artista Pl\u00e1stico, Designer Gr\u00e1fico e Blogueiro.\",\"sameAs\":[\"http:\\\/\\\/www.desenhoonline.com\",\"https:\\\/\\\/www.facebook.com\\\/mateusmachadocustodio\"]}]}<\/script>\n<!-- \/ Yoast SEO plugin. -->","yoast_head_json":{"title":"Cookies - Desenho Online","description":"Sobre esta pol\u00edtica de cookies Esta Pol\u00edtica de Cookies explica o que s\u00e3o cookies e como os usamos, os tipos de cookies que usamos, ou seja, as","robots":{"index":"index","follow":"follow","max-snippet":"max-snippet:-1","max-image-preview":"max-image-preview:large","max-video-preview":"max-video-preview:-1"},"canonical":"https:\/\/www.desenhoonline.com\/site\/cookies\/","og_locale":"pt_BR","og_type":"article","og_title":"Cookies - Desenho Online","og_description":"Sobre esta pol\u00edtica de cookies Esta Pol\u00edtica de Cookies explica o que s\u00e3o cookies e como os usamos, os tipos de cookies que usamos, ou seja, as","og_url":"https:\/\/www.desenhoonline.com\/site\/cookies\/","og_site_name":"Desenho Online","article_publisher":"https:\/\/www.facebook.com\/mateusmachadocustodio","article_modified_time":"2021-12-27T18:47:12+00:00","og_image":[{"width":300,"height":300,"url":"https:\/\/www.desenhoonline.com\/site\/wp-content\/uploads\/Desenho-Online-Leo.png","type":"image\/png"}],"twitter_misc":{"Est. tempo de leitura":"4 minutos"},"schema":{"@context":"https:\/\/schema.org","@graph":[{"@type":"WebPage","@id":"https:\/\/www.desenhoonline.com\/site\/cookies\/","url":"https:\/\/www.desenhoonline.com\/site\/cookies\/","name":"Cookies - Desenho Online","isPartOf":{"@id":"https:\/\/www.desenhoonline.com\/site\/#website"},"datePublished":"2021-12-27T18:47:11+00:00","dateModified":"2021-12-27T18:47:12+00:00","description":"Sobre esta pol\u00edtica de cookies Esta Pol\u00edtica de Cookies explica o que s\u00e3o cookies e como os usamos, os tipos de cookies que usamos, ou seja, as","breadcrumb":{"@id":"https:\/\/www.desenhoonline.com\/site\/cookies\/#breadcrumb"},"inLanguage":"pt-BR","potentialAction":[{"@type":"ReadAction","target":["https:\/\/www.desenhoonline.com\/site\/cookies\/"]}]},{"@type":"BreadcrumbList","@id":"https:\/\/www.desenhoonline.com\/site\/cookies\/#breadcrumb","itemListElement":[{"@type":"ListItem","position":1,"name":"Home","item":"https:\/\/www.desenhoonline.com\/site\/"},{"@type":"ListItem","position":2,"name":"Cookies"}]},{"@type":"WebSite","@id":"https:\/\/www.desenhoonline.com\/site\/#website","url":"https:\/\/www.desenhoonline.com\/site\/","name":"Desenho Online","description":"Desenho Online - Curso de desenho, downloads, dicas e not\u00edcias.","publisher":{"@id":"https:\/\/www.desenhoonline.com\/site\/#\/schema\/person\/e2d666b91c39a2cbd5f74666a176d3c3"},"potentialAction":[{"@type":"SearchAction","target":{"@type":"EntryPoint","urlTemplate":"https:\/\/www.desenhoonline.com\/site\/?s={search_term_string}"},"query-input":{"@type":"PropertyValueSpecification","valueRequired":true,"valueName":"search_term_string"}}],"inLanguage":"pt-BR"},{"@type":["Person","Organization"],"@id":"https:\/\/www.desenhoonline.com\/site\/#\/schema\/person\/e2d666b91c39a2cbd5f74666a176d3c3","name":"Mateus Machado","image":{"@type":"ImageObject","inLanguage":"pt-BR","@id":"https:\/\/www.desenhoonline.com\/site\/wp-content\/uploads\/Mateus-Machado-Desenhista-Desenho-Online-1.jpg","url":"https:\/\/www.desenhoonline.com\/site\/wp-content\/uploads\/Mateus-Machado-Desenhista-Desenho-Online-1.jpg","contentUrl":"https:\/\/www.desenhoonline.com\/site\/wp-content\/uploads\/Mateus-Machado-Desenhista-Desenho-Online-1.jpg","width":200,"height":200,"caption":"Mateus Machado"},"logo":{"@id":"https:\/\/www.desenhoonline.com\/site\/wp-content\/uploads\/Mateus-Machado-Desenhista-Desenho-Online-1.jpg"},"description":"Um curioso aspirante da filosofia que curte aprender um pouco de tudo, seja de ci\u00eancia, arte, religi\u00e3o ou filosofia. Artista Pl\u00e1stico, Designer Gr\u00e1fico e Blogueiro.","sameAs":["http:\/\/www.desenhoonline.com","https:\/\/www.facebook.com\/mateusmachadocustodio"]}]}},"jetpack_sharing_enabled":true,"_links":{"self":[{"href":"https:\/\/www.desenhoonline.com\/site\/wp-json\/wp\/v2\/pages\/36718","targetHints":{"allow":["GET"]}}],"collection":[{"href":"https:\/\/www.desenhoonline.com\/site\/wp-json\/wp\/v2\/pages"}],"about":[{"href":"https:\/\/www.desenhoonline.com\/site\/wp-json\/wp\/v2\/types\/page"}],"author":[{"embeddable":true,"href":"https:\/\/www.desenhoonline.com\/site\/wp-json\/wp\/v2\/users\/8"}],"replies":[{"embeddable":true,"href":"https:\/\/www.desenhoonline.com\/site\/wp-json\/wp\/v2\/comments?post=36718"}],"version-history":[{"count":0,"href":"https:\/\/www.desenhoonline.com\/site\/wp-json\/wp\/v2\/pages\/36718\/revisions"}],"wp:attachment":[{"href":"https:\/\/www.desenhoonline.com\/site\/wp-json\/wp\/v2\/media?parent=36718"}],"curies":[{"name":"wp","href":"https:\/\/api.w.org\/{rel}","templated":true}]}}