{"id":34578,"date":"2021-08-03T14:22:54","date_gmt":"2021-08-03T17:22:54","guid":{"rendered":"https:\/\/www.desenhoonline.com\/site\/?page_id=34578"},"modified":"2021-08-03T14:22:56","modified_gmt":"2021-08-03T17:22:56","slug":"meus-nft-s","status":"publish","type":"page","link":"https:\/\/www.desenhoonline.com\/site\/meus-nft-s\/","title":{"rendered":"Meus NFT&#8217;s"},"content":{"rendered":"\n<p id=\"block-fb693104-3655-4c26-ae88-ee0229a21077\">Nesta p\u00e1gina apresento minhas NFTs a venda, dispon\u00edveis no perfil mateusdesenhoonline da OpenSea, uma das maiores\u00a0plataformas\u00a0de negocia\u00e7\u00e3o de tokens n\u00e3o fung\u00edveis. <\/p>\n\n\n\n<p>Inicialmente trago a minha primeira cole\u00e7\u00e3o de NFT, &#8220;Hidden treasures of nankin ink&#8221;, que voc\u00ea pode acessar neste <a href=\"https:\/\/opensea.io\/collection\/hidden-treasures-of-nankin-ink\">link<\/a>. Mas saiba tamb\u00e9m que l\u00e1 voc\u00ea poder\u00e1 comprar NFT ou ganhar comiss\u00e3o com NFT.<\/p>\n","protected":false},"excerpt":{"rendered":"<p>Nesta p\u00e1gina apresento minhas NFTs a venda, dispon\u00edveis no perfil mateusdesenhoonline da OpenSea, uma das maiores\u00a0plataformas\u00a0de negocia\u00e7\u00e3o de tokens n\u00e3o fung\u00edveis. Inicialmente [&hellip;]<\/p>\n","protected":false},"author":8,"featured_media":34623,"parent":0,"menu_order":0,"comment_status":"closed","ping_status":"closed","template":"","meta":{"footnotes":""},"class_list":["post-34578","page","type-page","status-publish","has-post-thumbnail","hentry"],"yoast_head":"<!-- This site is optimized with the Yoast SEO plugin v27.4 - https:\/\/yoast.com\/product\/yoast-seo-wordpress\/ -->\n<title>Meus NFT&#039;s - Desenho Online<\/title>\n<meta name=\"description\" content=\"Nesta p\u00e1gina apresento minhas NFTs a venda, dispon\u00edveis no perfil mateusdesenhoonline da OpenSea, uma das maiores\u00a0plataformas\u00a0de negocia\u00e7\u00e3o de tokens n\u00e3o\" \/>\n<meta name=\"robots\" content=\"index, follow, max-snippet:-1, max-image-preview:large, max-video-preview:-1\" \/>\n<link rel=\"canonical\" href=\"https:\/\/www.desenhoonline.com\/site\/meus-nft-s\/\" \/>\n<meta property=\"og:locale\" content=\"pt_BR\" \/>\n<meta property=\"og:type\" content=\"article\" \/>\n<meta property=\"og:title\" content=\"Meus NFT&#039;s - Desenho Online\" \/>\n<meta property=\"og:description\" content=\"Nesta p\u00e1gina apresento minhas NFTs a venda, dispon\u00edveis no perfil mateusdesenhoonline da OpenSea, uma das maiores\u00a0plataformas\u00a0de negocia\u00e7\u00e3o de tokens n\u00e3o\" \/>\n<meta property=\"og:url\" content=\"https:\/\/www.desenhoonline.com\/site\/meus-nft-s\/\" \/>\n<meta property=\"og:site_name\" content=\"Desenho Online\" \/>\n<meta property=\"article:publisher\" content=\"https:\/\/www.facebook.com\/mateusmachadocustodio\" \/>\n<meta property=\"article:modified_time\" content=\"2021-08-03T17:22:56+00:00\" \/>\n<meta property=\"og:image\" content=\"https:\/\/www.desenhoonline.com\/site\/wp-content\/uploads\/NFT-mateusmachadodesenhoonline-nftartist.jpg\" \/>\n\t<meta property=\"og:image:width\" content=\"888\" \/>\n\t<meta property=\"og:image:height\" content=\"300\" \/>\n\t<meta property=\"og:image:type\" content=\"image\/jpeg\" \/>\n<meta name=\"twitter:label1\" content=\"Est. tempo de leitura\" \/>\n\t<meta name=\"twitter:data1\" content=\"1 minuto\" \/>\n<script type=\"application\/ld+json\" class=\"yoast-schema-graph\">{\"@context\":\"https:\\\/\\\/schema.org\",\"@graph\":[{\"@type\":\"WebPage\",\"@id\":\"https:\\\/\\\/www.desenhoonline.com\\\/site\\\/meus-nft-s\\\/\",\"url\":\"https:\\\/\\\/www.desenhoonline.com\\\/site\\\/meus-nft-s\\\/\",\"name\":\"Meus NFT's - Desenho Online\",\"isPartOf\":{\"@id\":\"https:\\\/\\\/www.desenhoonline.com\\\/site\\\/#website\"},\"primaryImageOfPage\":{\"@id\":\"https:\\\/\\\/www.desenhoonline.com\\\/site\\\/meus-nft-s\\\/#primaryimage\"},\"image\":{\"@id\":\"https:\\\/\\\/www.desenhoonline.com\\\/site\\\/meus-nft-s\\\/#primaryimage\"},\"thumbnailUrl\":\"https:\\\/\\\/www.desenhoonline.com\\\/site\\\/wp-content\\\/uploads\\\/NFT-mateusmachadodesenhoonline-nftartist.jpg\",\"datePublished\":\"2021-08-03T17:22:54+00:00\",\"dateModified\":\"2021-08-03T17:22:56+00:00\",\"description\":\"Nesta p\u00e1gina apresento minhas NFTs a venda, dispon\u00edveis no perfil mateusdesenhoonline da OpenSea, uma das maiores\u00a0plataformas\u00a0de negocia\u00e7\u00e3o de tokens n\u00e3o\",\"breadcrumb\":{\"@id\":\"https:\\\/\\\/www.desenhoonline.com\\\/site\\\/meus-nft-s\\\/#breadcrumb\"},\"inLanguage\":\"pt-BR\",\"potentialAction\":[{\"@type\":\"ReadAction\",\"target\":[\"https:\\\/\\\/www.desenhoonline.com\\\/site\\\/meus-nft-s\\\/\"]}]},{\"@type\":\"ImageObject\",\"inLanguage\":\"pt-BR\",\"@id\":\"https:\\\/\\\/www.desenhoonline.com\\\/site\\\/meus-nft-s\\\/#primaryimage\",\"url\":\"https:\\\/\\\/www.desenhoonline.com\\\/site\\\/wp-content\\\/uploads\\\/NFT-mateusmachadodesenhoonline-nftartist.jpg\",\"contentUrl\":\"https:\\\/\\\/www.desenhoonline.com\\\/site\\\/wp-content\\\/uploads\\\/NFT-mateusmachadodesenhoonline-nftartist.jpg\",\"width\":888,\"height\":300},{\"@type\":\"BreadcrumbList\",\"@id\":\"https:\\\/\\\/www.desenhoonline.com\\\/site\\\/meus-nft-s\\\/#breadcrumb\",\"itemListElement\":[{\"@type\":\"ListItem\",\"position\":1,\"name\":\"Home\",\"item\":\"https:\\\/\\\/www.desenhoonline.com\\\/site\\\/\"},{\"@type\":\"ListItem\",\"position\":2,\"name\":\"Meus NFT&#8217;s\"}]},{\"@type\":\"WebSite\",\"@id\":\"https:\\\/\\\/www.desenhoonline.com\\\/site\\\/#website\",\"url\":\"https:\\\/\\\/www.desenhoonline.com\\\/site\\\/\",\"name\":\"Desenho Online\",\"description\":\"Desenho Online - Curso de desenho, downloads, dicas e not\u00edcias.\",\"publisher\":{\"@id\":\"https:\\\/\\\/www.desenhoonline.com\\\/site\\\/#\\\/schema\\\/person\\\/e2d666b91c39a2cbd5f74666a176d3c3\"},\"potentialAction\":[{\"@type\":\"SearchAction\",\"target\":{\"@type\":\"EntryPoint\",\"urlTemplate\":\"https:\\\/\\\/www.desenhoonline.com\\\/site\\\/?s={search_term_string}\"},\"query-input\":{\"@type\":\"PropertyValueSpecification\",\"valueRequired\":true,\"valueName\":\"search_term_string\"}}],\"inLanguage\":\"pt-BR\"},{\"@type\":[\"Person\",\"Organization\"],\"@id\":\"https:\\\/\\\/www.desenhoonline.com\\\/site\\\/#\\\/schema\\\/person\\\/e2d666b91c39a2cbd5f74666a176d3c3\",\"name\":\"Mateus Machado\",\"image\":{\"@type\":\"ImageObject\",\"inLanguage\":\"pt-BR\",\"@id\":\"https:\\\/\\\/www.desenhoonline.com\\\/site\\\/wp-content\\\/uploads\\\/Mateus-Machado-Desenhista-Desenho-Online-1.jpg\",\"url\":\"https:\\\/\\\/www.desenhoonline.com\\\/site\\\/wp-content\\\/uploads\\\/Mateus-Machado-Desenhista-Desenho-Online-1.jpg\",\"contentUrl\":\"https:\\\/\\\/www.desenhoonline.com\\\/site\\\/wp-content\\\/uploads\\\/Mateus-Machado-Desenhista-Desenho-Online-1.jpg\",\"width\":200,\"height\":200,\"caption\":\"Mateus Machado\"},\"logo\":{\"@id\":\"https:\\\/\\\/www.desenhoonline.com\\\/site\\\/wp-content\\\/uploads\\\/Mateus-Machado-Desenhista-Desenho-Online-1.jpg\"},\"description\":\"Um curioso aspirante da filosofia que curte aprender um pouco de tudo, seja de ci\u00eancia, arte, religi\u00e3o ou filosofia. Artista Pl\u00e1stico, Designer Gr\u00e1fico e Blogueiro.\",\"sameAs\":[\"http:\\\/\\\/www.desenhoonline.com\",\"https:\\\/\\\/www.facebook.com\\\/mateusmachadocustodio\"]}]}<\/script>\n<!-- \/ Yoast SEO plugin. -->","yoast_head_json":{"title":"Meus NFT's - Desenho Online","description":"Nesta p\u00e1gina apresento minhas NFTs a venda, dispon\u00edveis no perfil mateusdesenhoonline da OpenSea, uma das maiores\u00a0plataformas\u00a0de negocia\u00e7\u00e3o de tokens n\u00e3o","robots":{"index":"index","follow":"follow","max-snippet":"max-snippet:-1","max-image-preview":"max-image-preview:large","max-video-preview":"max-video-preview:-1"},"canonical":"https:\/\/www.desenhoonline.com\/site\/meus-nft-s\/","og_locale":"pt_BR","og_type":"article","og_title":"Meus NFT's - Desenho Online","og_description":"Nesta p\u00e1gina apresento minhas NFTs a venda, dispon\u00edveis no perfil mateusdesenhoonline da OpenSea, uma das maiores\u00a0plataformas\u00a0de negocia\u00e7\u00e3o de tokens n\u00e3o","og_url":"https:\/\/www.desenhoonline.com\/site\/meus-nft-s\/","og_site_name":"Desenho Online","article_publisher":"https:\/\/www.facebook.com\/mateusmachadocustodio","article_modified_time":"2021-08-03T17:22:56+00:00","og_image":[{"width":888,"height":300,"url":"https:\/\/www.desenhoonline.com\/site\/wp-content\/uploads\/NFT-mateusmachadodesenhoonline-nftartist.jpg","type":"image\/jpeg"}],"twitter_misc":{"Est. tempo de leitura":"1 minuto"},"schema":{"@context":"https:\/\/schema.org","@graph":[{"@type":"WebPage","@id":"https:\/\/www.desenhoonline.com\/site\/meus-nft-s\/","url":"https:\/\/www.desenhoonline.com\/site\/meus-nft-s\/","name":"Meus NFT's - Desenho Online","isPartOf":{"@id":"https:\/\/www.desenhoonline.com\/site\/#website"},"primaryImageOfPage":{"@id":"https:\/\/www.desenhoonline.com\/site\/meus-nft-s\/#primaryimage"},"image":{"@id":"https:\/\/www.desenhoonline.com\/site\/meus-nft-s\/#primaryimage"},"thumbnailUrl":"https:\/\/www.desenhoonline.com\/site\/wp-content\/uploads\/NFT-mateusmachadodesenhoonline-nftartist.jpg","datePublished":"2021-08-03T17:22:54+00:00","dateModified":"2021-08-03T17:22:56+00:00","description":"Nesta p\u00e1gina apresento minhas NFTs a venda, dispon\u00edveis no perfil mateusdesenhoonline da OpenSea, uma das maiores\u00a0plataformas\u00a0de negocia\u00e7\u00e3o de tokens n\u00e3o","breadcrumb":{"@id":"https:\/\/www.desenhoonline.com\/site\/meus-nft-s\/#breadcrumb"},"inLanguage":"pt-BR","potentialAction":[{"@type":"ReadAction","target":["https:\/\/www.desenhoonline.com\/site\/meus-nft-s\/"]}]},{"@type":"ImageObject","inLanguage":"pt-BR","@id":"https:\/\/www.desenhoonline.com\/site\/meus-nft-s\/#primaryimage","url":"https:\/\/www.desenhoonline.com\/site\/wp-content\/uploads\/NFT-mateusmachadodesenhoonline-nftartist.jpg","contentUrl":"https:\/\/www.desenhoonline.com\/site\/wp-content\/uploads\/NFT-mateusmachadodesenhoonline-nftartist.jpg","width":888,"height":300},{"@type":"BreadcrumbList","@id":"https:\/\/www.desenhoonline.com\/site\/meus-nft-s\/#breadcrumb","itemListElement":[{"@type":"ListItem","position":1,"name":"Home","item":"https:\/\/www.desenhoonline.com\/site\/"},{"@type":"ListItem","position":2,"name":"Meus NFT&#8217;s"}]},{"@type":"WebSite","@id":"https:\/\/www.desenhoonline.com\/site\/#website","url":"https:\/\/www.desenhoonline.com\/site\/","name":"Desenho Online","description":"Desenho Online - Curso de desenho, downloads, dicas e not\u00edcias.","publisher":{"@id":"https:\/\/www.desenhoonline.com\/site\/#\/schema\/person\/e2d666b91c39a2cbd5f74666a176d3c3"},"potentialAction":[{"@type":"SearchAction","target":{"@type":"EntryPoint","urlTemplate":"https:\/\/www.desenhoonline.com\/site\/?s={search_term_string}"},"query-input":{"@type":"PropertyValueSpecification","valueRequired":true,"valueName":"search_term_string"}}],"inLanguage":"pt-BR"},{"@type":["Person","Organization"],"@id":"https:\/\/www.desenhoonline.com\/site\/#\/schema\/person\/e2d666b91c39a2cbd5f74666a176d3c3","name":"Mateus Machado","image":{"@type":"ImageObject","inLanguage":"pt-BR","@id":"https:\/\/www.desenhoonline.com\/site\/wp-content\/uploads\/Mateus-Machado-Desenhista-Desenho-Online-1.jpg","url":"https:\/\/www.desenhoonline.com\/site\/wp-content\/uploads\/Mateus-Machado-Desenhista-Desenho-Online-1.jpg","contentUrl":"https:\/\/www.desenhoonline.com\/site\/wp-content\/uploads\/Mateus-Machado-Desenhista-Desenho-Online-1.jpg","width":200,"height":200,"caption":"Mateus Machado"},"logo":{"@id":"https:\/\/www.desenhoonline.com\/site\/wp-content\/uploads\/Mateus-Machado-Desenhista-Desenho-Online-1.jpg"},"description":"Um curioso aspirante da filosofia que curte aprender um pouco de tudo, seja de ci\u00eancia, arte, religi\u00e3o ou filosofia. Artista Pl\u00e1stico, Designer Gr\u00e1fico e Blogueiro.","sameAs":["http:\/\/www.desenhoonline.com","https:\/\/www.facebook.com\/mateusmachadocustodio"]}]}},"jetpack_sharing_enabled":true,"_links":{"self":[{"href":"https:\/\/www.desenhoonline.com\/site\/wp-json\/wp\/v2\/pages\/34578","targetHints":{"allow":["GET"]}}],"collection":[{"href":"https:\/\/www.desenhoonline.com\/site\/wp-json\/wp\/v2\/pages"}],"about":[{"href":"https:\/\/www.desenhoonline.com\/site\/wp-json\/wp\/v2\/types\/page"}],"author":[{"embeddable":true,"href":"https:\/\/www.desenhoonline.com\/site\/wp-json\/wp\/v2\/users\/8"}],"replies":[{"embeddable":true,"href":"https:\/\/www.desenhoonline.com\/site\/wp-json\/wp\/v2\/comments?post=34578"}],"version-history":[{"count":0,"href":"https:\/\/www.desenhoonline.com\/site\/wp-json\/wp\/v2\/pages\/34578\/revisions"}],"wp:featuredmedia":[{"embeddable":true,"href":"https:\/\/www.desenhoonline.com\/site\/wp-json\/wp\/v2\/media\/34623"}],"wp:attachment":[{"href":"https:\/\/www.desenhoonline.com\/site\/wp-json\/wp\/v2\/media?parent=34578"}],"curies":[{"name":"wp","href":"https:\/\/api.w.org\/{rel}","templated":true}]}}