{"id":32398,"date":"2020-02-10T13:31:52","date_gmt":"2020-02-10T16:31:52","guid":{"rendered":"https:\/\/www.desenhoonline.com\/site\/?page_id=32398"},"modified":"2020-04-20T19:44:22","modified_gmt":"2020-04-20T22:44:22","slug":"show-do-manga","status":"publish","type":"page","link":"https:\/\/www.desenhoonline.com\/site\/show-do-manga\/","title":{"rendered":"Show do Mang\u00e1"},"content":{"rendered":"\n<figure class=\"wp-block-image\"><img fetchpriority=\"high\" decoding=\"async\" width=\"613\" height=\"500\" src=\"https:\/\/www.desenhoonline.com\/site\/wp-content\/uploads\/Show-do-Mang\u00e1-Desenho-Online-Podcast.png\" alt=\"\" class=\"wp-image-32400\" srcset=\"https:\/\/www.desenhoonline.com\/site\/wp-content\/uploads\/Show-do-Mang\u00e1-Desenho-Online-Podcast.png 613w, https:\/\/www.desenhoonline.com\/site\/wp-content\/uploads\/Show-do-Mang\u00e1-Desenho-Online-Podcast-300x245.png 300w\" sizes=\"(max-width: 613px) 100vw, 613px\" \/><\/figure>\n\n\n\n<p>Um programa de perguntas e respostas promovido pelo site desenhoonline.com, dedicado a divulgar o mang\u00e1, principalmente os autores do mang\u00e1 nacional e suas respectivas obras!  <\/p>\n\n\n\n<p>Toda segunda-feira \u00e0s 19h um novo participante no canal <a href=\"https:\/\/www.youtube.com\/desenhoonline\" target=\"_blank\" rel=\"noreferrer noopener\" aria-label=\"DESENHO ONLINE (abre numa nova aba)\">DESENHO ONLINE<\/a>!<\/p>\n\n\n\n<!--more-->\n\n\n\n<div style=\"height:100px\" aria-hidden=\"true\" class=\"wp-block-spacer\"><\/div>\n\n\n\n<h2 class=\"wp-block-heading\">Ranking <\/h2>\n\n\n\n<h3 class=\"wp-block-heading\">#1 &#8211; Valdo Alves: 1.000.000 pts<\/h3>\n\n\n\n<p>Autor de &#8220;Dark Rose&#8221; | Facebook: <a rel=\"noreferrer noopener\" aria-label=\" (abre numa nova aba)\" href=\"https:\/\/www.facebook.com\/valdoarts\/\" target=\"_blank\">Valdo Arts<\/a>  &gt;  <a rel=\"noreferrer noopener\" aria-label=\" (abre numa nova aba)\" href=\"https:\/\/www.youtube.com\/watch?v=1VLPPfecdhw\" target=\"_blank\">Clique aqui<\/a> para assistir<\/p>\n\n\n\n<h3 class=\"wp-block-heading\">#2 &#8211; Mauricio Ossamu: 500.000 pts<\/h3>\n\n\n\n<p>Professor de Mang\u00e1 | Instagram: <a rel=\"noreferrer noopener\" aria-label=\" (abre numa nova aba)\" href=\"https:\/\/www.instagram.com\/mauricio_ossamu\/\" target=\"_blank\">ossamu_mauricio<\/a>  &gt;  <a rel=\"noreferrer noopener\" aria-label=\" (abre numa nova aba)\" href=\"https:\/\/www.youtube.com\/watch?v=r0MSAR26VEE\" target=\"_blank\">Clique aqui<\/a> para assistir hoje \u00e0s 19h<\/p>\n\n\n\n<h3 class=\"wp-block-heading\">#3 &#8211; Kaji Pato: 400.000 pts<\/h3>\n\n\n\n<p>Autor de &#8220;Quack&#8221; | Instagram: <a href=\"https:\/\/www.instagram.com\/kaji_pato\/\">@Kaji_pato<\/a>  &gt; <a href=\"https:\/\/www.youtube.com\/watch?v=P-Bt5uUBmBw\" target=\"_blank\" rel=\"noreferrer noopener\" aria-label=\" (abre numa nova aba)\">Clique aqui<\/a> para assistir <\/p>\n\n\n\n<h3 class=\"wp-block-heading\">#3 &#8211; Deni Akio: 400.000 pts <\/h3>\n\n\n\n<p>Autor de &#8220;Flores &amp; F\u00faria&#8221; | Site: <a href=\"http:\/\/www.secadenanquim.com.br\/\">Seca de Nanquim<\/a>  &gt; <a rel=\"noreferrer noopener\" aria-label=\" (abre numa nova aba)\" href=\"https:\/\/www.youtube.com\/watch?v=kgZMQ-8tWiU\" target=\"_blank\">Clique aqui<\/a> para assistir<\/p>\n\n\n\n<h3 class=\"wp-block-heading\">#4 &#8211; Edson Masakiro: 200.000 pts<\/h3>\n\n\n\n<p>Autor de &#8220;Tropic\u00e1ria&#8221; | Instagram: <a rel=\"noreferrer noopener\" aria-label=\" (abre numa nova aba)\" href=\"https:\/\/www.instagram.com\/edson_masakiro\/\" target=\"_blank\">@edson_masakiro<\/a>  &gt;  <a rel=\"noreferrer noopener\" aria-label=\" (abre numa nova aba)\" href=\"https:\/\/www.youtube.com\/watch?v=87fP5Soszcw\" target=\"_blank\">Clique aqui<\/a> para assistir<\/p>\n\n\n\n<h3 class=\"wp-block-heading\">#4 &#8211; Cristiane Armezina: 200.000 pts<\/h3>\n\n\n\n<p>Autora de &#8220;Miss Cupcake&#8221; | Facebook: <a rel=\"noreferrer noopener\" aria-label=\" (abre numa nova aba)\" href=\"https:\/\/www.instagram.com\/cristiane.armezina\/\" target=\"_blank\">Cristiane Armezina<\/a>  >  <a rel=\"noreferrer noopener\" aria-label=\" (abre numa nova aba)\" href=\"https:\/\/www.youtube.com\/watch?v=QA95wjSvAOI\" target=\"_blank\">Clique aqui<\/a> para assistir<\/p>\n\n\n\n<h3 class=\"wp-block-heading\">#5 &#8211; Raphael Munhoz: 100.000 pts<\/h3>\n\n\n\n<p>Autor de &#8220;Aquela pequena e Doce fada Mort\u00edfera em Nosso Caminho&#8221; | Instagram: <a href=\"https:\/\/www.instagram.com\/raphaelmunhoz.art\/\">@raphaelmunhoz.art<\/a>  &gt; <a href=\"https:\/\/www.youtube.com\/watch?v=JMnez6FZPzg\" target=\"_blank\" rel=\"noreferrer noopener\" aria-label=\" (abre numa nova aba)\">Clique aqui<\/a> para assistir<\/p>\n\n\n\n<h3 class=\"wp-block-heading\"> #6 &#8211; Fabio Gesse: 50.000 pts  <\/h3>\n\n\n\n<p>Editor-chefe do &#8220;Est\u00fadio Armon&#8221; | Instagram: <a href=\"https:\/\/www.instagram.com\/estudioarmon\/\">@estudioarmon<\/a>  &gt; <a rel=\"noreferrer noopener\" aria-label=\"Clique aqui (abre numa nova aba)\" href=\"https:\/\/www.youtube.com\/watch?v=5STqiM74vT8\" target=\"_blank\">Clique aqui<\/a> para assistir<\/p>\n\n\n\n<h3 class=\"wp-block-heading\"> #7 &#8211; Roberto Fernandes: 40.000 pts <\/h3>\n\n\n\n<p>Autor de &#8220;Monster Kin&#8221; | Facebook: <a rel=\"noreferrer noopener\" aria-label=\" (abre numa nova aba)\" href=\"https:\/\/www.facebook.com\/mangaroberto\/\" target=\"_blank\">mangaroberto<\/a>  &gt; <a rel=\"noreferrer noopener\" aria-label=\" (abre numa nova aba)\" href=\"https:\/\/www.youtube.com\/watch?v=FZAavhBtPeU\" target=\"_blank\">Clique aqui<\/a> para assistir<\/p>\n\n\n\n<p><\/p>\n","protected":false},"excerpt":{"rendered":"<p>Um programa de perguntas e respostas promovido pelo site desenhoonline.com, dedicado a divulgar o mang\u00e1, principalmente os autores do mang\u00e1 nacional e [&hellip;]<\/p>\n","protected":false},"author":8,"featured_media":0,"parent":0,"menu_order":0,"comment_status":"closed","ping_status":"closed","template":"","meta":{"footnotes":""},"class_list":["post-32398","page","type-page","status-publish","hentry"],"yoast_head":"<!-- This site is optimized with the Yoast SEO plugin v27.4 - https:\/\/yoast.com\/product\/yoast-seo-wordpress\/ -->\n<title>Show do Mang\u00e1 - Desenho Online<\/title>\n<meta name=\"description\" content=\"Um programa de perguntas e respostas promovido pelo site desenhoonline.com, dedicado a divulgar o mang\u00e1, principalmente os autores do mang\u00e1 nacional e\" \/>\n<meta name=\"robots\" content=\"index, follow, max-snippet:-1, max-image-preview:large, max-video-preview:-1\" \/>\n<link rel=\"canonical\" href=\"https:\/\/www.desenhoonline.com\/site\/show-do-manga\/\" \/>\n<meta property=\"og:locale\" content=\"pt_BR\" \/>\n<meta property=\"og:type\" content=\"article\" \/>\n<meta property=\"og:title\" content=\"Show do Mang\u00e1 - Desenho Online\" \/>\n<meta property=\"og:description\" content=\"Um programa de perguntas e respostas promovido pelo site desenhoonline.com, dedicado a divulgar o mang\u00e1, principalmente os autores do mang\u00e1 nacional e\" \/>\n<meta property=\"og:url\" content=\"https:\/\/www.desenhoonline.com\/site\/show-do-manga\/\" \/>\n<meta property=\"og:site_name\" content=\"Desenho Online\" \/>\n<meta property=\"article:publisher\" content=\"https:\/\/www.facebook.com\/mateusmachadocustodio\" \/>\n<meta property=\"article:modified_time\" content=\"2020-04-20T22:44:22+00:00\" \/>\n<meta property=\"og:image\" content=\"https:\/\/www.desenhoonline.com\/site\/wp-content\/uploads\/Show-do-Mang\u00e1-Desenho-Online-Podcast.png\" \/>\n<meta name=\"twitter:label1\" content=\"Est. tempo de leitura\" \/>\n\t<meta name=\"twitter:data1\" content=\"1 minuto\" \/>\n<script type=\"application\/ld+json\" class=\"yoast-schema-graph\">{\"@context\":\"https:\\\/\\\/schema.org\",\"@graph\":[{\"@type\":\"WebPage\",\"@id\":\"https:\\\/\\\/www.desenhoonline.com\\\/site\\\/show-do-manga\\\/\",\"url\":\"https:\\\/\\\/www.desenhoonline.com\\\/site\\\/show-do-manga\\\/\",\"name\":\"Show do Mang\u00e1 - Desenho Online\",\"isPartOf\":{\"@id\":\"https:\\\/\\\/www.desenhoonline.com\\\/site\\\/#website\"},\"datePublished\":\"2020-02-10T16:31:52+00:00\",\"dateModified\":\"2020-04-20T22:44:22+00:00\",\"description\":\"Um programa de perguntas e respostas promovido pelo site desenhoonline.com, dedicado a divulgar o mang\u00e1, principalmente os autores do mang\u00e1 nacional e\",\"breadcrumb\":{\"@id\":\"https:\\\/\\\/www.desenhoonline.com\\\/site\\\/show-do-manga\\\/#breadcrumb\"},\"inLanguage\":\"pt-BR\",\"potentialAction\":[{\"@type\":\"ReadAction\",\"target\":[\"https:\\\/\\\/www.desenhoonline.com\\\/site\\\/show-do-manga\\\/\"]}]},{\"@type\":\"BreadcrumbList\",\"@id\":\"https:\\\/\\\/www.desenhoonline.com\\\/site\\\/show-do-manga\\\/#breadcrumb\",\"itemListElement\":[{\"@type\":\"ListItem\",\"position\":1,\"name\":\"Home\",\"item\":\"https:\\\/\\\/www.desenhoonline.com\\\/site\\\/\"},{\"@type\":\"ListItem\",\"position\":2,\"name\":\"Show do Mang\u00e1\"}]},{\"@type\":\"WebSite\",\"@id\":\"https:\\\/\\\/www.desenhoonline.com\\\/site\\\/#website\",\"url\":\"https:\\\/\\\/www.desenhoonline.com\\\/site\\\/\",\"name\":\"Desenho Online\",\"description\":\"Desenho Online - Curso de desenho, downloads, dicas e not\u00edcias.\",\"publisher\":{\"@id\":\"https:\\\/\\\/www.desenhoonline.com\\\/site\\\/#\\\/schema\\\/person\\\/e2d666b91c39a2cbd5f74666a176d3c3\"},\"potentialAction\":[{\"@type\":\"SearchAction\",\"target\":{\"@type\":\"EntryPoint\",\"urlTemplate\":\"https:\\\/\\\/www.desenhoonline.com\\\/site\\\/?s={search_term_string}\"},\"query-input\":{\"@type\":\"PropertyValueSpecification\",\"valueRequired\":true,\"valueName\":\"search_term_string\"}}],\"inLanguage\":\"pt-BR\"},{\"@type\":[\"Person\",\"Organization\"],\"@id\":\"https:\\\/\\\/www.desenhoonline.com\\\/site\\\/#\\\/schema\\\/person\\\/e2d666b91c39a2cbd5f74666a176d3c3\",\"name\":\"Mateus Machado\",\"image\":{\"@type\":\"ImageObject\",\"inLanguage\":\"pt-BR\",\"@id\":\"https:\\\/\\\/www.desenhoonline.com\\\/site\\\/wp-content\\\/uploads\\\/Mateus-Machado-Desenhista-Desenho-Online-1.jpg\",\"url\":\"https:\\\/\\\/www.desenhoonline.com\\\/site\\\/wp-content\\\/uploads\\\/Mateus-Machado-Desenhista-Desenho-Online-1.jpg\",\"contentUrl\":\"https:\\\/\\\/www.desenhoonline.com\\\/site\\\/wp-content\\\/uploads\\\/Mateus-Machado-Desenhista-Desenho-Online-1.jpg\",\"width\":200,\"height\":200,\"caption\":\"Mateus Machado\"},\"logo\":{\"@id\":\"https:\\\/\\\/www.desenhoonline.com\\\/site\\\/wp-content\\\/uploads\\\/Mateus-Machado-Desenhista-Desenho-Online-1.jpg\"},\"description\":\"Um curioso aspirante da filosofia que curte aprender um pouco de tudo, seja de ci\u00eancia, arte, religi\u00e3o ou filosofia. Artista Pl\u00e1stico, Designer Gr\u00e1fico e Blogueiro.\",\"sameAs\":[\"http:\\\/\\\/www.desenhoonline.com\",\"https:\\\/\\\/www.facebook.com\\\/mateusmachadocustodio\"]}]}<\/script>\n<!-- \/ Yoast SEO plugin. -->","yoast_head_json":{"title":"Show do Mang\u00e1 - Desenho Online","description":"Um programa de perguntas e respostas promovido pelo site desenhoonline.com, dedicado a divulgar o mang\u00e1, principalmente os autores do mang\u00e1 nacional e","robots":{"index":"index","follow":"follow","max-snippet":"max-snippet:-1","max-image-preview":"max-image-preview:large","max-video-preview":"max-video-preview:-1"},"canonical":"https:\/\/www.desenhoonline.com\/site\/show-do-manga\/","og_locale":"pt_BR","og_type":"article","og_title":"Show do Mang\u00e1 - Desenho Online","og_description":"Um programa de perguntas e respostas promovido pelo site desenhoonline.com, dedicado a divulgar o mang\u00e1, principalmente os autores do mang\u00e1 nacional e","og_url":"https:\/\/www.desenhoonline.com\/site\/show-do-manga\/","og_site_name":"Desenho Online","article_publisher":"https:\/\/www.facebook.com\/mateusmachadocustodio","article_modified_time":"2020-04-20T22:44:22+00:00","og_image":[{"url":"https:\/\/www.desenhoonline.com\/site\/wp-content\/uploads\/Show-do-Mang\u00e1-Desenho-Online-Podcast.png","type":"","width":"","height":""}],"twitter_misc":{"Est. tempo de leitura":"1 minuto"},"schema":{"@context":"https:\/\/schema.org","@graph":[{"@type":"WebPage","@id":"https:\/\/www.desenhoonline.com\/site\/show-do-manga\/","url":"https:\/\/www.desenhoonline.com\/site\/show-do-manga\/","name":"Show do Mang\u00e1 - Desenho Online","isPartOf":{"@id":"https:\/\/www.desenhoonline.com\/site\/#website"},"datePublished":"2020-02-10T16:31:52+00:00","dateModified":"2020-04-20T22:44:22+00:00","description":"Um programa de perguntas e respostas promovido pelo site desenhoonline.com, dedicado a divulgar o mang\u00e1, principalmente os autores do mang\u00e1 nacional e","breadcrumb":{"@id":"https:\/\/www.desenhoonline.com\/site\/show-do-manga\/#breadcrumb"},"inLanguage":"pt-BR","potentialAction":[{"@type":"ReadAction","target":["https:\/\/www.desenhoonline.com\/site\/show-do-manga\/"]}]},{"@type":"BreadcrumbList","@id":"https:\/\/www.desenhoonline.com\/site\/show-do-manga\/#breadcrumb","itemListElement":[{"@type":"ListItem","position":1,"name":"Home","item":"https:\/\/www.desenhoonline.com\/site\/"},{"@type":"ListItem","position":2,"name":"Show do Mang\u00e1"}]},{"@type":"WebSite","@id":"https:\/\/www.desenhoonline.com\/site\/#website","url":"https:\/\/www.desenhoonline.com\/site\/","name":"Desenho Online","description":"Desenho Online - Curso de desenho, downloads, dicas e not\u00edcias.","publisher":{"@id":"https:\/\/www.desenhoonline.com\/site\/#\/schema\/person\/e2d666b91c39a2cbd5f74666a176d3c3"},"potentialAction":[{"@type":"SearchAction","target":{"@type":"EntryPoint","urlTemplate":"https:\/\/www.desenhoonline.com\/site\/?s={search_term_string}"},"query-input":{"@type":"PropertyValueSpecification","valueRequired":true,"valueName":"search_term_string"}}],"inLanguage":"pt-BR"},{"@type":["Person","Organization"],"@id":"https:\/\/www.desenhoonline.com\/site\/#\/schema\/person\/e2d666b91c39a2cbd5f74666a176d3c3","name":"Mateus Machado","image":{"@type":"ImageObject","inLanguage":"pt-BR","@id":"https:\/\/www.desenhoonline.com\/site\/wp-content\/uploads\/Mateus-Machado-Desenhista-Desenho-Online-1.jpg","url":"https:\/\/www.desenhoonline.com\/site\/wp-content\/uploads\/Mateus-Machado-Desenhista-Desenho-Online-1.jpg","contentUrl":"https:\/\/www.desenhoonline.com\/site\/wp-content\/uploads\/Mateus-Machado-Desenhista-Desenho-Online-1.jpg","width":200,"height":200,"caption":"Mateus Machado"},"logo":{"@id":"https:\/\/www.desenhoonline.com\/site\/wp-content\/uploads\/Mateus-Machado-Desenhista-Desenho-Online-1.jpg"},"description":"Um curioso aspirante da filosofia que curte aprender um pouco de tudo, seja de ci\u00eancia, arte, religi\u00e3o ou filosofia. Artista Pl\u00e1stico, Designer Gr\u00e1fico e Blogueiro.","sameAs":["http:\/\/www.desenhoonline.com","https:\/\/www.facebook.com\/mateusmachadocustodio"]}]}},"jetpack_sharing_enabled":true,"_links":{"self":[{"href":"https:\/\/www.desenhoonline.com\/site\/wp-json\/wp\/v2\/pages\/32398","targetHints":{"allow":["GET"]}}],"collection":[{"href":"https:\/\/www.desenhoonline.com\/site\/wp-json\/wp\/v2\/pages"}],"about":[{"href":"https:\/\/www.desenhoonline.com\/site\/wp-json\/wp\/v2\/types\/page"}],"author":[{"embeddable":true,"href":"https:\/\/www.desenhoonline.com\/site\/wp-json\/wp\/v2\/users\/8"}],"replies":[{"embeddable":true,"href":"https:\/\/www.desenhoonline.com\/site\/wp-json\/wp\/v2\/comments?post=32398"}],"version-history":[{"count":0,"href":"https:\/\/www.desenhoonline.com\/site\/wp-json\/wp\/v2\/pages\/32398\/revisions"}],"wp:attachment":[{"href":"https:\/\/www.desenhoonline.com\/site\/wp-json\/wp\/v2\/media?parent=32398"}],"curies":[{"name":"wp","href":"https:\/\/api.w.org\/{rel}","templated":true}]}}