{"id":29146,"date":"2017-11-03T17:58:14","date_gmt":"2017-11-03T20:58:14","guid":{"rendered":"http:\/\/www.desenhoonline.com\/site\/?page_id=29146"},"modified":"2025-07-24T16:26:40","modified_gmt":"2025-07-24T19:26:40","slug":"livros-do-mateus","status":"publish","type":"page","link":"https:\/\/www.desenhoonline.com\/site\/livros-do-mateus\/","title":{"rendered":"Livros do Mateus Machado"},"content":{"rendered":"\n<p>Nesta se\u00e7\u00e3o, voc\u00ea confere os livros lan\u00e7ados pelo autor Mateus Machado&#8230;<\/p>\n\n\n\n<!--more-->\n\n\n\n<div style=\"height:100px\" aria-hidden=\"true\" class=\"wp-block-spacer\"><\/div>\n\n\n\n<h3 class=\"wp-block-heading\" id=\"como-desenhar-chibi\">Como Desenhar Chibi<\/h3>\n\n\n\n<p><em>Para quem adora desenhar no tra\u00e7o do mang\u00e1 chibi e pretende dar vida a um fant\u00e1stico mundo de emo\u00e7\u00e3o e sentimentalismo, este e-book \u00e9 um prato cheio. Indicado para iniciantes e desenhistas veteranos.<\/em><\/p>\n\n\n\n<p><a href=\"http:\/\/www.desenhoonline.com\/site\/livros-do-mateus\/desenhista-como-ganhar-dinheiro-com-seu-talento\/\" target=\"_blank\" rel=\"noopener\"><\/a><a href=\"https:\/\/pay.hotmart.com\/F51504963V?off=au16tlvw&amp;checkoutMode=10\" target=\"_blank\" rel=\"noreferrer noopener\"><\/a><a href=\"https:\/\/desenho-online.herospark.co\/como-desenhar-chibi\" target=\"_blank\" rel=\"noreferrer noopener\">Clique aqui e adquira j\u00e1 o seu <\/a>&#8211; ><\/p>\n\n\n\n<figure class=\"wp-block-image aligncenter size-full is-resized\"><a href=\"https:\/\/pay.hotmart.com\/F51504963V?off=au16tlvw&amp;checkoutMode=10\" target=\"_blank\" rel=\"noopener\"><img fetchpriority=\"high\" decoding=\"async\" width=\"619\" height=\"542\" src=\"https:\/\/www.desenhoonline.com\/site\/wp-content\/uploads\/Ebook-Como-desenhar-Manga-Chibi-Mateus-Machado_.png\" alt=\"\" class=\"wp-image-35912\" style=\"width:353px;height:auto\" srcset=\"https:\/\/www.desenhoonline.com\/site\/wp-content\/uploads\/Ebook-Como-desenhar-Manga-Chibi-Mateus-Machado_.png 619w, https:\/\/www.desenhoonline.com\/site\/wp-content\/uploads\/Ebook-Como-desenhar-Manga-Chibi-Mateus-Machado_-300x263.png 300w\" sizes=\"(max-width: 619px) 100vw, 619px\" \/><\/a><\/figure>\n\n\n\n<div style=\"height:100px\" aria-hidden=\"true\" class=\"wp-block-spacer\"><\/div>\n\n\n\n<h3 class=\"wp-block-heading\" id=\"como-desenhar-manga-shounen\">Como Desenhar Mang\u00e1 Shounen<\/h3>\n\n\n\n<p><em>Esta obra \u00e9 direcionada aos amantes do tra\u00e7o mang\u00e1 Shounen, visando ensinar a desenhar a figura desde as formas b\u00e1sicas, estudando por partes, at\u00e9 o estudo da anatomia humana em sua totalidade.<\/em><\/p>\n\n\n\n<p><a href=\"https:\/\/pay.hotmart.com\/G51605285T?off=f3nxebyq&amp;checkoutMode=10\" target=\"_blank\" rel=\"noreferrer noopener\"><\/a><a href=\"https:\/\/desenho-online.herospark.co\/como-desenhar-manga-shounen\" target=\"_blank\" rel=\"noreferrer noopener\">Clique aqui e adquira j\u00e1 o seu<\/a> &#8211; ><\/p>\n\n\n\n<figure class=\"wp-block-image aligncenter size-full is-resized\"><a href=\"https:\/\/pay.hotmart.com\/G51605285T?off=f3nxebyq&amp;checkoutMode=10\" target=\"_blank\" rel=\"noopener\"><img decoding=\"async\" width=\"619\" height=\"542\" src=\"https:\/\/www.desenhoonline.com\/site\/wp-content\/uploads\/Ebook-Como-desenhar-Manga-Shounen-Mateus-Machado_.png\" alt=\"\" class=\"wp-image-35966\" style=\"width:361px;height:auto\" srcset=\"https:\/\/www.desenhoonline.com\/site\/wp-content\/uploads\/Ebook-Como-desenhar-Manga-Shounen-Mateus-Machado_.png 619w, https:\/\/www.desenhoonline.com\/site\/wp-content\/uploads\/Ebook-Como-desenhar-Manga-Shounen-Mateus-Machado_-300x263.png 300w\" sizes=\"(max-width: 619px) 100vw, 619px\" \/><\/a><\/figure>\n\n\n\n<div style=\"height:100px\" aria-hidden=\"true\" class=\"wp-block-spacer\"><\/div>\n\n\n\n<h3 class=\"wp-block-heading\" id=\"desenhista-como-ganhar-dinheiro-com-seu-talento\">Desenhista Como Ganhar Dinheiro Com Seu Talento<\/h3>\n\n\n\n<p><em>Um livro que vai revolucionar a sua maneira de encarar a profiss\u00e3o desenhista!&nbsp;Publicado pela Editora Criativo.<\/em><\/p>\n\n\n\n<p><a href=\"https:\/\/produto.mercadolivre.com.br\/MLB-3686800718-livro-desenhista-como-ganhar-dinheiro-com-seu-talento-_JM\" target=\"_blank\" rel=\"noreferrer noopener\">Clique aqui e adquira j\u00e1 o seu &#8211; &gt;<\/a><\/p>\n\n\n\n<figure class=\"wp-block-image aligncenter size-full is-resized\"><a href=\"https:\/\/produto.mercadolivre.com.br\/MLB-3686800718-livro-desenhista-como-ganhar-dinheiro-com-seu-talento-_JM\" target=\"_blank\" rel=\"noopener\"><img decoding=\"async\" width=\"800\" height=\"500\" src=\"https:\/\/www.desenhoonline.com\/site\/wp-content\/uploads\/Desenhista-Como-Ganhar-Dinheiro-Com-Seu-Talento-Livro-Lan\u00e7amento.png\" alt=\"\" class=\"wp-image-29256\" style=\"width:476px;height:auto\" srcset=\"https:\/\/www.desenhoonline.com\/site\/wp-content\/uploads\/Desenhista-Como-Ganhar-Dinheiro-Com-Seu-Talento-Livro-Lan\u00e7amento.png 800w, https:\/\/www.desenhoonline.com\/site\/wp-content\/uploads\/Desenhista-Como-Ganhar-Dinheiro-Com-Seu-Talento-Livro-Lan\u00e7amento-300x188.png 300w\" sizes=\"(max-width: 800px) 100vw, 800px\" \/><\/a><\/figure>\n\n\n\n<div style=\"height:100px\" aria-hidden=\"true\" class=\"wp-block-spacer\"><\/div>\n\n\n\n<h3 class=\"wp-block-heading\">Sketchbook Custom Mateus Machado<\/h3>\n\n\n\n<p><em>Um \u00e1lbum que re\u00fane dezenas de esbo\u00e7os do artista desde a forma prim\u00e1ria at\u00e9 momentos mais detalhados de sua cria\u00e7\u00e3o.<\/em><\/p>\n\n\n\n<p><a href=\"https:\/\/produto.mercadolivre.com.br\/MLB-3677594655-mateus-machado-sketchbook-custom-_JM\" target=\"_blank\" rel=\"noreferrer noopener\"><\/a><a href=\"https:\/\/produto.mercadolivre.com.br\/MLB-3677594655-mateus-machado-sketchbook-custom-_JM\">Clique aqui e adquira j\u00e1 o seu<\/a> &#8211; &gt;<\/p>\n\n\n\n<figure class=\"wp-block-image aligncenter size-full is-resized\"><a href=\"https:\/\/www.desenhoonline.com\/site\/wp-content\/uploads\/Sketchbook-Custom-Editora-Criativo-Mateus-Machado.png\"><img loading=\"lazy\" decoding=\"async\" width=\"700\" height=\"700\" src=\"https:\/\/www.desenhoonline.com\/site\/wp-content\/uploads\/Sketchbook-Custom-Editora-Criativo-Mateus-Machado.png\" alt=\"\" class=\"wp-image-43787\" style=\"width:256px;height:auto\" srcset=\"https:\/\/www.desenhoonline.com\/site\/wp-content\/uploads\/Sketchbook-Custom-Editora-Criativo-Mateus-Machado.png 700w, https:\/\/www.desenhoonline.com\/site\/wp-content\/uploads\/Sketchbook-Custom-Editora-Criativo-Mateus-Machado-300x300.png 300w, https:\/\/www.desenhoonline.com\/site\/wp-content\/uploads\/Sketchbook-Custom-Editora-Criativo-Mateus-Machado-150x150.png 150w, https:\/\/www.desenhoonline.com\/site\/wp-content\/uploads\/Sketchbook-Custom-Editora-Criativo-Mateus-Machado-230x230.png 230w, https:\/\/www.desenhoonline.com\/site\/wp-content\/uploads\/Sketchbook-Custom-Editora-Criativo-Mateus-Machado-350x350.png 350w, https:\/\/www.desenhoonline.com\/site\/wp-content\/uploads\/Sketchbook-Custom-Editora-Criativo-Mateus-Machado-480x480.png 480w, https:\/\/www.desenhoonline.com\/site\/wp-content\/uploads\/Sketchbook-Custom-Editora-Criativo-Mateus-Machado-420x420.png 420w, https:\/\/www.desenhoonline.com\/site\/wp-content\/uploads\/Sketchbook-Custom-Editora-Criativo-Mateus-Machado-100x100.png 100w\" sizes=\"(max-width: 700px) 100vw, 700px\" \/><\/a><\/figure>\n","protected":false},"excerpt":{"rendered":"<p>Nesta se\u00e7\u00e3o, voc\u00ea confere os livros lan\u00e7ados pelo autor Mateus Machado&#8230;<\/p>\n","protected":false},"author":8,"featured_media":0,"parent":0,"menu_order":0,"comment_status":"open","ping_status":"closed","template":"","meta":{"footnotes":""},"class_list":["post-29146","page","type-page","status-publish","hentry"],"yoast_head":"<!-- This site is optimized with the Yoast SEO plugin v27.4 - https:\/\/yoast.com\/product\/yoast-seo-wordpress\/ -->\n<title>Livros do Mateus Machado - Desenho Online<\/title>\n<meta name=\"description\" content=\"Nesta se\u00e7\u00e3o, voc\u00ea confere os livros lan\u00e7ados pelo autor Mateus Machado... Como Desenhar Chibi Para quem adora desenhar no tra\u00e7o do mang\u00e1 chibi e pretende\" \/>\n<meta name=\"robots\" content=\"index, follow, max-snippet:-1, max-image-preview:large, max-video-preview:-1\" \/>\n<link rel=\"canonical\" href=\"https:\/\/www.desenhoonline.com\/site\/livros-do-mateus\/\" \/>\n<meta property=\"og:locale\" content=\"pt_BR\" \/>\n<meta property=\"og:type\" content=\"article\" \/>\n<meta property=\"og:title\" content=\"Livros do Mateus Machado - Desenho Online\" \/>\n<meta property=\"og:description\" content=\"Nesta se\u00e7\u00e3o, voc\u00ea confere os livros lan\u00e7ados pelo autor Mateus Machado... Como Desenhar Chibi Para quem adora desenhar no tra\u00e7o do mang\u00e1 chibi e pretende\" \/>\n<meta property=\"og:url\" content=\"https:\/\/www.desenhoonline.com\/site\/livros-do-mateus\/\" \/>\n<meta property=\"og:site_name\" content=\"Desenho Online\" \/>\n<meta property=\"article:publisher\" content=\"https:\/\/www.facebook.com\/mateusmachadocustodio\" \/>\n<meta property=\"article:modified_time\" content=\"2025-07-24T19:26:40+00:00\" \/>\n<meta property=\"og:image\" content=\"https:\/\/www.desenhoonline.com\/site\/wp-content\/uploads\/Ebook-Como-desenhar-Manga-Chibi-Mateus-Machado_.png\" \/>\n\t<meta property=\"og:image:width\" content=\"619\" \/>\n\t<meta property=\"og:image:height\" content=\"542\" \/>\n\t<meta property=\"og:image:type\" content=\"image\/png\" \/>\n<meta name=\"twitter:label1\" content=\"Est. tempo de leitura\" \/>\n\t<meta name=\"twitter:data1\" content=\"2 minutos\" \/>\n<script type=\"application\/ld+json\" class=\"yoast-schema-graph\">{\"@context\":\"https:\\\/\\\/schema.org\",\"@graph\":[{\"@type\":\"WebPage\",\"@id\":\"https:\\\/\\\/www.desenhoonline.com\\\/site\\\/livros-do-mateus\\\/\",\"url\":\"https:\\\/\\\/www.desenhoonline.com\\\/site\\\/livros-do-mateus\\\/\",\"name\":\"Livros do Mateus Machado - Desenho Online\",\"isPartOf\":{\"@id\":\"https:\\\/\\\/www.desenhoonline.com\\\/site\\\/#website\"},\"primaryImageOfPage\":{\"@id\":\"https:\\\/\\\/www.desenhoonline.com\\\/site\\\/livros-do-mateus\\\/#primaryimage\"},\"image\":{\"@id\":\"https:\\\/\\\/www.desenhoonline.com\\\/site\\\/livros-do-mateus\\\/#primaryimage\"},\"thumbnailUrl\":\"https:\\\/\\\/www.desenhoonline.com\\\/site\\\/wp-content\\\/uploads\\\/Ebook-Como-desenhar-Manga-Chibi-Mateus-Machado_.png\",\"datePublished\":\"2017-11-03T20:58:14+00:00\",\"dateModified\":\"2025-07-24T19:26:40+00:00\",\"description\":\"Nesta se\u00e7\u00e3o, voc\u00ea confere os livros lan\u00e7ados pelo autor Mateus Machado... Como Desenhar Chibi Para quem adora desenhar no tra\u00e7o do mang\u00e1 chibi e pretende\",\"breadcrumb\":{\"@id\":\"https:\\\/\\\/www.desenhoonline.com\\\/site\\\/livros-do-mateus\\\/#breadcrumb\"},\"inLanguage\":\"pt-BR\",\"potentialAction\":[{\"@type\":\"ReadAction\",\"target\":[\"https:\\\/\\\/www.desenhoonline.com\\\/site\\\/livros-do-mateus\\\/\"]}]},{\"@type\":\"ImageObject\",\"inLanguage\":\"pt-BR\",\"@id\":\"https:\\\/\\\/www.desenhoonline.com\\\/site\\\/livros-do-mateus\\\/#primaryimage\",\"url\":\"https:\\\/\\\/www.desenhoonline.com\\\/site\\\/wp-content\\\/uploads\\\/Ebook-Como-desenhar-Manga-Chibi-Mateus-Machado_.png\",\"contentUrl\":\"https:\\\/\\\/www.desenhoonline.com\\\/site\\\/wp-content\\\/uploads\\\/Ebook-Como-desenhar-Manga-Chibi-Mateus-Machado_.png\"},{\"@type\":\"BreadcrumbList\",\"@id\":\"https:\\\/\\\/www.desenhoonline.com\\\/site\\\/livros-do-mateus\\\/#breadcrumb\",\"itemListElement\":[{\"@type\":\"ListItem\",\"position\":1,\"name\":\"Home\",\"item\":\"https:\\\/\\\/www.desenhoonline.com\\\/site\\\/\"},{\"@type\":\"ListItem\",\"position\":2,\"name\":\"Livros do Mateus Machado\"}]},{\"@type\":\"WebSite\",\"@id\":\"https:\\\/\\\/www.desenhoonline.com\\\/site\\\/#website\",\"url\":\"https:\\\/\\\/www.desenhoonline.com\\\/site\\\/\",\"name\":\"Desenho Online\",\"description\":\"Desenho Online - Curso de desenho, downloads, dicas e not\u00edcias.\",\"publisher\":{\"@id\":\"https:\\\/\\\/www.desenhoonline.com\\\/site\\\/#\\\/schema\\\/person\\\/e2d666b91c39a2cbd5f74666a176d3c3\"},\"potentialAction\":[{\"@type\":\"SearchAction\",\"target\":{\"@type\":\"EntryPoint\",\"urlTemplate\":\"https:\\\/\\\/www.desenhoonline.com\\\/site\\\/?s={search_term_string}\"},\"query-input\":{\"@type\":\"PropertyValueSpecification\",\"valueRequired\":true,\"valueName\":\"search_term_string\"}}],\"inLanguage\":\"pt-BR\"},{\"@type\":[\"Person\",\"Organization\"],\"@id\":\"https:\\\/\\\/www.desenhoonline.com\\\/site\\\/#\\\/schema\\\/person\\\/e2d666b91c39a2cbd5f74666a176d3c3\",\"name\":\"Mateus Machado\",\"image\":{\"@type\":\"ImageObject\",\"inLanguage\":\"pt-BR\",\"@id\":\"https:\\\/\\\/www.desenhoonline.com\\\/site\\\/wp-content\\\/uploads\\\/Mateus-Machado-Desenhista-Desenho-Online-1.jpg\",\"url\":\"https:\\\/\\\/www.desenhoonline.com\\\/site\\\/wp-content\\\/uploads\\\/Mateus-Machado-Desenhista-Desenho-Online-1.jpg\",\"contentUrl\":\"https:\\\/\\\/www.desenhoonline.com\\\/site\\\/wp-content\\\/uploads\\\/Mateus-Machado-Desenhista-Desenho-Online-1.jpg\",\"width\":200,\"height\":200,\"caption\":\"Mateus Machado\"},\"logo\":{\"@id\":\"https:\\\/\\\/www.desenhoonline.com\\\/site\\\/wp-content\\\/uploads\\\/Mateus-Machado-Desenhista-Desenho-Online-1.jpg\"},\"description\":\"Um curioso aspirante da filosofia que curte aprender um pouco de tudo, seja de ci\u00eancia, arte, religi\u00e3o ou filosofia. Artista Pl\u00e1stico, Designer Gr\u00e1fico e Blogueiro.\",\"sameAs\":[\"http:\\\/\\\/www.desenhoonline.com\",\"https:\\\/\\\/www.facebook.com\\\/mateusmachadocustodio\"]}]}<\/script>\n<!-- \/ Yoast SEO plugin. -->","yoast_head_json":{"title":"Livros do Mateus Machado - Desenho Online","description":"Nesta se\u00e7\u00e3o, voc\u00ea confere os livros lan\u00e7ados pelo autor Mateus Machado... Como Desenhar Chibi Para quem adora desenhar no tra\u00e7o do mang\u00e1 chibi e pretende","robots":{"index":"index","follow":"follow","max-snippet":"max-snippet:-1","max-image-preview":"max-image-preview:large","max-video-preview":"max-video-preview:-1"},"canonical":"https:\/\/www.desenhoonline.com\/site\/livros-do-mateus\/","og_locale":"pt_BR","og_type":"article","og_title":"Livros do Mateus Machado - Desenho Online","og_description":"Nesta se\u00e7\u00e3o, voc\u00ea confere os livros lan\u00e7ados pelo autor Mateus Machado... Como Desenhar Chibi Para quem adora desenhar no tra\u00e7o do mang\u00e1 chibi e pretende","og_url":"https:\/\/www.desenhoonline.com\/site\/livros-do-mateus\/","og_site_name":"Desenho Online","article_publisher":"https:\/\/www.facebook.com\/mateusmachadocustodio","article_modified_time":"2025-07-24T19:26:40+00:00","og_image":[{"width":619,"height":542,"url":"https:\/\/www.desenhoonline.com\/site\/wp-content\/uploads\/Ebook-Como-desenhar-Manga-Chibi-Mateus-Machado_.png","type":"image\/png"}],"twitter_misc":{"Est. tempo de leitura":"2 minutos"},"schema":{"@context":"https:\/\/schema.org","@graph":[{"@type":"WebPage","@id":"https:\/\/www.desenhoonline.com\/site\/livros-do-mateus\/","url":"https:\/\/www.desenhoonline.com\/site\/livros-do-mateus\/","name":"Livros do Mateus Machado - Desenho Online","isPartOf":{"@id":"https:\/\/www.desenhoonline.com\/site\/#website"},"primaryImageOfPage":{"@id":"https:\/\/www.desenhoonline.com\/site\/livros-do-mateus\/#primaryimage"},"image":{"@id":"https:\/\/www.desenhoonline.com\/site\/livros-do-mateus\/#primaryimage"},"thumbnailUrl":"https:\/\/www.desenhoonline.com\/site\/wp-content\/uploads\/Ebook-Como-desenhar-Manga-Chibi-Mateus-Machado_.png","datePublished":"2017-11-03T20:58:14+00:00","dateModified":"2025-07-24T19:26:40+00:00","description":"Nesta se\u00e7\u00e3o, voc\u00ea confere os livros lan\u00e7ados pelo autor Mateus Machado... Como Desenhar Chibi Para quem adora desenhar no tra\u00e7o do mang\u00e1 chibi e pretende","breadcrumb":{"@id":"https:\/\/www.desenhoonline.com\/site\/livros-do-mateus\/#breadcrumb"},"inLanguage":"pt-BR","potentialAction":[{"@type":"ReadAction","target":["https:\/\/www.desenhoonline.com\/site\/livros-do-mateus\/"]}]},{"@type":"ImageObject","inLanguage":"pt-BR","@id":"https:\/\/www.desenhoonline.com\/site\/livros-do-mateus\/#primaryimage","url":"https:\/\/www.desenhoonline.com\/site\/wp-content\/uploads\/Ebook-Como-desenhar-Manga-Chibi-Mateus-Machado_.png","contentUrl":"https:\/\/www.desenhoonline.com\/site\/wp-content\/uploads\/Ebook-Como-desenhar-Manga-Chibi-Mateus-Machado_.png"},{"@type":"BreadcrumbList","@id":"https:\/\/www.desenhoonline.com\/site\/livros-do-mateus\/#breadcrumb","itemListElement":[{"@type":"ListItem","position":1,"name":"Home","item":"https:\/\/www.desenhoonline.com\/site\/"},{"@type":"ListItem","position":2,"name":"Livros do Mateus Machado"}]},{"@type":"WebSite","@id":"https:\/\/www.desenhoonline.com\/site\/#website","url":"https:\/\/www.desenhoonline.com\/site\/","name":"Desenho Online","description":"Desenho Online - Curso de desenho, downloads, dicas e not\u00edcias.","publisher":{"@id":"https:\/\/www.desenhoonline.com\/site\/#\/schema\/person\/e2d666b91c39a2cbd5f74666a176d3c3"},"potentialAction":[{"@type":"SearchAction","target":{"@type":"EntryPoint","urlTemplate":"https:\/\/www.desenhoonline.com\/site\/?s={search_term_string}"},"query-input":{"@type":"PropertyValueSpecification","valueRequired":true,"valueName":"search_term_string"}}],"inLanguage":"pt-BR"},{"@type":["Person","Organization"],"@id":"https:\/\/www.desenhoonline.com\/site\/#\/schema\/person\/e2d666b91c39a2cbd5f74666a176d3c3","name":"Mateus Machado","image":{"@type":"ImageObject","inLanguage":"pt-BR","@id":"https:\/\/www.desenhoonline.com\/site\/wp-content\/uploads\/Mateus-Machado-Desenhista-Desenho-Online-1.jpg","url":"https:\/\/www.desenhoonline.com\/site\/wp-content\/uploads\/Mateus-Machado-Desenhista-Desenho-Online-1.jpg","contentUrl":"https:\/\/www.desenhoonline.com\/site\/wp-content\/uploads\/Mateus-Machado-Desenhista-Desenho-Online-1.jpg","width":200,"height":200,"caption":"Mateus Machado"},"logo":{"@id":"https:\/\/www.desenhoonline.com\/site\/wp-content\/uploads\/Mateus-Machado-Desenhista-Desenho-Online-1.jpg"},"description":"Um curioso aspirante da filosofia que curte aprender um pouco de tudo, seja de ci\u00eancia, arte, religi\u00e3o ou filosofia. Artista Pl\u00e1stico, Designer Gr\u00e1fico e Blogueiro.","sameAs":["http:\/\/www.desenhoonline.com","https:\/\/www.facebook.com\/mateusmachadocustodio"]}]}},"jetpack_sharing_enabled":true,"_links":{"self":[{"href":"https:\/\/www.desenhoonline.com\/site\/wp-json\/wp\/v2\/pages\/29146","targetHints":{"allow":["GET"]}}],"collection":[{"href":"https:\/\/www.desenhoonline.com\/site\/wp-json\/wp\/v2\/pages"}],"about":[{"href":"https:\/\/www.desenhoonline.com\/site\/wp-json\/wp\/v2\/types\/page"}],"author":[{"embeddable":true,"href":"https:\/\/www.desenhoonline.com\/site\/wp-json\/wp\/v2\/users\/8"}],"replies":[{"embeddable":true,"href":"https:\/\/www.desenhoonline.com\/site\/wp-json\/wp\/v2\/comments?post=29146"}],"version-history":[{"count":12,"href":"https:\/\/www.desenhoonline.com\/site\/wp-json\/wp\/v2\/pages\/29146\/revisions"}],"predecessor-version":[{"id":44616,"href":"https:\/\/www.desenhoonline.com\/site\/wp-json\/wp\/v2\/pages\/29146\/revisions\/44616"}],"wp:attachment":[{"href":"https:\/\/www.desenhoonline.com\/site\/wp-json\/wp\/v2\/media?parent=29146"}],"curies":[{"name":"wp","href":"https:\/\/api.w.org\/{rel}","templated":true}]}}