{"id":28758,"date":"2017-09-26T09:50:08","date_gmt":"2017-09-26T12:50:08","guid":{"rendered":"http:\/\/www.desenhoonline.com\/site\/?page_id=28758"},"modified":"2022-12-05T22:04:25","modified_gmt":"2022-12-06T01:04:25","slug":"categorias","status":"publish","type":"page","link":"https:\/\/www.desenhoonline.com\/site\/categorias\/","title":{"rendered":"Categorias"},"content":{"rendered":"<ul class=\"wp-block-categories-list wp-block-categories\">\t<li class=\"cat-item cat-item-3718\"><a href=\"https:\/\/www.desenhoonline.com\/site\/categorias\/apoie-este-projeto\/\">Ap\u00f3ie este projeto<\/a>\n<\/li>\n\t<li class=\"cat-item cat-item-8315\"><a href=\"https:\/\/www.desenhoonline.com\/site\/categorias\/art-and-design\/\">Art &amp; Design<\/a>\n<\/li>\n\t<li class=\"cat-item cat-item-84\"><a href=\"https:\/\/www.desenhoonline.com\/site\/categorias\/artigos\/\">Artigos<\/a>\n<\/li>\n\t<li class=\"cat-item cat-item-2049\"><a href=\"https:\/\/www.desenhoonline.com\/site\/categorias\/avaliacoes-de-desenho\/\">Avalia\u00e7\u00f5es de Desenho<\/a>\n<\/li>\n\t<li class=\"cat-item cat-item-154\"><a href=\"https:\/\/www.desenhoonline.com\/site\/categorias\/biografias\/\">Biografias<\/a>\n<\/li>\n\t<li class=\"cat-item cat-item-1020\"><a href=\"https:\/\/www.desenhoonline.com\/site\/categorias\/como-desenhar\/\">Como desenhar<\/a>\n<\/li>\n\t<li class=\"cat-item cat-item-5601\"><a href=\"https:\/\/www.desenhoonline.com\/site\/categorias\/como-desenhar-com-numeros\/\">Como desenhar com n\u00fameros<\/a>\n<\/li>\n\t<li class=\"cat-item cat-item-183\"><a href=\"https:\/\/www.desenhoonline.com\/site\/categorias\/concursos-de-desenho\/\">Concursos de desenho<\/a>\n<\/li>\n\t<li class=\"cat-item cat-item-1461\"><a href=\"https:\/\/www.desenhoonline.com\/site\/categorias\/cronicas-de-um-desenhista\/\">Cr\u00f4nicas de um desenhista<\/a>\n<\/li>\n\t<li class=\"cat-item cat-item-136\"><a href=\"https:\/\/www.desenhoonline.com\/site\/categorias\/curiosidades\/\">Curiosidades<\/a>\n<\/li>\n\t<li class=\"cat-item cat-item-2378\"><a href=\"https:\/\/www.desenhoonline.com\/site\/categorias\/desenho-comentado\/\">Desenho comentado<\/a>\n<\/li>\n\t<li class=\"cat-item cat-item-204\"><a href=\"https:\/\/www.desenhoonline.com\/site\/categorias\/desenhos-para-colorir-ou-desenhar\/\">Desenhos para colorir ou desenhar<\/a>\n<\/li>\n\t<li class=\"cat-item cat-item-363\"><a href=\"https:\/\/www.desenhoonline.com\/site\/categorias\/featured\/\">Destaque<\/a>\n<\/li>\n\t<li class=\"cat-item cat-item-113\"><a href=\"https:\/\/www.desenhoonline.com\/site\/categorias\/dicas-e-utilidades\/\">Dicas e utilidades<\/a>\n<\/li>\n\t<li class=\"cat-item cat-item-1427\"><a href=\"https:\/\/www.desenhoonline.com\/site\/categorias\/dicas-para-photoshop-e-corel-draw\/\">Dicas para Photoshop e Corel Draw<\/a>\n<\/li>\n\t<li class=\"cat-item cat-item-3223\"><a href=\"https:\/\/www.desenhoonline.com\/site\/categorias\/enquetes\/\">Enquetes<\/a>\n<\/li>\n\t<li class=\"cat-item cat-item-1644\"><a href=\"https:\/\/www.desenhoonline.com\/site\/categorias\/entrevistas\/\">Entrevistas<\/a>\n<\/li>\n\t<li class=\"cat-item cat-item-161\"><a href=\"https:\/\/www.desenhoonline.com\/site\/categorias\/historia\/\">Hist\u00f3ria<\/a>\n<\/li>\n\t<li class=\"cat-item cat-item-96\"><a href=\"https:\/\/www.desenhoonline.com\/site\/categorias\/humor\/\">Humor<\/a>\n<\/li>\n\t<li class=\"cat-item cat-item-191\"><a href=\"https:\/\/www.desenhoonline.com\/site\/categorias\/noticias\/\">Not\u00edcias<\/a>\n<\/li>\n\t<li class=\"cat-item cat-item-362\"><a href=\"https:\/\/www.desenhoonline.com\/site\/categorias\/headline\/\">Novidade<\/a>\n<\/li>\n\t<li class=\"cat-item cat-item-2055\"><a href=\"https:\/\/www.desenhoonline.com\/site\/categorias\/participacoes-especiais\/\">Participa\u00e7\u00f5es Especiais<\/a>\n<\/li>\n\t<li class=\"cat-item cat-item-1637\"><a href=\"https:\/\/www.desenhoonline.com\/site\/categorias\/podcast-desenho-online\/\">Podcast Desenho Online<\/a>\n<\/li>\n\t<li class=\"cat-item cat-item-1\"><a href=\"https:\/\/www.desenhoonline.com\/site\/categorias\/promocoes\/\">Promo\u00e7\u00f5es<\/a>\n<\/li>\n\t<li class=\"cat-item cat-item-1784\"><a href=\"https:\/\/www.desenhoonline.com\/site\/categorias\/quadrinhos-independentes\/\">Quadrinhos Independentes<\/a>\n<\/li>\n\t<li class=\"cat-item cat-item-3205\"><a href=\"https:\/\/www.desenhoonline.com\/site\/categorias\/resenhas\/\">Resenhas<\/a>\n<\/li>\n\t<li class=\"cat-item cat-item-398\"><a href=\"https:\/\/www.desenhoonline.com\/site\/categorias\/livros-de-desenho\/\">Sugest\u00e3o de livros<\/a>\n<\/li>\n\t<li class=\"cat-item cat-item-2177\"><a href=\"https:\/\/www.desenhoonline.com\/site\/categorias\/testesequizzes\/\">Testes e quizzes<\/a>\n<\/li>\n\t<li class=\"cat-item cat-item-807\"><a href=\"https:\/\/www.desenhoonline.com\/site\/categorias\/tira-duvidas\/\">Tira-d\u00favidas<\/a>\n<\/li>\n\t<li class=\"cat-item cat-item-6187\"><a href=\"https:\/\/www.desenhoonline.com\/site\/categorias\/tiras\/\">Tiras<\/a>\n<\/li>\n\t<li class=\"cat-item cat-item-196\"><a href=\"https:\/\/www.desenhoonline.com\/site\/categorias\/trabalhos-do-artista\/\">Trabalhos do artista<\/a>\n<\/li>\n\t<li class=\"cat-item cat-item-442\"><a href=\"https:\/\/www.desenhoonline.com\/site\/categorias\/videos\/\">Videos<\/a>\n<\/li>\n<\/ul>","protected":false},"excerpt":{"rendered":"","protected":false},"author":8,"featured_media":0,"parent":0,"menu_order":0,"comment_status":"open","ping_status":"open","template":"","meta":{"footnotes":""},"class_list":["post-28758","page","type-page","status-publish","hentry"],"yoast_head":"<!-- This site is optimized with the Yoast SEO plugin v27.4 - https:\/\/yoast.com\/product\/yoast-seo-wordpress\/ -->\n<title>Categorias - Desenho Online<\/title>\n<meta name=\"robots\" content=\"index, follow, max-snippet:-1, max-image-preview:large, max-video-preview:-1\" \/>\n<link rel=\"canonical\" href=\"https:\/\/www.desenhoonline.com\/site\/categorias\/\" \/>\n<meta property=\"og:locale\" content=\"pt_BR\" \/>\n<meta property=\"og:type\" content=\"article\" \/>\n<meta property=\"og:title\" content=\"Categorias - Desenho Online\" \/>\n<meta property=\"og:url\" content=\"https:\/\/www.desenhoonline.com\/site\/categorias\/\" \/>\n<meta property=\"og:site_name\" content=\"Desenho Online\" \/>\n<meta property=\"article:publisher\" content=\"https:\/\/www.facebook.com\/mateusmachadocustodio\" \/>\n<meta property=\"article:modified_time\" content=\"2022-12-06T01:04:25+00:00\" \/>\n<meta property=\"og:image\" content=\"https:\/\/www.desenhoonline.com\/site\/wp-content\/uploads\/Desenho-Online-Leo.png\" \/>\n\t<meta property=\"og:image:width\" content=\"300\" \/>\n\t<meta property=\"og:image:height\" content=\"300\" \/>\n\t<meta property=\"og:image:type\" content=\"image\/png\" \/>\n<script type=\"application\/ld+json\" class=\"yoast-schema-graph\">{\"@context\":\"https:\\\/\\\/schema.org\",\"@graph\":[{\"@type\":\"WebPage\",\"@id\":\"https:\\\/\\\/www.desenhoonline.com\\\/site\\\/categorias\\\/\",\"url\":\"https:\\\/\\\/www.desenhoonline.com\\\/site\\\/categorias\\\/\",\"name\":\"Categorias - Desenho Online\",\"isPartOf\":{\"@id\":\"https:\\\/\\\/www.desenhoonline.com\\\/site\\\/#website\"},\"datePublished\":\"2017-09-26T12:50:08+00:00\",\"dateModified\":\"2022-12-06T01:04:25+00:00\",\"breadcrumb\":{\"@id\":\"https:\\\/\\\/www.desenhoonline.com\\\/site\\\/categorias\\\/#breadcrumb\"},\"inLanguage\":\"pt-BR\",\"potentialAction\":[{\"@type\":\"ReadAction\",\"target\":[\"https:\\\/\\\/www.desenhoonline.com\\\/site\\\/categorias\\\/\"]}]},{\"@type\":\"BreadcrumbList\",\"@id\":\"https:\\\/\\\/www.desenhoonline.com\\\/site\\\/categorias\\\/#breadcrumb\",\"itemListElement\":[{\"@type\":\"ListItem\",\"position\":1,\"name\":\"Home\",\"item\":\"https:\\\/\\\/www.desenhoonline.com\\\/site\\\/\"},{\"@type\":\"ListItem\",\"position\":2,\"name\":\"Categorias\"}]},{\"@type\":\"WebSite\",\"@id\":\"https:\\\/\\\/www.desenhoonline.com\\\/site\\\/#website\",\"url\":\"https:\\\/\\\/www.desenhoonline.com\\\/site\\\/\",\"name\":\"Desenho Online\",\"description\":\"Desenho Online - Curso de desenho, downloads, dicas e not\u00edcias.\",\"publisher\":{\"@id\":\"https:\\\/\\\/www.desenhoonline.com\\\/site\\\/#\\\/schema\\\/person\\\/e2d666b91c39a2cbd5f74666a176d3c3\"},\"potentialAction\":[{\"@type\":\"SearchAction\",\"target\":{\"@type\":\"EntryPoint\",\"urlTemplate\":\"https:\\\/\\\/www.desenhoonline.com\\\/site\\\/?s={search_term_string}\"},\"query-input\":{\"@type\":\"PropertyValueSpecification\",\"valueRequired\":true,\"valueName\":\"search_term_string\"}}],\"inLanguage\":\"pt-BR\"},{\"@type\":[\"Person\",\"Organization\"],\"@id\":\"https:\\\/\\\/www.desenhoonline.com\\\/site\\\/#\\\/schema\\\/person\\\/e2d666b91c39a2cbd5f74666a176d3c3\",\"name\":\"Mateus Machado\",\"image\":{\"@type\":\"ImageObject\",\"inLanguage\":\"pt-BR\",\"@id\":\"https:\\\/\\\/www.desenhoonline.com\\\/site\\\/wp-content\\\/uploads\\\/Mateus-Machado-Desenhista-Desenho-Online-1.jpg\",\"url\":\"https:\\\/\\\/www.desenhoonline.com\\\/site\\\/wp-content\\\/uploads\\\/Mateus-Machado-Desenhista-Desenho-Online-1.jpg\",\"contentUrl\":\"https:\\\/\\\/www.desenhoonline.com\\\/site\\\/wp-content\\\/uploads\\\/Mateus-Machado-Desenhista-Desenho-Online-1.jpg\",\"width\":200,\"height\":200,\"caption\":\"Mateus Machado\"},\"logo\":{\"@id\":\"https:\\\/\\\/www.desenhoonline.com\\\/site\\\/wp-content\\\/uploads\\\/Mateus-Machado-Desenhista-Desenho-Online-1.jpg\"},\"description\":\"Um curioso aspirante da filosofia que curte aprender um pouco de tudo, seja de ci\u00eancia, arte, religi\u00e3o ou filosofia. Artista Pl\u00e1stico, Designer Gr\u00e1fico e Blogueiro.\",\"sameAs\":[\"http:\\\/\\\/www.desenhoonline.com\",\"https:\\\/\\\/www.facebook.com\\\/mateusmachadocustodio\"]}]}<\/script>\n<!-- \/ Yoast SEO plugin. -->","yoast_head_json":{"title":"Categorias - Desenho Online","robots":{"index":"index","follow":"follow","max-snippet":"max-snippet:-1","max-image-preview":"max-image-preview:large","max-video-preview":"max-video-preview:-1"},"canonical":"https:\/\/www.desenhoonline.com\/site\/categorias\/","og_locale":"pt_BR","og_type":"article","og_title":"Categorias - Desenho Online","og_url":"https:\/\/www.desenhoonline.com\/site\/categorias\/","og_site_name":"Desenho Online","article_publisher":"https:\/\/www.facebook.com\/mateusmachadocustodio","article_modified_time":"2022-12-06T01:04:25+00:00","og_image":[{"width":300,"height":300,"url":"https:\/\/www.desenhoonline.com\/site\/wp-content\/uploads\/Desenho-Online-Leo.png","type":"image\/png"}],"schema":{"@context":"https:\/\/schema.org","@graph":[{"@type":"WebPage","@id":"https:\/\/www.desenhoonline.com\/site\/categorias\/","url":"https:\/\/www.desenhoonline.com\/site\/categorias\/","name":"Categorias - Desenho Online","isPartOf":{"@id":"https:\/\/www.desenhoonline.com\/site\/#website"},"datePublished":"2017-09-26T12:50:08+00:00","dateModified":"2022-12-06T01:04:25+00:00","breadcrumb":{"@id":"https:\/\/www.desenhoonline.com\/site\/categorias\/#breadcrumb"},"inLanguage":"pt-BR","potentialAction":[{"@type":"ReadAction","target":["https:\/\/www.desenhoonline.com\/site\/categorias\/"]}]},{"@type":"BreadcrumbList","@id":"https:\/\/www.desenhoonline.com\/site\/categorias\/#breadcrumb","itemListElement":[{"@type":"ListItem","position":1,"name":"Home","item":"https:\/\/www.desenhoonline.com\/site\/"},{"@type":"ListItem","position":2,"name":"Categorias"}]},{"@type":"WebSite","@id":"https:\/\/www.desenhoonline.com\/site\/#website","url":"https:\/\/www.desenhoonline.com\/site\/","name":"Desenho Online","description":"Desenho Online - Curso de desenho, downloads, dicas e not\u00edcias.","publisher":{"@id":"https:\/\/www.desenhoonline.com\/site\/#\/schema\/person\/e2d666b91c39a2cbd5f74666a176d3c3"},"potentialAction":[{"@type":"SearchAction","target":{"@type":"EntryPoint","urlTemplate":"https:\/\/www.desenhoonline.com\/site\/?s={search_term_string}"},"query-input":{"@type":"PropertyValueSpecification","valueRequired":true,"valueName":"search_term_string"}}],"inLanguage":"pt-BR"},{"@type":["Person","Organization"],"@id":"https:\/\/www.desenhoonline.com\/site\/#\/schema\/person\/e2d666b91c39a2cbd5f74666a176d3c3","name":"Mateus Machado","image":{"@type":"ImageObject","inLanguage":"pt-BR","@id":"https:\/\/www.desenhoonline.com\/site\/wp-content\/uploads\/Mateus-Machado-Desenhista-Desenho-Online-1.jpg","url":"https:\/\/www.desenhoonline.com\/site\/wp-content\/uploads\/Mateus-Machado-Desenhista-Desenho-Online-1.jpg","contentUrl":"https:\/\/www.desenhoonline.com\/site\/wp-content\/uploads\/Mateus-Machado-Desenhista-Desenho-Online-1.jpg","width":200,"height":200,"caption":"Mateus Machado"},"logo":{"@id":"https:\/\/www.desenhoonline.com\/site\/wp-content\/uploads\/Mateus-Machado-Desenhista-Desenho-Online-1.jpg"},"description":"Um curioso aspirante da filosofia que curte aprender um pouco de tudo, seja de ci\u00eancia, arte, religi\u00e3o ou filosofia. Artista Pl\u00e1stico, Designer Gr\u00e1fico e Blogueiro.","sameAs":["http:\/\/www.desenhoonline.com","https:\/\/www.facebook.com\/mateusmachadocustodio"]}]}},"jetpack_sharing_enabled":true,"_links":{"self":[{"href":"https:\/\/www.desenhoonline.com\/site\/wp-json\/wp\/v2\/pages\/28758","targetHints":{"allow":["GET"]}}],"collection":[{"href":"https:\/\/www.desenhoonline.com\/site\/wp-json\/wp\/v2\/pages"}],"about":[{"href":"https:\/\/www.desenhoonline.com\/site\/wp-json\/wp\/v2\/types\/page"}],"author":[{"embeddable":true,"href":"https:\/\/www.desenhoonline.com\/site\/wp-json\/wp\/v2\/users\/8"}],"replies":[{"embeddable":true,"href":"https:\/\/www.desenhoonline.com\/site\/wp-json\/wp\/v2\/comments?post=28758"}],"version-history":[{"count":1,"href":"https:\/\/www.desenhoonline.com\/site\/wp-json\/wp\/v2\/pages\/28758\/revisions"}],"predecessor-version":[{"id":39689,"href":"https:\/\/www.desenhoonline.com\/site\/wp-json\/wp\/v2\/pages\/28758\/revisions\/39689"}],"wp:attachment":[{"href":"https:\/\/www.desenhoonline.com\/site\/wp-json\/wp\/v2\/media?parent=28758"}],"curies":[{"name":"wp","href":"https:\/\/api.w.org\/{rel}","templated":true}]}}