{"id":24641,"date":"2016-01-06T21:49:29","date_gmt":"2016-01-07T00:49:29","guid":{"rendered":"http:\/\/www.desenhoonline.com\/site\/?page_id=24641"},"modified":"2021-08-31T09:42:16","modified_gmt":"2021-08-31T12:42:16","slug":"ideias-sustentaveis","status":"publish","type":"page","link":"https:\/\/www.desenhoonline.com\/site\/projetos\/ideias-sustentaveis\/","title":{"rendered":"Ideias Sustent\u00e1veis"},"content":{"rendered":"<p>&nbsp;<br>Que tal dar um fim \u00fatil e criativo para os seus res\u00edduos? Al\u00e9m de reaproveitarmos o que iria para o lixo, podemos economizar e criar materiais muito \u00fateis para n\u00f3s desenhistas.<\/p>\n<p>Nesta p\u00e1gina voc\u00ea ir\u00e1 conferir algumas ideias sustent\u00e1veis desenvolvidas por mim, Mateus Machado, e se quiser, tamb\u00e9m poder\u00e1 divulgar qualquer um dos projetos aqui expostos em seu blog, site ou profile, \u00e9 s\u00f3 adicionar o cr\u00e9dito ao nosso site <a href=\"http:\/\/www.desenhoonline.com\">www.desenhoonline.com<\/a>.<\/p>\n\n\n<h2 class=\"wp-block-heading\">Bico de pena de bambu<\/h2>\n\n\n\n<div class=\"wp-block-image\"><figure class=\"alignleft\"><img decoding=\"async\" width=\"230\" height=\"129\" src=\"https:\/\/www.desenhoonline.com\/site\/wp-content\/uploads\/Miniatura-Como-fazer-bico-de-pena-por-Mateus-Machado.png\" alt=\"\" class=\"wp-image-32047\"\/><\/figure><\/div>\n\n\n\n<p> Aprenda a fazer seu pr\u00f3prio bico de pena de bambu (para nanquim), passo a passo! <a rel=\"noreferrer noopener\" aria-label=\" (abre numa nova aba)\" href=\"https:\/\/www.youtube.com\/watch?v=9bzFHB-qJQY\" target=\"_blank\">Clique aqui<\/a>&nbsp;para ver as instru\u00e7\u00f5es de como fazer.<\/p>\n\n\n\n<p><\/p>\n\n\n\n<h2 class=\"wp-block-heading\">Caneta Touch<\/h2>\n\n\n\n<div class=\"wp-block-image\"><figure class=\"alignleft\"><img decoding=\"async\" width=\"230\" height=\"129\" src=\"https:\/\/www.desenhoonline.com\/site\/wp-content\/uploads\/Miniatura-Como-fazer-caneta-touch-por-Mateus-Machado.png\" alt=\"\" class=\"wp-image-32056\"\/><\/figure><\/div>\n\n\n\n<p> Aprenda como fazer caneta touch para qualquer smartphone ou tablet!  <a href=\"https:\/\/www.youtube.com\/watch?v=XuXkytadcpY\" target=\"_blank\" rel=\"noreferrer noopener\" aria-label=\" (abre numa nova aba)\">Clique aqui<\/a>&nbsp;para ver as instru\u00e7\u00f5es de como fazer. <\/p>\n\n\n\n<p><\/p>\n\n\n\n<h2 class=\"wp-block-heading\">Esfuminho<\/h2>\n\n\n\n<div class=\"wp-block-image\"><figure class=\"alignleft\"><img decoding=\"async\" width=\"230\" height=\"150\" src=\"https:\/\/www.desenhoonline.com\/site\/wp-content\/uploads\/Miniatura-Como-fazer-esfuminho-por-Mateus-Machado.png\" alt=\"\" class=\"wp-image-32042\"\/><\/figure><\/div>\n\n\n\n<p>Fa\u00e7a seus pr\u00f3prios esfuminhos! Usando apenas papel e cola! Chega de ficar gastando dinheiro!  <a href=\"https:\/\/www.youtube.com\/watch?v=B2JQ0qnvv0c\" target=\"_blank\" rel=\"noreferrer noopener\">Clique aqui<\/a>\u00a0para ver as instru\u00e7\u00f5es de como fazer.  <\/p>\n\n\n\n<p><\/p>\n\n\n\n<h2 class=\"wp-block-heading\">Extensor de l\u00e1pis<\/h2>\n\n\n\n<div class=\"wp-block-image\"><figure class=\"alignleft\"><img decoding=\"async\" src=\"https:\/\/www.desenhoonline.com\/site\/wp-content\/uploads\/Miniatura-Como-fazer-um-extensor-de-l%C3%A1pis.png\" alt=\"\"\/><\/figure><\/div>\n\n\n\n<p>Transforme marcadores permanentes (vazios) em eficientes e leves extensores de l\u00e1pis. <a rel=\"noreferrer noopener\" aria-label=\" (abre numa nova aba)\" href=\"https:\/\/www.youtube.com\/watch?v=lU57Dg3R9hg\" target=\"_blank\">Clique aqui<\/a>&nbsp;para ver as instru\u00e7\u00f5es de como fazer. <\/p>\n\n\n\n<p><\/p>\n\n\n\n<h2 class=\"wp-block-heading\">Extensor de l\u00e1pis de bambu<\/h2>\n\n\n\n<div class=\"wp-block-image\"><figure class=\"alignleft\"><img loading=\"lazy\" decoding=\"async\" width=\"230\" height=\"129\" src=\"https:\/\/www.desenhoonline.com\/site\/wp-content\/uploads\/Miniatura-Como-fazer-um-extensor-de-l\u00e1pis-de-bambu-por-mateus-machado.png\" alt=\"\" class=\"wp-image-32053\"\/><\/figure><\/div>\n\n\n\n<p>Ou fa\u00e7a um extensor de l\u00e1pis com bambu e economize uma grana com l\u00e1pis.  <a href=\"https:\/\/www.youtube.com\/watch?v=C9Om2hdiJaA\" target=\"_blank\" rel=\"noreferrer noopener\" aria-label=\" (abre numa nova aba)\">Clique aqui<\/a>&nbsp;para ver as instru\u00e7\u00f5es de como fazer.  <\/p>\n\n\n\n<p><\/p>\n\n\n\n<p><\/p>\n\n\n\n<h2 class=\"wp-block-heading\">Organizador de l\u00e1pis<\/h2>\n\n\n\n<div class=\"wp-block-image\"><figure class=\"alignleft\"><img loading=\"lazy\" decoding=\"async\" width=\"230\" height=\"129\" src=\"https:\/\/www.desenhoonline.com\/site\/wp-content\/uploads\/Miniatura-Como-fazer-organizador-de-l\u00e1pis-por-Mateus-Machado.png\" alt=\"\" class=\"wp-image-32051\"\/><\/figure><\/div>\n\n\n\n<p>Fa\u00e7a um ORGANIZADOR DE L\u00c1PIS de cor de diferentes tamanhos! Eles ir\u00e3o ficar bem acess\u00edveis e organizados.  <a href=\"https:\/\/www.youtube.com\/watch?v=CamSE6HFWGA\" target=\"_blank\" rel=\"noreferrer noopener\" aria-label=\" (abre numa nova aba)\">Clique aqui<\/a>&nbsp;para ver as instru\u00e7\u00f5es de como fazer.<\/p>\n\n\n\n<p><\/p>\n\n\n\n<h2 class=\"wp-block-heading\">Papel envelhecido<\/h2>\n\n\n\n<div class=\"wp-block-image\"><figure class=\"alignleft\"><img loading=\"lazy\" decoding=\"async\" width=\"230\" height=\"129\" src=\"https:\/\/www.desenhoonline.com\/site\/wp-content\/uploads\/Miniatura-Como-fazer-papel-envelhecido-por-Mateus-Machado.png\" alt=\"\" class=\"wp-image-32049\"\/><\/figure><\/div>\n\n\n\n<p>Envelhecer papel \u00e9 super f\u00e1cil e sustent\u00e1vel. <a rel=\"noreferrer noopener\" aria-label=\" (abre numa nova aba)\" href=\"https:\/\/www.youtube.com\/watch?v=E4qW7FWjfIQ\" target=\"_blank\">Clique aqui<\/a>&nbsp;para ver as instru\u00e7\u00f5es de como fazer.   <\/p>\n\n\n\n<p><\/p>\n\n\n\n<h2 class=\"wp-block-heading\">Sketchbook A5<\/h2>\n\n\n\n<div class=\"wp-block-image\"><figure class=\"alignleft\"><img loading=\"lazy\" decoding=\"async\" width=\"230\" height=\"129\" src=\"https:\/\/www.desenhoonline.com\/site\/wp-content\/uploads\/Miniatura-Como-fazer-sketchbook-por-Mateus-Machado.png\" alt=\"\" class=\"wp-image-32046\"\/><\/figure><\/div>\n\n\n\n<p>Que tal fazer um Sketchbook A5 em costura copta? O tutorial \u00e9 bem explicativo. <a rel=\"noreferrer noopener\" aria-label=\" (abre numa nova aba)\" href=\"https:\/\/www.youtube.com\/watch?v=69qVJljaJ-E\" target=\"_blank\">Clique aqui<\/a>&nbsp;para ver as instru\u00e7\u00f5es de como fazer.  <\/p>\n\n\n\n<p><\/p>\n\n\n\n<h2 class=\"wp-block-heading\">Bico de Pena de Bambu com tra\u00e7o vari\u00e1vel<\/h2>\n\n\n\n<div class=\"wp-block-image\"><figure class=\"alignleft\"><img loading=\"lazy\" decoding=\"async\" width=\"230\" height=\"129\" src=\"https:\/\/www.desenhoonline.com\/site\/wp-content\/uploads\/Miniatura-Como-fazer-Bico-de-pena-de-bambu-com-tra\u00e7o-vari\u00e1vel-por-Mateus-Machado.jpg\" alt=\"\" class=\"wp-image-32572\"\/><\/figure><\/div>\n\n\n\n<p> Aprenda a fazer seu pr\u00f3prio bico de pena de bambu (para nanquim) com tra\u00e7o vari\u00e1vel, passo a passo! Super simples! Para voc\u00ea desenhar ou mesmo escrever!  <a rel=\"noreferrer noopener\" aria-label=\"Clique aqui (abre numa nova aba)\" href=\"https:\/\/www.youtube.com\/watch?v=_NtaGWVmqPQ\" target=\"_blank\">Clique aqui<\/a>&nbsp;para ver as instru\u00e7\u00f5es de como fazer.   <\/p>\n\n\n\n<h2 class=\"wp-block-heading\">Cabo para bico de pena<\/h2>\n\n\n\n<div class=\"wp-block-image\"><figure class=\"alignleft\"><img loading=\"lazy\" decoding=\"async\" width=\"230\" height=\"129\" src=\"https:\/\/www.desenhoonline.com\/site\/wp-content\/uploads\/Miniatura-Como-fazer-cabo-para-bico-de-pena-por-Mateus-Machado.jpg\" alt=\"\" class=\"wp-image-32584\"\/><\/figure><\/div>\n\n\n\n<p> Aprenda a fazer um cabo para bico de pena! Um cabo leve, ergon\u00f4mico e super f\u00e1cil de fazer!  <a rel=\"noreferrer noopener\" aria-label=\" (abre numa nova aba)\" href=\"https:\/\/www.youtube.com\/watch?v=QiQwyJMyv9o\" target=\"_blank\">Clique aqui<\/a>&nbsp;para ver as instru\u00e7\u00f5es de como fazer.    <\/p>\n\n\n\n<p><\/p>\n\n\n\n<h2 class=\"wp-block-heading\"> Tinta nanquim para bico de pena<\/h2>\n\n\n\n<div class=\"wp-block-image\"><figure class=\"alignleft\"><img loading=\"lazy\" decoding=\"async\" width=\"230\" height=\"129\" src=\"https:\/\/www.desenhoonline.com\/site\/wp-content\/uploads\/Miniatura-Como-fazer-tinta-nanquim-para-bico-de-pena-por-Mateus-Machado.jpg\" alt=\"\" class=\"wp-image-32598\"\/><\/figure><\/div>\n\n\n\n<p> Aprenda fazer sua tinta nanquim com ingredientes que voc\u00ea tem em casa! Super f\u00e1cil e extremamente \u00fatil.  <a rel=\"noreferrer noopener\" aria-label=\" (abre numa nova aba)\" href=\"https:\/\/www.youtube.com\/watch?v=hMnRk9xVbsQ\" target=\"_blank\">Clique aqui<\/a>&nbsp;para ver as instru\u00e7\u00f5es de como fazer.  <\/p>\n\n\n\n<h2 class=\"wp-block-heading\">  Boleador<\/h2>\n\n\n\n<div class=\"wp-block-image\"><figure class=\"alignleft\"><img loading=\"lazy\" decoding=\"async\" width=\"230\" height=\"129\" src=\"https:\/\/www.desenhoonline.com\/site\/wp-content\/uploads\/Miniatura-Como-fazer-boleador-para-desenho-por-Mateus-Machado.jpg\" alt=\"\" class=\"wp-image-32623\"\/><\/figure><\/div>\n\n\n\n<p> Fa\u00e7a seu pr\u00f3prio boleador para desenho, um grande aliado do desenho realista para realizar fios brancos. O mais legal \u00e9 que fazer isso \u00e9 t\u00e3o simples que ir\u00e1 lhe assustar.  <a href=\"https:\/\/www.youtube.com\/watch?v=TKW4PwmSmFA\" target=\"_blank\" rel=\"noreferrer noopener\" aria-label=\" (abre numa nova aba)\">Clique aqui<\/a>&nbsp;para ver as instru\u00e7\u00f5es de como fazer.   <\/p>\n","protected":false},"excerpt":{"rendered":"<p>&nbsp;Que tal dar um fim \u00fatil e criativo para os seus res\u00edduos? Al\u00e9m de reaproveitarmos o que iria para o lixo, podemos [&hellip;]<\/p>\n","protected":false},"author":8,"featured_media":31693,"parent":24615,"menu_order":3,"comment_status":"open","ping_status":"open","template":"","meta":{"footnotes":""},"class_list":["post-24641","page","type-page","status-publish","has-post-thumbnail","hentry"],"yoast_head":"<!-- This site is optimized with the Yoast SEO plugin v27.4 - https:\/\/yoast.com\/product\/yoast-seo-wordpress\/ -->\n<title>Ideias Sustent\u00e1veis - Desenho Online<\/title>\n<meta name=\"description\" content=\"Al\u00e9m de reaproveitarmos o que iria para o lixo, podemos economizar e criar materiais muito \u00fateis para n\u00f3s desenhistas. Confira estas ideias sustent\u00e1veis!\" \/>\n<meta name=\"robots\" content=\"index, follow, max-snippet:-1, max-image-preview:large, max-video-preview:-1\" \/>\n<link rel=\"canonical\" href=\"https:\/\/www.desenhoonline.com\/site\/projetos\/ideias-sustentaveis\/\" \/>\n<meta property=\"og:locale\" content=\"pt_BR\" \/>\n<meta property=\"og:type\" content=\"article\" \/>\n<meta property=\"og:title\" content=\"Ideias Sustent\u00e1veis - Desenho Online\" \/>\n<meta property=\"og:description\" content=\"Al\u00e9m de reaproveitarmos o que iria para o lixo, podemos economizar e criar materiais muito \u00fateis para n\u00f3s desenhistas. Confira estas ideias sustent\u00e1veis!\" \/>\n<meta property=\"og:url\" content=\"https:\/\/www.desenhoonline.com\/site\/projetos\/ideias-sustentaveis\/\" \/>\n<meta property=\"og:site_name\" content=\"Desenho Online\" \/>\n<meta property=\"article:publisher\" content=\"https:\/\/www.facebook.com\/mateusmachadocustodio\" \/>\n<meta property=\"article:modified_time\" content=\"2021-08-31T12:42:16+00:00\" \/>\n<meta property=\"og:image\" content=\"https:\/\/www.desenhoonline.com\/site\/wp-content\/uploads\/COMO-FAZER-os-seus-pr\u00f3prios-MATERIAIS-DE-DESENHO.png\" \/>\n\t<meta property=\"og:image:width\" content=\"768\" \/>\n\t<meta property=\"og:image:height\" content=\"768\" \/>\n\t<meta property=\"og:image:type\" content=\"image\/png\" \/>\n<meta name=\"twitter:label1\" content=\"Est. tempo de leitura\" \/>\n\t<meta name=\"twitter:data1\" content=\"5 minutos\" \/>\n<script type=\"application\/ld+json\" class=\"yoast-schema-graph\">{\"@context\":\"https:\\\/\\\/schema.org\",\"@graph\":[{\"@type\":\"WebPage\",\"@id\":\"https:\\\/\\\/www.desenhoonline.com\\\/site\\\/projetos\\\/ideias-sustentaveis\\\/\",\"url\":\"https:\\\/\\\/www.desenhoonline.com\\\/site\\\/projetos\\\/ideias-sustentaveis\\\/\",\"name\":\"Ideias Sustent\u00e1veis - Desenho Online\",\"isPartOf\":{\"@id\":\"https:\\\/\\\/www.desenhoonline.com\\\/site\\\/#website\"},\"primaryImageOfPage\":{\"@id\":\"https:\\\/\\\/www.desenhoonline.com\\\/site\\\/projetos\\\/ideias-sustentaveis\\\/#primaryimage\"},\"image\":{\"@id\":\"https:\\\/\\\/www.desenhoonline.com\\\/site\\\/projetos\\\/ideias-sustentaveis\\\/#primaryimage\"},\"thumbnailUrl\":\"https:\\\/\\\/www.desenhoonline.com\\\/site\\\/wp-content\\\/uploads\\\/COMO-FAZER-os-seus-pr\u00f3prios-MATERIAIS-DE-DESENHO.png\",\"datePublished\":\"2016-01-07T00:49:29+00:00\",\"dateModified\":\"2021-08-31T12:42:16+00:00\",\"description\":\"Al\u00e9m de reaproveitarmos o que iria para o lixo, podemos economizar e criar materiais muito \u00fateis para n\u00f3s desenhistas. Confira estas ideias sustent\u00e1veis!\",\"breadcrumb\":{\"@id\":\"https:\\\/\\\/www.desenhoonline.com\\\/site\\\/projetos\\\/ideias-sustentaveis\\\/#breadcrumb\"},\"inLanguage\":\"pt-BR\",\"potentialAction\":[{\"@type\":\"ReadAction\",\"target\":[\"https:\\\/\\\/www.desenhoonline.com\\\/site\\\/projetos\\\/ideias-sustentaveis\\\/\"]}]},{\"@type\":\"ImageObject\",\"inLanguage\":\"pt-BR\",\"@id\":\"https:\\\/\\\/www.desenhoonline.com\\\/site\\\/projetos\\\/ideias-sustentaveis\\\/#primaryimage\",\"url\":\"https:\\\/\\\/www.desenhoonline.com\\\/site\\\/wp-content\\\/uploads\\\/COMO-FAZER-os-seus-pr\u00f3prios-MATERIAIS-DE-DESENHO.png\",\"contentUrl\":\"https:\\\/\\\/www.desenhoonline.com\\\/site\\\/wp-content\\\/uploads\\\/COMO-FAZER-os-seus-pr\u00f3prios-MATERIAIS-DE-DESENHO.png\",\"width\":768,\"height\":768},{\"@type\":\"BreadcrumbList\",\"@id\":\"https:\\\/\\\/www.desenhoonline.com\\\/site\\\/projetos\\\/ideias-sustentaveis\\\/#breadcrumb\",\"itemListElement\":[{\"@type\":\"ListItem\",\"position\":1,\"name\":\"Home\",\"item\":\"https:\\\/\\\/www.desenhoonline.com\\\/site\\\/\"},{\"@type\":\"ListItem\",\"position\":2,\"name\":\"Projetos\",\"item\":\"https:\\\/\\\/www.desenhoonline.com\\\/site\\\/projetos\\\/\"},{\"@type\":\"ListItem\",\"position\":3,\"name\":\"Ideias Sustent\u00e1veis\"}]},{\"@type\":\"WebSite\",\"@id\":\"https:\\\/\\\/www.desenhoonline.com\\\/site\\\/#website\",\"url\":\"https:\\\/\\\/www.desenhoonline.com\\\/site\\\/\",\"name\":\"Desenho Online\",\"description\":\"Desenho Online - Curso de desenho, downloads, dicas e not\u00edcias.\",\"publisher\":{\"@id\":\"https:\\\/\\\/www.desenhoonline.com\\\/site\\\/#\\\/schema\\\/person\\\/e2d666b91c39a2cbd5f74666a176d3c3\"},\"potentialAction\":[{\"@type\":\"SearchAction\",\"target\":{\"@type\":\"EntryPoint\",\"urlTemplate\":\"https:\\\/\\\/www.desenhoonline.com\\\/site\\\/?s={search_term_string}\"},\"query-input\":{\"@type\":\"PropertyValueSpecification\",\"valueRequired\":true,\"valueName\":\"search_term_string\"}}],\"inLanguage\":\"pt-BR\"},{\"@type\":[\"Person\",\"Organization\"],\"@id\":\"https:\\\/\\\/www.desenhoonline.com\\\/site\\\/#\\\/schema\\\/person\\\/e2d666b91c39a2cbd5f74666a176d3c3\",\"name\":\"Mateus Machado\",\"image\":{\"@type\":\"ImageObject\",\"inLanguage\":\"pt-BR\",\"@id\":\"https:\\\/\\\/www.desenhoonline.com\\\/site\\\/wp-content\\\/uploads\\\/Mateus-Machado-Desenhista-Desenho-Online-1.jpg\",\"url\":\"https:\\\/\\\/www.desenhoonline.com\\\/site\\\/wp-content\\\/uploads\\\/Mateus-Machado-Desenhista-Desenho-Online-1.jpg\",\"contentUrl\":\"https:\\\/\\\/www.desenhoonline.com\\\/site\\\/wp-content\\\/uploads\\\/Mateus-Machado-Desenhista-Desenho-Online-1.jpg\",\"width\":200,\"height\":200,\"caption\":\"Mateus Machado\"},\"logo\":{\"@id\":\"https:\\\/\\\/www.desenhoonline.com\\\/site\\\/wp-content\\\/uploads\\\/Mateus-Machado-Desenhista-Desenho-Online-1.jpg\"},\"description\":\"Um curioso aspirante da filosofia que curte aprender um pouco de tudo, seja de ci\u00eancia, arte, religi\u00e3o ou filosofia. Artista Pl\u00e1stico, Designer Gr\u00e1fico e Blogueiro.\",\"sameAs\":[\"http:\\\/\\\/www.desenhoonline.com\",\"https:\\\/\\\/www.facebook.com\\\/mateusmachadocustodio\"]}]}<\/script>\n<!-- \/ Yoast SEO plugin. -->","yoast_head_json":{"title":"Ideias Sustent\u00e1veis - Desenho Online","description":"Al\u00e9m de reaproveitarmos o que iria para o lixo, podemos economizar e criar materiais muito \u00fateis para n\u00f3s desenhistas. Confira estas ideias sustent\u00e1veis!","robots":{"index":"index","follow":"follow","max-snippet":"max-snippet:-1","max-image-preview":"max-image-preview:large","max-video-preview":"max-video-preview:-1"},"canonical":"https:\/\/www.desenhoonline.com\/site\/projetos\/ideias-sustentaveis\/","og_locale":"pt_BR","og_type":"article","og_title":"Ideias Sustent\u00e1veis - Desenho Online","og_description":"Al\u00e9m de reaproveitarmos o que iria para o lixo, podemos economizar e criar materiais muito \u00fateis para n\u00f3s desenhistas. Confira estas ideias sustent\u00e1veis!","og_url":"https:\/\/www.desenhoonline.com\/site\/projetos\/ideias-sustentaveis\/","og_site_name":"Desenho Online","article_publisher":"https:\/\/www.facebook.com\/mateusmachadocustodio","article_modified_time":"2021-08-31T12:42:16+00:00","og_image":[{"width":768,"height":768,"url":"https:\/\/www.desenhoonline.com\/site\/wp-content\/uploads\/COMO-FAZER-os-seus-pr\u00f3prios-MATERIAIS-DE-DESENHO.png","type":"image\/png"}],"twitter_misc":{"Est. tempo de leitura":"5 minutos"},"schema":{"@context":"https:\/\/schema.org","@graph":[{"@type":"WebPage","@id":"https:\/\/www.desenhoonline.com\/site\/projetos\/ideias-sustentaveis\/","url":"https:\/\/www.desenhoonline.com\/site\/projetos\/ideias-sustentaveis\/","name":"Ideias Sustent\u00e1veis - Desenho Online","isPartOf":{"@id":"https:\/\/www.desenhoonline.com\/site\/#website"},"primaryImageOfPage":{"@id":"https:\/\/www.desenhoonline.com\/site\/projetos\/ideias-sustentaveis\/#primaryimage"},"image":{"@id":"https:\/\/www.desenhoonline.com\/site\/projetos\/ideias-sustentaveis\/#primaryimage"},"thumbnailUrl":"https:\/\/www.desenhoonline.com\/site\/wp-content\/uploads\/COMO-FAZER-os-seus-pr\u00f3prios-MATERIAIS-DE-DESENHO.png","datePublished":"2016-01-07T00:49:29+00:00","dateModified":"2021-08-31T12:42:16+00:00","description":"Al\u00e9m de reaproveitarmos o que iria para o lixo, podemos economizar e criar materiais muito \u00fateis para n\u00f3s desenhistas. Confira estas ideias sustent\u00e1veis!","breadcrumb":{"@id":"https:\/\/www.desenhoonline.com\/site\/projetos\/ideias-sustentaveis\/#breadcrumb"},"inLanguage":"pt-BR","potentialAction":[{"@type":"ReadAction","target":["https:\/\/www.desenhoonline.com\/site\/projetos\/ideias-sustentaveis\/"]}]},{"@type":"ImageObject","inLanguage":"pt-BR","@id":"https:\/\/www.desenhoonline.com\/site\/projetos\/ideias-sustentaveis\/#primaryimage","url":"https:\/\/www.desenhoonline.com\/site\/wp-content\/uploads\/COMO-FAZER-os-seus-pr\u00f3prios-MATERIAIS-DE-DESENHO.png","contentUrl":"https:\/\/www.desenhoonline.com\/site\/wp-content\/uploads\/COMO-FAZER-os-seus-pr\u00f3prios-MATERIAIS-DE-DESENHO.png","width":768,"height":768},{"@type":"BreadcrumbList","@id":"https:\/\/www.desenhoonline.com\/site\/projetos\/ideias-sustentaveis\/#breadcrumb","itemListElement":[{"@type":"ListItem","position":1,"name":"Home","item":"https:\/\/www.desenhoonline.com\/site\/"},{"@type":"ListItem","position":2,"name":"Projetos","item":"https:\/\/www.desenhoonline.com\/site\/projetos\/"},{"@type":"ListItem","position":3,"name":"Ideias Sustent\u00e1veis"}]},{"@type":"WebSite","@id":"https:\/\/www.desenhoonline.com\/site\/#website","url":"https:\/\/www.desenhoonline.com\/site\/","name":"Desenho Online","description":"Desenho Online - Curso de desenho, downloads, dicas e not\u00edcias.","publisher":{"@id":"https:\/\/www.desenhoonline.com\/site\/#\/schema\/person\/e2d666b91c39a2cbd5f74666a176d3c3"},"potentialAction":[{"@type":"SearchAction","target":{"@type":"EntryPoint","urlTemplate":"https:\/\/www.desenhoonline.com\/site\/?s={search_term_string}"},"query-input":{"@type":"PropertyValueSpecification","valueRequired":true,"valueName":"search_term_string"}}],"inLanguage":"pt-BR"},{"@type":["Person","Organization"],"@id":"https:\/\/www.desenhoonline.com\/site\/#\/schema\/person\/e2d666b91c39a2cbd5f74666a176d3c3","name":"Mateus Machado","image":{"@type":"ImageObject","inLanguage":"pt-BR","@id":"https:\/\/www.desenhoonline.com\/site\/wp-content\/uploads\/Mateus-Machado-Desenhista-Desenho-Online-1.jpg","url":"https:\/\/www.desenhoonline.com\/site\/wp-content\/uploads\/Mateus-Machado-Desenhista-Desenho-Online-1.jpg","contentUrl":"https:\/\/www.desenhoonline.com\/site\/wp-content\/uploads\/Mateus-Machado-Desenhista-Desenho-Online-1.jpg","width":200,"height":200,"caption":"Mateus Machado"},"logo":{"@id":"https:\/\/www.desenhoonline.com\/site\/wp-content\/uploads\/Mateus-Machado-Desenhista-Desenho-Online-1.jpg"},"description":"Um curioso aspirante da filosofia que curte aprender um pouco de tudo, seja de ci\u00eancia, arte, religi\u00e3o ou filosofia. Artista Pl\u00e1stico, Designer Gr\u00e1fico e Blogueiro.","sameAs":["http:\/\/www.desenhoonline.com","https:\/\/www.facebook.com\/mateusmachadocustodio"]}]}},"jetpack_sharing_enabled":true,"_links":{"self":[{"href":"https:\/\/www.desenhoonline.com\/site\/wp-json\/wp\/v2\/pages\/24641","targetHints":{"allow":["GET"]}}],"collection":[{"href":"https:\/\/www.desenhoonline.com\/site\/wp-json\/wp\/v2\/pages"}],"about":[{"href":"https:\/\/www.desenhoonline.com\/site\/wp-json\/wp\/v2\/types\/page"}],"author":[{"embeddable":true,"href":"https:\/\/www.desenhoonline.com\/site\/wp-json\/wp\/v2\/users\/8"}],"replies":[{"embeddable":true,"href":"https:\/\/www.desenhoonline.com\/site\/wp-json\/wp\/v2\/comments?post=24641"}],"version-history":[{"count":0,"href":"https:\/\/www.desenhoonline.com\/site\/wp-json\/wp\/v2\/pages\/24641\/revisions"}],"up":[{"embeddable":true,"href":"https:\/\/www.desenhoonline.com\/site\/wp-json\/wp\/v2\/pages\/24615"}],"wp:featuredmedia":[{"embeddable":true,"href":"https:\/\/www.desenhoonline.com\/site\/wp-json\/wp\/v2\/media\/31693"}],"wp:attachment":[{"href":"https:\/\/www.desenhoonline.com\/site\/wp-json\/wp\/v2\/media?parent=24641"}],"curies":[{"name":"wp","href":"https:\/\/api.w.org\/{rel}","templated":true}]}}