{"id":24619,"date":"2016-01-06T21:33:09","date_gmt":"2016-01-07T00:33:09","guid":{"rendered":"http:\/\/www.desenhoonline.com\/site\/?page_id=24619"},"modified":"2016-01-06T21:54:03","modified_gmt":"2016-01-07T00:54:03","slug":"grupo-de-desenhistas","status":"publish","type":"page","link":"https:\/\/www.desenhoonline.com\/site\/projetos\/grupo-de-desenhistas\/","title":{"rendered":"Grupo de Desenhistas"},"content":{"rendered":"<p><a href=\"http:\/\/www.facebook.com\/groups\/grupodedesenhistas\/\" target=\"_blank\"><img fetchpriority=\"high\" decoding=\"async\" class=\"aligncenter size-full wp-image-24622\" src=\"http:\/\/www.desenhoonline.com\/site\/wp-content\/uploads\/Grupo-de-desenhistas-desenhoonline-Capa-Facebook.png\" alt=\"Grupo de desenhistas - desenhoonline - Capa Facebook\" width=\"560\" height=\"215\" srcset=\"https:\/\/www.desenhoonline.com\/site\/wp-content\/uploads\/Grupo-de-desenhistas-desenhoonline-Capa-Facebook.png 560w, https:\/\/www.desenhoonline.com\/site\/wp-content\/uploads\/Grupo-de-desenhistas-desenhoonline-Capa-Facebook-300x115.png 300w\" sizes=\"(max-width: 560px) 100vw, 560px\" \/><\/a><\/p>\n<p>O nosso Grupo de desenhistas &#8211; desenhoonline.com \u00e9 um espa\u00e7o para os desenhistas interagirem com outros desenhistas e ainda divulgarem seus desenhos e fanpages. O projeto nada mais \u00e9 que um grupo no Facebook, que j\u00e1 conta com mais de <strong>18,5 mil<\/strong> membros.<\/p>\n<p>Se voc\u00ea j\u00e1 tem uma conta no Facebook, acesse o link abaixo e participe!<\/p>\n<p style=\"text-align: center;\"><a href=\"http:\/\/www.facebook.com\/groups\/grupodedesenhistas\/\" target=\"_blank\">www.facebook.com\/groups\/grupodedesenhistas\/<\/a><\/p>\n<p>&nbsp;<\/p>\n<h2>REGRAS DO GRUPO:<\/h2>\n<p>1) N\u00e3o \u00e9 permitido: postagens seguidas (flood), nudez frontal sem tarjas, pornografia, divulga\u00e7\u00e3o de qualquer grupo (at\u00e9 WhatsApp), falta de respeito ou viol\u00eancia, postagens inerentes a desenho e pintura, desenhos sem os devidos cr\u00e9ditos e links externos como: sites, blogs, perfis sociais; exemplo: Youtube, Twitter, Instagram, etc&#8230;<\/p>\n<p>2) O \u00danico link permitido \u00e9 o de fan pages, desde que seja um post direto no grupo e que seja: DESENHO + LINK (na mesma postagem); portanto, n\u00e3o aceitaremos compartilhamentos de outras p\u00e1ginas. N\u00e3o coloque o link como coment\u00e1rio, nem mesmo use o desenho de terceiros para divulgar sua fan page.<\/p>\n<p>Ao entrar no grupo, voc\u00ea concorda e aceita todas as regras, e se infringi-las, ser\u00e1 removido. Se entrar no grupo novamente e voltar a violar as regras, ser\u00e1 banido sem pr\u00e9vio aviso.<br \/>\n&nbsp;<\/p>\n","protected":false},"excerpt":{"rendered":"<p>O nosso Grupo de desenhistas &#8211; desenhoonline.com \u00e9 um espa\u00e7o para os desenhistas interagirem com outros desenhistas e ainda divulgarem seus desenhos [&hellip;]<\/p>\n","protected":false},"author":8,"featured_media":0,"parent":24615,"menu_order":1,"comment_status":"open","ping_status":"open","template":"","meta":{"footnotes":""},"class_list":["post-24619","page","type-page","status-publish","hentry"],"yoast_head":"<!-- This site is optimized with the Yoast SEO plugin v27.4 - https:\/\/yoast.com\/product\/yoast-seo-wordpress\/ -->\n<title>Grupo de Desenhistas - Desenho Online<\/title>\n<meta name=\"description\" content=\"O nosso Grupo de desenhistas \u00e9 um espa\u00e7o para os desenhistas interagirem com outros desenhistas e ainda divulgarem seus desenhos e fanpages.\" \/>\n<meta name=\"robots\" content=\"index, follow, max-snippet:-1, max-image-preview:large, max-video-preview:-1\" \/>\n<link rel=\"canonical\" href=\"https:\/\/www.desenhoonline.com\/site\/projetos\/grupo-de-desenhistas\/\" \/>\n<meta property=\"og:locale\" content=\"pt_BR\" \/>\n<meta property=\"og:type\" content=\"article\" \/>\n<meta property=\"og:title\" content=\"Grupo de Desenhistas - Desenho Online\" \/>\n<meta property=\"og:description\" content=\"O nosso Grupo de desenhistas \u00e9 um espa\u00e7o para os desenhistas interagirem com outros desenhistas e ainda divulgarem seus desenhos e fanpages.\" \/>\n<meta property=\"og:url\" content=\"https:\/\/www.desenhoonline.com\/site\/projetos\/grupo-de-desenhistas\/\" \/>\n<meta property=\"og:site_name\" content=\"Desenho Online\" \/>\n<meta property=\"article:publisher\" content=\"https:\/\/www.facebook.com\/mateusmachadocustodio\" \/>\n<meta property=\"article:modified_time\" content=\"2016-01-07T00:54:03+00:00\" \/>\n<meta property=\"og:image\" content=\"http:\/\/www.desenhoonline.com\/site\/wp-content\/uploads\/Grupo-de-desenhistas-desenhoonline-Capa-Facebook.png\" \/>\n<meta name=\"twitter:label1\" content=\"Est. tempo de leitura\" \/>\n\t<meta name=\"twitter:data1\" content=\"1 minuto\" \/>\n<script type=\"application\/ld+json\" class=\"yoast-schema-graph\">{\"@context\":\"https:\\\/\\\/schema.org\",\"@graph\":[{\"@type\":\"WebPage\",\"@id\":\"https:\\\/\\\/www.desenhoonline.com\\\/site\\\/projetos\\\/grupo-de-desenhistas\\\/\",\"url\":\"https:\\\/\\\/www.desenhoonline.com\\\/site\\\/projetos\\\/grupo-de-desenhistas\\\/\",\"name\":\"Grupo de Desenhistas - Desenho Online\",\"isPartOf\":{\"@id\":\"https:\\\/\\\/www.desenhoonline.com\\\/site\\\/#website\"},\"primaryImageOfPage\":{\"@id\":\"https:\\\/\\\/www.desenhoonline.com\\\/site\\\/projetos\\\/grupo-de-desenhistas\\\/#primaryimage\"},\"image\":{\"@id\":\"https:\\\/\\\/www.desenhoonline.com\\\/site\\\/projetos\\\/grupo-de-desenhistas\\\/#primaryimage\"},\"thumbnailUrl\":\"http:\\\/\\\/www.desenhoonline.com\\\/site\\\/wp-content\\\/uploads\\\/Grupo-de-desenhistas-desenhoonline-Capa-Facebook.png\",\"datePublished\":\"2016-01-07T00:33:09+00:00\",\"dateModified\":\"2016-01-07T00:54:03+00:00\",\"description\":\"O nosso Grupo de desenhistas \u00e9 um espa\u00e7o para os desenhistas interagirem com outros desenhistas e ainda divulgarem seus desenhos e fanpages.\",\"breadcrumb\":{\"@id\":\"https:\\\/\\\/www.desenhoonline.com\\\/site\\\/projetos\\\/grupo-de-desenhistas\\\/#breadcrumb\"},\"inLanguage\":\"pt-BR\",\"potentialAction\":[{\"@type\":\"ReadAction\",\"target\":[\"https:\\\/\\\/www.desenhoonline.com\\\/site\\\/projetos\\\/grupo-de-desenhistas\\\/\"]}]},{\"@type\":\"ImageObject\",\"inLanguage\":\"pt-BR\",\"@id\":\"https:\\\/\\\/www.desenhoonline.com\\\/site\\\/projetos\\\/grupo-de-desenhistas\\\/#primaryimage\",\"url\":\"https:\\\/\\\/www.desenhoonline.com\\\/site\\\/wp-content\\\/uploads\\\/Grupo-de-desenhistas-desenhoonline-Capa-Facebook.png\",\"contentUrl\":\"https:\\\/\\\/www.desenhoonline.com\\\/site\\\/wp-content\\\/uploads\\\/Grupo-de-desenhistas-desenhoonline-Capa-Facebook.png\",\"width\":560,\"height\":215},{\"@type\":\"BreadcrumbList\",\"@id\":\"https:\\\/\\\/www.desenhoonline.com\\\/site\\\/projetos\\\/grupo-de-desenhistas\\\/#breadcrumb\",\"itemListElement\":[{\"@type\":\"ListItem\",\"position\":1,\"name\":\"Home\",\"item\":\"https:\\\/\\\/www.desenhoonline.com\\\/site\\\/\"},{\"@type\":\"ListItem\",\"position\":2,\"name\":\"Projetos\",\"item\":\"https:\\\/\\\/www.desenhoonline.com\\\/site\\\/projetos\\\/\"},{\"@type\":\"ListItem\",\"position\":3,\"name\":\"Grupo de Desenhistas\"}]},{\"@type\":\"WebSite\",\"@id\":\"https:\\\/\\\/www.desenhoonline.com\\\/site\\\/#website\",\"url\":\"https:\\\/\\\/www.desenhoonline.com\\\/site\\\/\",\"name\":\"Desenho Online\",\"description\":\"Desenho Online - Curso de desenho, downloads, dicas e not\u00edcias.\",\"publisher\":{\"@id\":\"https:\\\/\\\/www.desenhoonline.com\\\/site\\\/#\\\/schema\\\/person\\\/e2d666b91c39a2cbd5f74666a176d3c3\"},\"potentialAction\":[{\"@type\":\"SearchAction\",\"target\":{\"@type\":\"EntryPoint\",\"urlTemplate\":\"https:\\\/\\\/www.desenhoonline.com\\\/site\\\/?s={search_term_string}\"},\"query-input\":{\"@type\":\"PropertyValueSpecification\",\"valueRequired\":true,\"valueName\":\"search_term_string\"}}],\"inLanguage\":\"pt-BR\"},{\"@type\":[\"Person\",\"Organization\"],\"@id\":\"https:\\\/\\\/www.desenhoonline.com\\\/site\\\/#\\\/schema\\\/person\\\/e2d666b91c39a2cbd5f74666a176d3c3\",\"name\":\"Mateus Machado\",\"image\":{\"@type\":\"ImageObject\",\"inLanguage\":\"pt-BR\",\"@id\":\"https:\\\/\\\/www.desenhoonline.com\\\/site\\\/wp-content\\\/uploads\\\/Mateus-Machado-Desenhista-Desenho-Online-1.jpg\",\"url\":\"https:\\\/\\\/www.desenhoonline.com\\\/site\\\/wp-content\\\/uploads\\\/Mateus-Machado-Desenhista-Desenho-Online-1.jpg\",\"contentUrl\":\"https:\\\/\\\/www.desenhoonline.com\\\/site\\\/wp-content\\\/uploads\\\/Mateus-Machado-Desenhista-Desenho-Online-1.jpg\",\"width\":200,\"height\":200,\"caption\":\"Mateus Machado\"},\"logo\":{\"@id\":\"https:\\\/\\\/www.desenhoonline.com\\\/site\\\/wp-content\\\/uploads\\\/Mateus-Machado-Desenhista-Desenho-Online-1.jpg\"},\"description\":\"Um curioso aspirante da filosofia que curte aprender um pouco de tudo, seja de ci\u00eancia, arte, religi\u00e3o ou filosofia. Artista Pl\u00e1stico, Designer Gr\u00e1fico e Blogueiro.\",\"sameAs\":[\"http:\\\/\\\/www.desenhoonline.com\",\"https:\\\/\\\/www.facebook.com\\\/mateusmachadocustodio\"]}]}<\/script>\n<!-- \/ Yoast SEO plugin. -->","yoast_head_json":{"title":"Grupo de Desenhistas - Desenho Online","description":"O nosso Grupo de desenhistas \u00e9 um espa\u00e7o para os desenhistas interagirem com outros desenhistas e ainda divulgarem seus desenhos e fanpages.","robots":{"index":"index","follow":"follow","max-snippet":"max-snippet:-1","max-image-preview":"max-image-preview:large","max-video-preview":"max-video-preview:-1"},"canonical":"https:\/\/www.desenhoonline.com\/site\/projetos\/grupo-de-desenhistas\/","og_locale":"pt_BR","og_type":"article","og_title":"Grupo de Desenhistas - Desenho Online","og_description":"O nosso Grupo de desenhistas \u00e9 um espa\u00e7o para os desenhistas interagirem com outros desenhistas e ainda divulgarem seus desenhos e fanpages.","og_url":"https:\/\/www.desenhoonline.com\/site\/projetos\/grupo-de-desenhistas\/","og_site_name":"Desenho Online","article_publisher":"https:\/\/www.facebook.com\/mateusmachadocustodio","article_modified_time":"2016-01-07T00:54:03+00:00","og_image":[{"url":"http:\/\/www.desenhoonline.com\/site\/wp-content\/uploads\/Grupo-de-desenhistas-desenhoonline-Capa-Facebook.png","type":"","width":"","height":""}],"twitter_misc":{"Est. tempo de leitura":"1 minuto"},"schema":{"@context":"https:\/\/schema.org","@graph":[{"@type":"WebPage","@id":"https:\/\/www.desenhoonline.com\/site\/projetos\/grupo-de-desenhistas\/","url":"https:\/\/www.desenhoonline.com\/site\/projetos\/grupo-de-desenhistas\/","name":"Grupo de Desenhistas - Desenho Online","isPartOf":{"@id":"https:\/\/www.desenhoonline.com\/site\/#website"},"primaryImageOfPage":{"@id":"https:\/\/www.desenhoonline.com\/site\/projetos\/grupo-de-desenhistas\/#primaryimage"},"image":{"@id":"https:\/\/www.desenhoonline.com\/site\/projetos\/grupo-de-desenhistas\/#primaryimage"},"thumbnailUrl":"http:\/\/www.desenhoonline.com\/site\/wp-content\/uploads\/Grupo-de-desenhistas-desenhoonline-Capa-Facebook.png","datePublished":"2016-01-07T00:33:09+00:00","dateModified":"2016-01-07T00:54:03+00:00","description":"O nosso Grupo de desenhistas \u00e9 um espa\u00e7o para os desenhistas interagirem com outros desenhistas e ainda divulgarem seus desenhos e fanpages.","breadcrumb":{"@id":"https:\/\/www.desenhoonline.com\/site\/projetos\/grupo-de-desenhistas\/#breadcrumb"},"inLanguage":"pt-BR","potentialAction":[{"@type":"ReadAction","target":["https:\/\/www.desenhoonline.com\/site\/projetos\/grupo-de-desenhistas\/"]}]},{"@type":"ImageObject","inLanguage":"pt-BR","@id":"https:\/\/www.desenhoonline.com\/site\/projetos\/grupo-de-desenhistas\/#primaryimage","url":"https:\/\/www.desenhoonline.com\/site\/wp-content\/uploads\/Grupo-de-desenhistas-desenhoonline-Capa-Facebook.png","contentUrl":"https:\/\/www.desenhoonline.com\/site\/wp-content\/uploads\/Grupo-de-desenhistas-desenhoonline-Capa-Facebook.png","width":560,"height":215},{"@type":"BreadcrumbList","@id":"https:\/\/www.desenhoonline.com\/site\/projetos\/grupo-de-desenhistas\/#breadcrumb","itemListElement":[{"@type":"ListItem","position":1,"name":"Home","item":"https:\/\/www.desenhoonline.com\/site\/"},{"@type":"ListItem","position":2,"name":"Projetos","item":"https:\/\/www.desenhoonline.com\/site\/projetos\/"},{"@type":"ListItem","position":3,"name":"Grupo de Desenhistas"}]},{"@type":"WebSite","@id":"https:\/\/www.desenhoonline.com\/site\/#website","url":"https:\/\/www.desenhoonline.com\/site\/","name":"Desenho Online","description":"Desenho Online - Curso de desenho, downloads, dicas e not\u00edcias.","publisher":{"@id":"https:\/\/www.desenhoonline.com\/site\/#\/schema\/person\/e2d666b91c39a2cbd5f74666a176d3c3"},"potentialAction":[{"@type":"SearchAction","target":{"@type":"EntryPoint","urlTemplate":"https:\/\/www.desenhoonline.com\/site\/?s={search_term_string}"},"query-input":{"@type":"PropertyValueSpecification","valueRequired":true,"valueName":"search_term_string"}}],"inLanguage":"pt-BR"},{"@type":["Person","Organization"],"@id":"https:\/\/www.desenhoonline.com\/site\/#\/schema\/person\/e2d666b91c39a2cbd5f74666a176d3c3","name":"Mateus Machado","image":{"@type":"ImageObject","inLanguage":"pt-BR","@id":"https:\/\/www.desenhoonline.com\/site\/wp-content\/uploads\/Mateus-Machado-Desenhista-Desenho-Online-1.jpg","url":"https:\/\/www.desenhoonline.com\/site\/wp-content\/uploads\/Mateus-Machado-Desenhista-Desenho-Online-1.jpg","contentUrl":"https:\/\/www.desenhoonline.com\/site\/wp-content\/uploads\/Mateus-Machado-Desenhista-Desenho-Online-1.jpg","width":200,"height":200,"caption":"Mateus Machado"},"logo":{"@id":"https:\/\/www.desenhoonline.com\/site\/wp-content\/uploads\/Mateus-Machado-Desenhista-Desenho-Online-1.jpg"},"description":"Um curioso aspirante da filosofia que curte aprender um pouco de tudo, seja de ci\u00eancia, arte, religi\u00e3o ou filosofia. Artista Pl\u00e1stico, Designer Gr\u00e1fico e Blogueiro.","sameAs":["http:\/\/www.desenhoonline.com","https:\/\/www.facebook.com\/mateusmachadocustodio"]}]}},"jetpack_sharing_enabled":true,"_links":{"self":[{"href":"https:\/\/www.desenhoonline.com\/site\/wp-json\/wp\/v2\/pages\/24619","targetHints":{"allow":["GET"]}}],"collection":[{"href":"https:\/\/www.desenhoonline.com\/site\/wp-json\/wp\/v2\/pages"}],"about":[{"href":"https:\/\/www.desenhoonline.com\/site\/wp-json\/wp\/v2\/types\/page"}],"author":[{"embeddable":true,"href":"https:\/\/www.desenhoonline.com\/site\/wp-json\/wp\/v2\/users\/8"}],"replies":[{"embeddable":true,"href":"https:\/\/www.desenhoonline.com\/site\/wp-json\/wp\/v2\/comments?post=24619"}],"version-history":[{"count":0,"href":"https:\/\/www.desenhoonline.com\/site\/wp-json\/wp\/v2\/pages\/24619\/revisions"}],"up":[{"embeddable":true,"href":"https:\/\/www.desenhoonline.com\/site\/wp-json\/wp\/v2\/pages\/24615"}],"wp:attachment":[{"href":"https:\/\/www.desenhoonline.com\/site\/wp-json\/wp\/v2\/media?parent=24619"}],"curies":[{"name":"wp","href":"https:\/\/api.w.org\/{rel}","templated":true}]}}