{"id":24576,"date":"2016-01-06T21:47:58","date_gmt":"2016-01-07T00:47:58","guid":{"rendered":"http:\/\/www.desenhoonline.com\/site\/?page_id=24576"},"modified":"2024-02-09T10:01:31","modified_gmt":"2024-02-09T13:01:31","slug":"vagas-para-desenhistas","status":"publish","type":"page","link":"https:\/\/www.desenhoonline.com\/site\/projetos\/vagas-para-desenhistas\/","title":{"rendered":"Vagas para Desenhistas"},"content":{"rendered":"\n<figure class=\"wp-block-image aligncenter\"><img fetchpriority=\"high\" decoding=\"async\" width=\"500\" height=\"356\" src=\"http:\/\/www.desenhoonline.com\/site\/wp-content\/uploads\/Vagas-de-emprego-para-desenhistas-ilustradores.png\" alt=\"\" class=\"wp-image-24827\" srcset=\"https:\/\/www.desenhoonline.com\/site\/wp-content\/uploads\/Vagas-de-emprego-para-desenhistas-ilustradores.png 500w, https:\/\/www.desenhoonline.com\/site\/wp-content\/uploads\/Vagas-de-emprego-para-desenhistas-ilustradores-300x214.png 300w, https:\/\/www.desenhoonline.com\/site\/wp-content\/uploads\/Vagas-de-emprego-para-desenhistas-ilustradores-90x65.png 90w\" sizes=\"(max-width: 500px) 100vw, 500px\" \/><\/figure>\n\n\n\n<p>Precisando de uma vaga de emprego? Neste espa\u00e7o voc\u00ea confere algumas vagas para desenhistas e at\u00e9 algumas oportunidades relacionadas ao desenho. Voc\u00ea empres\u00e1rio tamb\u00e9m pode divulgar sua vaga aqui, saiba como divulgar no final desta p\u00e1gina.<\/p>\n\n\n\n<p>Aten\u00e7\u00e3o! Alguns sites requerem login.<\/p>\n\n\n\n<!--more-->\n\n\n\n&nbsp;\n<h2>Busca de vagas em sites especializados<\/h2>\n<h3>Empregos<\/h3>\n<p><small>Clique no nome dos sites e fa\u00e7a uma busca com o cargo especificado. Voc\u00ea tamb\u00e9m pode usar os filtros dos respectivos sites para refinar sua busca.<\/small><br><small><\/small><\/p>\n<table border=\"1\" cellspacing=\"2\" cellpadding=\"2\" bgcolor=\"#fff\">\n<thead>\n<tr>\n<th align=\"center\">Cargo<\/th>\n<th align=\"center\">Site<\/th>\n<\/tr>\n<\/thead>\n<tbody>\n<tr>\n<td align=\"center\">Desenhista<\/td>\n<td align=\"center\"><a href=\"https:\/\/www.linkedin.com\/jobs\/desenhista\/\" target=\"_blank\" rel=\"noopener noreferrer\">Linkedin<\/a><\/td>\n<\/tr>\n<tr>\n<td align=\"center\">Desenhista<\/td>\n<td align=\"center\"><a href=\"https:\/\/www.pciconcursos.com.br\/empregos\/pesquisa?q=desenhista\" target=\"_blank\" rel=\"noopener noreferrer\">PCi Concursos<\/a><\/td>\n<\/tr>\n<tr>\n<td align=\"center\">Desenhista<\/td>\n<td align=\"center\"><a href=\"https:\/\/www.trabalhabrasil.com.br\/vagas-empregos\/desenhista\/\" target=\"_blank\" rel=\"noopener noreferrer\">Trabalha Brasil<\/a><\/td>\n<\/tr>\n<tr>\n<td align=\"center\">Desenhista<\/td>\n<td align=\"center\"><a href=\"https:\/\/vagas.mitula.com.br\/emprego-desenhista\" target=\"_blank\" rel=\"noopener noreferrer\">Mitula<\/a><\/td>\n<\/tr>\n<tr>\n<td align=\"center\">Desenhista<\/td>\n<td align=\"center\"><a href=\"https:\/\/www.catho.com.br\/vagas\/desenhista\/\" target=\"_blank\" rel=\"noopener noreferrer\">Catho<\/a><\/td>\n<\/tr>\n<tr>\n<td align=\"center\">Desenhista<\/td>\n<td align=\"center\"><a href=\"https:\/\/br.jooble.org\/SearchResult?ukw=desenhista\" target=\"_blank\" rel=\"noopener noreferrer\">Jooble<\/a><\/td>\n<\/tr>\n<tr>\n<td align=\"center\">Ilustrador<\/td>\n<td align=\"center\"><a href=\"https:\/\/br.linkedin.com\/jobs\/ilustrador-vagas\" target=\"_blank\" rel=\"noopener noreferrer\">Linkedin<\/a><\/td>\n<\/tr>\n<tr>\n<td align=\"center\">Ilustrador<\/td>\n<td align=\"center\"><a href=\"https:\/\/www.trabalhabrasil.com.br\/vagas-empregos\/Ilustrador\" target=\"_blank\" rel=\"noopener noreferrer\">Trabalha Brasil<\/a><\/td>\n<\/tr>\n<tr>\n<td align=\"center\">Ilustrador<\/td>\n<td align=\"center\"><a href=\"https:\/\/www.adzuna.com.br\/browse\/vagas-criacao-design\/ilustrador\" target=\"_blank\" rel=\"noopener noreferrer\">Adzuna<\/a><\/td>\n<\/tr>\n<\/tbody>\n<\/table>\n&nbsp;\n<h3>Concursos p\u00fablicos<\/h3>\n<p><small>Clique no nome dos sites e fa\u00e7a uma busca com o cargo especificado. Voc\u00ea tamb\u00e9m pode usar os filtros dos respectivos sites para refinar sua busca.<\/small><br><small><\/small><\/p>\n&nbsp;\n<table border=\"1\" cellspacing=\"2\" cellpadding=\"2\" bgcolor=\"#fff\">\n<thead>\n<tr>\n<th align=\"center\">Cargo<\/th>\n<th align=\"center\">Site<\/th>\n<\/tr>\n<\/thead>\n<thead>\n<tr>\n<td align=\"center\">Desenhista<\/td>\n<td align=\"center\"><a href=\"https:\/\/www.pciconcursos.com.br\/concursos\/vagas\/desenhista\" target=\"_blank\" rel=\"noopener noreferrer\">PCi Concursos<\/a><\/td>\n<\/tr>\n<tr>\n<td align=\"center\">Desenhista<\/td>\n<td align=\"center\"><a href=\"https:\/\/www.concursosnobrasil.com.br\/concursos\/cargos\/desenhista.html\" target=\"_blank\" rel=\"noopener noreferrer\">Concursos no Brasil<\/a><\/td>\n<\/tr>\n<tr>\n<td align=\"center\">Desenhista<\/td>\n<td align=\"center\"><a href=\"https:\/\/www.centraldeconcursos.com.br\/busca.html?p=desenhista\" target=\"_blank\" rel=\"noopener noreferrer\">Central de Concursos<\/a><\/td>\n<\/tr>\n<tr>\n<td align=\"center\">Desenhista<\/td>\n<td align=\"center\"><a href=\"http:\/\/www.ibamsp-concursos.org.br\/site\/\" target=\"_blank\" rel=\"noopener noreferrer\">Ibam Concursos<\/a><\/td>\n<\/tr>\n<\/thead>\n<\/table>\n&nbsp;\n<h3>Empresas de games<\/h3>\n<p><small>A seguir voc\u00ea confere as p\u00e1ginas de vagas das maiores empresas de games do mundo. D\u00ea uma vasculhada, quem sabe voc\u00ea encontra alguma vaga relacionada, a maioria das vagas s\u00e3o fora do Brasil, mas talvez encontre alguma por aqui.<\/small><\/p>\n<ul>\n<li><a href=\"https:\/\/careersearch.ea.com\/\" target=\"_blank\" rel=\"noopener noreferrer\">EA Games<\/a><\/li>\n<li><a href=\"https:\/\/uscareers-capcom.icims.com\/jobs\/intro\" target=\"_blank\" rel=\"noopener noreferrer\">Capcom<\/a><\/li>\n<li><a href=\"https:\/\/www.gaming.konami.com\/corporate\/home\/careers\/searchjobs.aspx\" target=\"_blank\" rel=\"noopener noreferrer\">Konami<\/a><\/li>\n<li><a href=\"https:\/\/www.rockstargames.com\/careers\/openings\" target=\"_blank\" rel=\"noopener noreferrer\">Rockstar Games<\/a><\/li>\n<li><a href=\"https:\/\/www.nintendo.com\/corp\/jobs.jsp\" target=\"_blank\" rel=\"noopener noreferrer\">Nintendo<\/a><\/li>\n<li><a href=\"https:\/\/www.sega.com\/corporate\" target=\"_blank\" rel=\"noopener noreferrer\">Sega<\/a><\/li>\n<li><a href=\"https:\/\/www.playstation.com\/en-us\/corporate\/about\/careers\/\" target=\"_blank\" rel=\"noopener noreferrer\">Sony<\/a><\/li>\n<li><a href=\"https:\/\/www.riotgames.com\/careers\" target=\"_blank\" rel=\"noopener noreferrer\">Riot Games<\/a><\/li>\n<\/ul>\n&nbsp;\n<h3>Empresas diversas<\/h3>\n<p><small>A seguir voc\u00ea confere as p\u00e1ginas de vagas das maiores empresas do mundo. D\u00ea uma vasculhada, quem sabe voc\u00ea encontra alguma vaga relacionada, a maioria das vagas s\u00e3o fora do Brasil, mas talvez encontre alguma por aqui.<\/small><\/p>\n<ul>\n<li><a href=\"https:\/\/disneycareers.com\/gateway\/\" target=\"_blank\" rel=\"noopener noreferrer\">Disney<\/a><\/li>\n<li><a href=\"https:\/\/www.google.com\/about\/careers\/\" target=\"_blank\" rel=\"noopener noreferrer\">Google<\/a><\/li>\n<li><a href=\"https:\/\/careers.yahoo.com\/br\/\" target=\"_blank\" rel=\"noopener noreferrer\">Yahoo<\/a><\/li>\n<li><a href=\"https:\/\/careers.microsoft.com\/\" target=\"_blank\" rel=\"noopener noreferrer\">Microsoft<\/a><\/li>\n<\/ul>\n&nbsp;\n<h2>Trabalhar em casa<\/h2>\n<h3>Sites para ganhar dinheiro com suas ilustra\u00e7\u00f5es<\/h3>\n<p><small>Nesta lista voc\u00ea confere alguns sites onde poder\u00e1 oferecer seus servi\u00e7os de ilustra\u00e7\u00e3o ou ganhar uma comiss\u00e3o sobre os produtos vendidos com a sua arte. Aten\u00e7\u00e3o, n\u00e3o h\u00e1 v\u00ednculos empregat\u00edcios.<\/small><\/p>\n<ul>\n<li><a href=\"https:\/\/profissionaisdolivro.com.br\/servicos\/tipo\/ilustracao\" target=\"_blank\" rel=\"noopener noreferrer\">Profissionais do livro<\/a><\/li>\n<li><a href=\"https:\/\/www.zazzle.com.br\/\" target=\"_blank\" rel=\"noopener noreferrer\">Zazzle<\/a><\/li>\n<li><a href=\"https:\/\/www.spreadshirt.com\/\" target=\"_blank\" rel=\"noopener noreferrer\">Spread Shirt<\/a><\/li>\n<li><a href=\"https:\/\/deviantart.com\" target=\"_blank\" rel=\"noopener noreferrer\">DeviantArt<\/a><\/li>\n<li><a href=\"https:\/\/www.mesadoeditor.com\/\" target=\"_blank\" rel=\"noopener noreferrer\">Mesa do Editor<\/a><\/li>\n<li><a href=\"http:\/\/www.shutterstock.com\/\" target=\"_blank\" rel=\"noopener noreferrer\">ShutterStock<\/a><\/li>\n<li><a href=\"https:\/\/www.socialcomics.com.br\" target=\"_blank\" rel=\"noopener noreferrer\">Social Comics<\/a><\/li>\n<\/ul>\n&nbsp;\n<h3>Freelancer<\/h3>\n<p><small>Nesta lista voc\u00ea confere diferentes plataformas que s\u00e3o destinadas \u00e0 contrata\u00e7\u00e3o de profissionais para realiza\u00e7\u00e3o de trabalhos de design. Aten\u00e7\u00e3o, n\u00e3o h\u00e1 v\u00ednculos empregat\u00edcios.<\/small><\/p>\n<ul>\n<li><a href=\"https:\/\/www.wedologos.com.br\/\" target=\"_blank\" rel=\"noopener noreferrer\">We do Logos<\/a><\/li>\n<li><a href=\"https:\/\/99designs.com.br\/\" target=\"_blank\" rel=\"noopener noreferrer\">99 Designs<\/a><\/li>\n<li><a href=\"https:\/\/lecube.tv\/contact\/\" target=\"_blank\" rel=\"noopener noreferrer\">Le Cube<\/a><\/li>\n<li><a href=\"https:\/\/www.upwork.com\/\" target=\"_blank\" rel=\"noopener noreferrer\">Upwork<\/a><\/li>\n<li><a href=\"https:\/\/www.workana.com\/\" target=\"_blank\" rel=\"noopener noreferrer\">Workana<\/a><\/li>\n<li><a href=\"https:\/\/www.fiverr.com\/\" target=\"_blank\" rel=\"noopener noreferrer\">Fiverr<\/a><\/li>\n<li><a href=\"https:\/\/www.freelancer.com\/\" target=\"_blank\" rel=\"noopener noreferrer\">Freelancer<\/a><\/li>\n<\/ul>\n&nbsp;\n<h3>Divulgue sua vaga!<\/h3>\n<p><small>Colabore conosco e divulgue aqui a sua vaga de emprego, relacionada a \u00e1rea de desenho. Para divulga-la, basta, enviar um email para <b>desenhonline@gmail.com<\/b>, informando os seguintes dados da vaga: <i>cargo e contato (telefone, site ou email)<\/i>.<\/small><\/p>\n<p>&nbsp;<\/p>\n<h3>Aten\u00e7\u00e3o<\/h3>\n<p><small> As vagas s\u00e3o divulgadas gratuitamente em nosso blog, contudo, vale salientar que n\u00e3o nos responsabilizamos por contrata\u00e7\u00f5es, nem recebemos nenhum valor por isso.<\/small><\/p>\n","protected":false},"excerpt":{"rendered":"<p>Precisando de uma vaga de emprego? Neste espa\u00e7o voc\u00ea confere algumas vagas para desenhistas e at\u00e9 algumas oportunidades relacionadas ao desenho. Voc\u00ea [&hellip;]<\/p>\n","protected":false},"author":8,"featured_media":0,"parent":24615,"menu_order":2,"comment_status":"open","ping_status":"open","template":"","meta":{"footnotes":""},"class_list":["post-24576","page","type-page","status-publish","hentry"],"yoast_head":"<!-- This site is optimized with the Yoast SEO plugin v27.4 - https:\/\/yoast.com\/product\/yoast-seo-wordpress\/ -->\n<title>Vagas para Desenhistas - Desenho Online<\/title>\n<meta name=\"description\" content=\"Neste espa\u00e7o voc\u00ea confere algumas vagas para desenhistas e at\u00e9 algumas oportunidades relacionadas a desenho. Confira!\" \/>\n<meta name=\"robots\" content=\"index, follow, max-snippet:-1, max-image-preview:large, max-video-preview:-1\" \/>\n<link rel=\"canonical\" href=\"https:\/\/www.desenhoonline.com\/site\/projetos\/vagas-para-desenhistas\/\" \/>\n<meta property=\"og:locale\" content=\"pt_BR\" \/>\n<meta property=\"og:type\" content=\"article\" \/>\n<meta property=\"og:title\" content=\"Vagas para Desenhistas - Desenho Online\" \/>\n<meta property=\"og:description\" content=\"Neste espa\u00e7o voc\u00ea confere algumas vagas para desenhistas e at\u00e9 algumas oportunidades relacionadas a desenho. Confira!\" \/>\n<meta property=\"og:url\" content=\"https:\/\/www.desenhoonline.com\/site\/projetos\/vagas-para-desenhistas\/\" \/>\n<meta property=\"og:site_name\" content=\"Desenho Online\" \/>\n<meta property=\"article:publisher\" content=\"https:\/\/www.facebook.com\/mateusmachadocustodio\" \/>\n<meta property=\"article:modified_time\" content=\"2024-02-09T13:01:31+00:00\" \/>\n<meta property=\"og:image\" content=\"http:\/\/www.desenhoonline.com\/site\/wp-content\/uploads\/Vagas-de-emprego-para-desenhistas-ilustradores.png\" \/>\n<meta name=\"twitter:label1\" content=\"Est. tempo de leitura\" \/>\n\t<meta name=\"twitter:data1\" content=\"3 minutos\" \/>\n<script type=\"application\/ld+json\" class=\"yoast-schema-graph\">{\"@context\":\"https:\\\/\\\/schema.org\",\"@graph\":[{\"@type\":\"WebPage\",\"@id\":\"https:\\\/\\\/www.desenhoonline.com\\\/site\\\/projetos\\\/vagas-para-desenhistas\\\/\",\"url\":\"https:\\\/\\\/www.desenhoonline.com\\\/site\\\/projetos\\\/vagas-para-desenhistas\\\/\",\"name\":\"Vagas para Desenhistas - Desenho Online\",\"isPartOf\":{\"@id\":\"https:\\\/\\\/www.desenhoonline.com\\\/site\\\/#website\"},\"primaryImageOfPage\":{\"@id\":\"https:\\\/\\\/www.desenhoonline.com\\\/site\\\/projetos\\\/vagas-para-desenhistas\\\/#primaryimage\"},\"image\":{\"@id\":\"https:\\\/\\\/www.desenhoonline.com\\\/site\\\/projetos\\\/vagas-para-desenhistas\\\/#primaryimage\"},\"thumbnailUrl\":\"http:\\\/\\\/www.desenhoonline.com\\\/site\\\/wp-content\\\/uploads\\\/Vagas-de-emprego-para-desenhistas-ilustradores.png\",\"datePublished\":\"2016-01-07T00:47:58+00:00\",\"dateModified\":\"2024-02-09T13:01:31+00:00\",\"description\":\"Neste espa\u00e7o voc\u00ea confere algumas vagas para desenhistas e at\u00e9 algumas oportunidades relacionadas a desenho. Confira!\",\"breadcrumb\":{\"@id\":\"https:\\\/\\\/www.desenhoonline.com\\\/site\\\/projetos\\\/vagas-para-desenhistas\\\/#breadcrumb\"},\"inLanguage\":\"pt-BR\",\"potentialAction\":[{\"@type\":\"ReadAction\",\"target\":[\"https:\\\/\\\/www.desenhoonline.com\\\/site\\\/projetos\\\/vagas-para-desenhistas\\\/\"]}]},{\"@type\":\"ImageObject\",\"inLanguage\":\"pt-BR\",\"@id\":\"https:\\\/\\\/www.desenhoonline.com\\\/site\\\/projetos\\\/vagas-para-desenhistas\\\/#primaryimage\",\"url\":\"https:\\\/\\\/www.desenhoonline.com\\\/site\\\/wp-content\\\/uploads\\\/Vagas-de-emprego-para-desenhistas-ilustradores.png\",\"contentUrl\":\"https:\\\/\\\/www.desenhoonline.com\\\/site\\\/wp-content\\\/uploads\\\/Vagas-de-emprego-para-desenhistas-ilustradores.png\",\"width\":500,\"height\":356},{\"@type\":\"BreadcrumbList\",\"@id\":\"https:\\\/\\\/www.desenhoonline.com\\\/site\\\/projetos\\\/vagas-para-desenhistas\\\/#breadcrumb\",\"itemListElement\":[{\"@type\":\"ListItem\",\"position\":1,\"name\":\"Home\",\"item\":\"https:\\\/\\\/www.desenhoonline.com\\\/site\\\/\"},{\"@type\":\"ListItem\",\"position\":2,\"name\":\"Projetos\",\"item\":\"https:\\\/\\\/www.desenhoonline.com\\\/site\\\/projetos\\\/\"},{\"@type\":\"ListItem\",\"position\":3,\"name\":\"Vagas para Desenhistas\"}]},{\"@type\":\"WebSite\",\"@id\":\"https:\\\/\\\/www.desenhoonline.com\\\/site\\\/#website\",\"url\":\"https:\\\/\\\/www.desenhoonline.com\\\/site\\\/\",\"name\":\"Desenho Online\",\"description\":\"Desenho Online - Curso de desenho, downloads, dicas e not\u00edcias.\",\"publisher\":{\"@id\":\"https:\\\/\\\/www.desenhoonline.com\\\/site\\\/#\\\/schema\\\/person\\\/e2d666b91c39a2cbd5f74666a176d3c3\"},\"potentialAction\":[{\"@type\":\"SearchAction\",\"target\":{\"@type\":\"EntryPoint\",\"urlTemplate\":\"https:\\\/\\\/www.desenhoonline.com\\\/site\\\/?s={search_term_string}\"},\"query-input\":{\"@type\":\"PropertyValueSpecification\",\"valueRequired\":true,\"valueName\":\"search_term_string\"}}],\"inLanguage\":\"pt-BR\"},{\"@type\":[\"Person\",\"Organization\"],\"@id\":\"https:\\\/\\\/www.desenhoonline.com\\\/site\\\/#\\\/schema\\\/person\\\/e2d666b91c39a2cbd5f74666a176d3c3\",\"name\":\"Mateus Machado\",\"image\":{\"@type\":\"ImageObject\",\"inLanguage\":\"pt-BR\",\"@id\":\"https:\\\/\\\/www.desenhoonline.com\\\/site\\\/wp-content\\\/uploads\\\/Mateus-Machado-Desenhista-Desenho-Online-1.jpg\",\"url\":\"https:\\\/\\\/www.desenhoonline.com\\\/site\\\/wp-content\\\/uploads\\\/Mateus-Machado-Desenhista-Desenho-Online-1.jpg\",\"contentUrl\":\"https:\\\/\\\/www.desenhoonline.com\\\/site\\\/wp-content\\\/uploads\\\/Mateus-Machado-Desenhista-Desenho-Online-1.jpg\",\"width\":200,\"height\":200,\"caption\":\"Mateus Machado\"},\"logo\":{\"@id\":\"https:\\\/\\\/www.desenhoonline.com\\\/site\\\/wp-content\\\/uploads\\\/Mateus-Machado-Desenhista-Desenho-Online-1.jpg\"},\"description\":\"Um curioso aspirante da filosofia que curte aprender um pouco de tudo, seja de ci\u00eancia, arte, religi\u00e3o ou filosofia. Artista Pl\u00e1stico, Designer Gr\u00e1fico e Blogueiro.\",\"sameAs\":[\"http:\\\/\\\/www.desenhoonline.com\",\"https:\\\/\\\/www.facebook.com\\\/mateusmachadocustodio\"]}]}<\/script>\n<!-- \/ Yoast SEO plugin. -->","yoast_head_json":{"title":"Vagas para Desenhistas - Desenho Online","description":"Neste espa\u00e7o voc\u00ea confere algumas vagas para desenhistas e at\u00e9 algumas oportunidades relacionadas a desenho. Confira!","robots":{"index":"index","follow":"follow","max-snippet":"max-snippet:-1","max-image-preview":"max-image-preview:large","max-video-preview":"max-video-preview:-1"},"canonical":"https:\/\/www.desenhoonline.com\/site\/projetos\/vagas-para-desenhistas\/","og_locale":"pt_BR","og_type":"article","og_title":"Vagas para Desenhistas - Desenho Online","og_description":"Neste espa\u00e7o voc\u00ea confere algumas vagas para desenhistas e at\u00e9 algumas oportunidades relacionadas a desenho. Confira!","og_url":"https:\/\/www.desenhoonline.com\/site\/projetos\/vagas-para-desenhistas\/","og_site_name":"Desenho Online","article_publisher":"https:\/\/www.facebook.com\/mateusmachadocustodio","article_modified_time":"2024-02-09T13:01:31+00:00","og_image":[{"url":"http:\/\/www.desenhoonline.com\/site\/wp-content\/uploads\/Vagas-de-emprego-para-desenhistas-ilustradores.png","type":"","width":"","height":""}],"twitter_misc":{"Est. tempo de leitura":"3 minutos"},"schema":{"@context":"https:\/\/schema.org","@graph":[{"@type":"WebPage","@id":"https:\/\/www.desenhoonline.com\/site\/projetos\/vagas-para-desenhistas\/","url":"https:\/\/www.desenhoonline.com\/site\/projetos\/vagas-para-desenhistas\/","name":"Vagas para Desenhistas - Desenho Online","isPartOf":{"@id":"https:\/\/www.desenhoonline.com\/site\/#website"},"primaryImageOfPage":{"@id":"https:\/\/www.desenhoonline.com\/site\/projetos\/vagas-para-desenhistas\/#primaryimage"},"image":{"@id":"https:\/\/www.desenhoonline.com\/site\/projetos\/vagas-para-desenhistas\/#primaryimage"},"thumbnailUrl":"http:\/\/www.desenhoonline.com\/site\/wp-content\/uploads\/Vagas-de-emprego-para-desenhistas-ilustradores.png","datePublished":"2016-01-07T00:47:58+00:00","dateModified":"2024-02-09T13:01:31+00:00","description":"Neste espa\u00e7o voc\u00ea confere algumas vagas para desenhistas e at\u00e9 algumas oportunidades relacionadas a desenho. Confira!","breadcrumb":{"@id":"https:\/\/www.desenhoonline.com\/site\/projetos\/vagas-para-desenhistas\/#breadcrumb"},"inLanguage":"pt-BR","potentialAction":[{"@type":"ReadAction","target":["https:\/\/www.desenhoonline.com\/site\/projetos\/vagas-para-desenhistas\/"]}]},{"@type":"ImageObject","inLanguage":"pt-BR","@id":"https:\/\/www.desenhoonline.com\/site\/projetos\/vagas-para-desenhistas\/#primaryimage","url":"https:\/\/www.desenhoonline.com\/site\/wp-content\/uploads\/Vagas-de-emprego-para-desenhistas-ilustradores.png","contentUrl":"https:\/\/www.desenhoonline.com\/site\/wp-content\/uploads\/Vagas-de-emprego-para-desenhistas-ilustradores.png","width":500,"height":356},{"@type":"BreadcrumbList","@id":"https:\/\/www.desenhoonline.com\/site\/projetos\/vagas-para-desenhistas\/#breadcrumb","itemListElement":[{"@type":"ListItem","position":1,"name":"Home","item":"https:\/\/www.desenhoonline.com\/site\/"},{"@type":"ListItem","position":2,"name":"Projetos","item":"https:\/\/www.desenhoonline.com\/site\/projetos\/"},{"@type":"ListItem","position":3,"name":"Vagas para Desenhistas"}]},{"@type":"WebSite","@id":"https:\/\/www.desenhoonline.com\/site\/#website","url":"https:\/\/www.desenhoonline.com\/site\/","name":"Desenho Online","description":"Desenho Online - Curso de desenho, downloads, dicas e not\u00edcias.","publisher":{"@id":"https:\/\/www.desenhoonline.com\/site\/#\/schema\/person\/e2d666b91c39a2cbd5f74666a176d3c3"},"potentialAction":[{"@type":"SearchAction","target":{"@type":"EntryPoint","urlTemplate":"https:\/\/www.desenhoonline.com\/site\/?s={search_term_string}"},"query-input":{"@type":"PropertyValueSpecification","valueRequired":true,"valueName":"search_term_string"}}],"inLanguage":"pt-BR"},{"@type":["Person","Organization"],"@id":"https:\/\/www.desenhoonline.com\/site\/#\/schema\/person\/e2d666b91c39a2cbd5f74666a176d3c3","name":"Mateus Machado","image":{"@type":"ImageObject","inLanguage":"pt-BR","@id":"https:\/\/www.desenhoonline.com\/site\/wp-content\/uploads\/Mateus-Machado-Desenhista-Desenho-Online-1.jpg","url":"https:\/\/www.desenhoonline.com\/site\/wp-content\/uploads\/Mateus-Machado-Desenhista-Desenho-Online-1.jpg","contentUrl":"https:\/\/www.desenhoonline.com\/site\/wp-content\/uploads\/Mateus-Machado-Desenhista-Desenho-Online-1.jpg","width":200,"height":200,"caption":"Mateus Machado"},"logo":{"@id":"https:\/\/www.desenhoonline.com\/site\/wp-content\/uploads\/Mateus-Machado-Desenhista-Desenho-Online-1.jpg"},"description":"Um curioso aspirante da filosofia que curte aprender um pouco de tudo, seja de ci\u00eancia, arte, religi\u00e3o ou filosofia. Artista Pl\u00e1stico, Designer Gr\u00e1fico e Blogueiro.","sameAs":["http:\/\/www.desenhoonline.com","https:\/\/www.facebook.com\/mateusmachadocustodio"]}]}},"jetpack_sharing_enabled":true,"_links":{"self":[{"href":"https:\/\/www.desenhoonline.com\/site\/wp-json\/wp\/v2\/pages\/24576","targetHints":{"allow":["GET"]}}],"collection":[{"href":"https:\/\/www.desenhoonline.com\/site\/wp-json\/wp\/v2\/pages"}],"about":[{"href":"https:\/\/www.desenhoonline.com\/site\/wp-json\/wp\/v2\/types\/page"}],"author":[{"embeddable":true,"href":"https:\/\/www.desenhoonline.com\/site\/wp-json\/wp\/v2\/users\/8"}],"replies":[{"embeddable":true,"href":"https:\/\/www.desenhoonline.com\/site\/wp-json\/wp\/v2\/comments?post=24576"}],"version-history":[{"count":6,"href":"https:\/\/www.desenhoonline.com\/site\/wp-json\/wp\/v2\/pages\/24576\/revisions"}],"predecessor-version":[{"id":42721,"href":"https:\/\/www.desenhoonline.com\/site\/wp-json\/wp\/v2\/pages\/24576\/revisions\/42721"}],"up":[{"embeddable":true,"href":"https:\/\/www.desenhoonline.com\/site\/wp-json\/wp\/v2\/pages\/24615"}],"wp:attachment":[{"href":"https:\/\/www.desenhoonline.com\/site\/wp-json\/wp\/v2\/media?parent=24576"}],"curies":[{"name":"wp","href":"https:\/\/api.w.org\/{rel}","templated":true}]}}