{"id":24468,"date":"2016-01-06T21:59:33","date_gmt":"2016-01-07T00:59:33","guid":{"rendered":"http:\/\/www.desenhoonline.com\/site\/?page_id=24468"},"modified":"2024-03-22T07:59:14","modified_gmt":"2024-03-22T10:59:14","slug":"historia","status":"publish","type":"page","link":"https:\/\/www.desenhoonline.com\/site\/about\/historia\/","title":{"rendered":"Hist\u00f3ria"},"content":{"rendered":"\n<p>O Desenho Online iniciou suas atividades em 21 de dezembro de 2009, criado pelo desenhista, artista pl\u00e1stico e designer gr\u00e1fico <strong>Mateus Machado<\/strong>, que desde ent\u00e3o compartilha seus conhecimentos na internet a cerca do desenho art\u00edstico, atrav\u00e9s do <strong>Curso de Desenho Online<\/strong>, dispon\u00edvel no blog.<\/p>\n\n\n\n<p>Aos poucos o curso foi sendo ampliado, at\u00e9 se consolidar em 3 n\u00edveis: <strong>Iniciante<\/strong>, <strong>Intermedi\u00e1rio<\/strong> e <strong>Avan\u00e7ado<\/strong>, sendo grande parte das aulas oferecidas gratuitamente, e uma pequena parte comercializada, em formato de ebooks. A principal pegada do blog&nbsp;foi justamente ensinar a desenhar atrav\u00e9s de uma linguagem simples, com exerc\u00edcios que estimulam as modalidades do hemisf\u00e9rio direito do c\u00e9rebro, lugar onde se encontram as ferramentas necess\u00e1rias para desenhar. Paulatinamente o curso foi ganhando destaque nos principais portais brasileiros, como:<\/p>\n\n\n\n<ul class=\"wp-block-list\">\n<li><a href=\"http:\/\/revistagalileu.globo.com\/Sociedade\/noticia\/2014\/08\/5-cursos-online-gratuitos-para-quem-quer-aprender-desenhar.html\" target=\"_blank\" rel=\"noreferrer noopener\">Revista Galileu<\/a>;<\/li>\n\n\n\n<li><a href=\"https:\/\/catracalivre.com.br\/geral\/web-educacao\/indicacao\/veja-5-cursos-online-gratuitos-para-quem-quer-aprender-a-desenhar\/\" target=\"_blank\" rel=\"noreferrer noopener\">Catraca Livre<\/a>;<\/li>\n\n\n\n<li><a href=\"https:\/\/www.universia.net\/br\/actualidad\/vida-universitaria\/dia-mundial-do-desenhista-4-sites-que-oferecem-aulas-desenho-online-1123407.html\" target=\"_blank\" rel=\"noreferrer noopener\">Universia<\/a>;<\/li>\n\n\n\n<li><a href=\"http:\/\/blog.opovo.com.br\/id\/2015\/05\/20\/conheca-5-cursos-online-gratuitos-para-quem-quer-aprender-a-desenhar\/\">Blog &#8211; O Po<\/a><a href=\"https:\/\/blogs.opovo.com.br\/id\/2015\/05\/20\/conheca-5-cursos-online-gratuitos-para-quem-quer-aprender-a-desenhar\/\" target=\"_blank\" rel=\"noreferrer noopener\">vo (Equipe ID);<\/a><\/li>\n\n\n\n<li><a href=\"http:\/\/www.mundodastribos.com\/curso-de-desenho-online-gratis.html\" target=\"_blank\" rel=\"noreferrer noopener\">Mundo das Tribos<\/a>;<\/li>\n\n\n\n<li><a href=\"http:\/\/escolaeducacao.com.br\/6-dicas-online-para-aprender-a-desenhar-de-forma-gratuita\/\" target=\"_blank\" rel=\"noreferrer noopener\">Escola Educa\u00e7\u00e3o<\/a>;<\/li>\n\n\n\n<li><a href=\"https:\/\/catracalivre.com.br\/geral\/web-educacao\/indicacao\/veja-5-cursos-online-gratuitos-para-quem-quer-aprender-a-desenhar\/\" target=\"_blank\" rel=\"noreferrer noopener\">Na Responsa<\/a>;<\/li>\n\n\n\n<li><a href=\"http:\/\/mapadecursosonline.com\/curso-online-de-desenho\/\" target=\"_blank\" rel=\"noreferrer noopener\">Mapa de Cursos<\/a>;<\/li>\n\n\n\n<li><a href=\"http:\/\/www.aconteceempetropolis.com.br\/2015\/05\/22\/sites-oferecem-cursos-online-gratuitos-de-desenhos\/\" target=\"_blank\" rel=\"noreferrer noopener\">Acontece em Petr\u00f3polis<\/a>;<\/li>\n\n\n\n<li><a href=\"https:\/\/canaldoensino.com.br\/blog\/4-sites-com-curso-de-desenho-online\" target=\"_blank\" rel=\"noreferrer noopener\">Canal do Ensino<\/a>;<\/li>\n\n\n\n<li><a href=\"https:\/\/www.jivochat.com.br\/blog\/reviews\/cursos\/curso-de-desenho.html\" target=\"_blank\" rel=\"noreferrer noopener\">Jivochat<\/a><\/li>\n\n\n\n<li>entre outros.<\/li>\n<\/ul>\n\n\n\n<p>Quase um ano ap\u00f3s sua cria\u00e7\u00e3o, o blog&nbsp;passou a oferecer um conte\u00fado diversificado, com curiosidades, dicas \u00fateis, divulga\u00e7\u00e3o de concursos de desenho, not\u00edcias sobre o mercado do desenho, vagas de emprego, entre outros. Logo se tornou uma das principais fontes de pesquisa e refer\u00eancia para muitos desenhistas.<\/p>\n\n\n\n<p>Em 2011 surgiram os concursos de desenho promovidos pelo pr\u00f3prio blog, que tinham como principal objetivo incentivar o aprendizado de seus alunos, seja esticando seus limites como tamb\u00e9m oferecendo uma premia\u00e7\u00e3o aos ganhadores. Ap\u00f3s a terceira edi\u00e7\u00e3o, o concurso acabou sendo uma das principais atratividades do site, ganhando inclusive uma edi\u00e7\u00e3o em formato de torneio com quatro \u201c<em>rounds<\/em>\u201d.<\/p>\n\n\n\n<p>As competi\u00e7\u00f5es renderam ao todo mais de <strong>675 inscri\u00e7\u00f5es<\/strong>, oriundas de todo o territ\u00f3rio nacional. Todo esse trabalho foi resultado n\u00e3o s\u00f3 do empenho do Desenho Online, como tamb\u00e9m das empresas parceiras, que apoiaram na premia\u00e7\u00e3o e divulga\u00e7\u00e3o, tais como<strong>: Grupo Ediouro, Editora Nova Fronteira, O projetista, Ichigo-Toys, AIUP, Mangamono, Camisetas de Anime e Astrom\u00e9lica, XP-Pen.<\/strong> O total de pr\u00eamios entregues em todas as edi\u00e7\u00f5es, foi mais de <strong>5.200 reais<\/strong>.<\/p>\n\n\n\n<h2 class=\"wp-block-heading\"><a href=\"http:\/\/www.desenhoonline.com\/site\/categorias\/concursos-de-desenho\/\">Concursos de Desenho<\/a><\/h2>\n\n\n\n<figure class=\"wp-block-image aligncenter size-full\"><a href=\"https:\/\/www.desenhoonline.com\/site\/wp-content\/uploads\/Concursos-de-desenho-desenhoonline.com_.png\"><img fetchpriority=\"high\" decoding=\"async\" width=\"788\" height=\"594\" src=\"https:\/\/www.desenhoonline.com\/site\/wp-content\/uploads\/Concursos-de-desenho-desenhoonline.com_.png\" alt=\"\" class=\"wp-image-42812\" srcset=\"https:\/\/www.desenhoonline.com\/site\/wp-content\/uploads\/Concursos-de-desenho-desenhoonline.com_.png 788w, https:\/\/www.desenhoonline.com\/site\/wp-content\/uploads\/Concursos-de-desenho-desenhoonline.com_-300x226.png 300w, https:\/\/www.desenhoonline.com\/site\/wp-content\/uploads\/Concursos-de-desenho-desenhoonline.com_-768x579.png 768w, https:\/\/www.desenhoonline.com\/site\/wp-content\/uploads\/Concursos-de-desenho-desenhoonline.com_-230x173.png 230w, https:\/\/www.desenhoonline.com\/site\/wp-content\/uploads\/Concursos-de-desenho-desenhoonline.com_-350x264.png 350w, https:\/\/www.desenhoonline.com\/site\/wp-content\/uploads\/Concursos-de-desenho-desenhoonline.com_-480x362.png 480w\" sizes=\"(max-width: 788px) 100vw, 788px\" \/><\/a><\/figure>\n\n\n\n<p class=\"has-text-align-left\">No come\u00e7o de 2012 recebe o selo do <a href=\"http:\/\/www.vejablog.com.br\/\" target=\"_blank\" rel=\"noreferrer noopener\">Veja Blog<\/a>, se tornando parte de um dos maiores blogs do Brasil.<\/p>\n\n\n\n<p>Em setembro de 2012 surgiram as primeiras <a href=\"http:\/\/www.desenhoonline.com\/site\/categorias\/entrevistas\/\" target=\"_blank\" rel=\"noreferrer noopener\">entrevistas<\/a> exclusivas com os grandes profissionais brasileiros da \u00e1rea de quadrinhos e desenho. Quem estreou esta categoria foi <strong>Marcelo Cassaro<\/strong>, e logo vieram <strong>Mike Deodato Jr.<\/strong>, <strong>Erica Awano<\/strong>, <strong>Will Conrad<\/strong>, <strong>Erica Horita<\/strong> e <strong>Cassius Medauar<\/strong>.<\/p>\n\n\n\n<p>No final de novembro, o blog&nbsp;foi finalista no pr\u00eamio <a href=\"http:\/\/www.topblog.com.br\/\" target=\"_blank\" rel=\"noreferrer noopener\">Top Blog<\/a> 2012, na categoria \u201cArte e Cultura\u201d, mas foi em meados de 2013 que o blog&nbsp;deu um passo a mais, conquistando o terceiro lugar &nbsp;no <a href=\"http:\/\/www.topblog.com.br\/\" target=\"_blank\" rel=\"noreferrer noopener\">Top Blog<\/a> 2013, na categoria \u201cArte e Cultura\u201d pelo j\u00fari acad\u00eamico.<\/p>\n\n\n\n<p>Em junho de 2015, ganhou uma\u00a0loja online, especializada em materiais artesanais de desenho, confeccionados pelo pr\u00f3prio artista, como: sketchbooks, esfuminhos, penas de bamb\u00fa, acess\u00f3rios para desenhistas, entre outros produtos.<\/p>\n\n\n\n<p>Em 2015 e 2016, avan\u00e7a uma posi\u00e7\u00e3o no pr\u00eamio Top Blog, conquistando o 2\u00ba lugar na categoria \u201carte e cultura\u201d pelo juri acad\u00eamico.<\/p>\n\n\n\n<figure class=\"wp-block-image aligncenter size-full is-resized\"><a href=\"https:\/\/www.desenhoonline.com\/site\/wp-content\/uploads\/Certificado-Top-Blog-Desenho-Online-Top-2.png\"><img decoding=\"async\" width=\"301\" height=\"89\" src=\"https:\/\/www.desenhoonline.com\/site\/wp-content\/uploads\/Certificado-Top-Blog-Desenho-Online-Top-2.png\" alt=\"\" class=\"wp-image-25499\" style=\"width:250px;height:auto\" srcset=\"https:\/\/www.desenhoonline.com\/site\/wp-content\/uploads\/Certificado-Top-Blog-Desenho-Online-Top-2.png 301w, https:\/\/www.desenhoonline.com\/site\/wp-content\/uploads\/Certificado-Top-Blog-Desenho-Online-Top-2-300x89.png 300w\" sizes=\"(max-width: 301px) 100vw, 301px\" \/><\/a><\/figure>\n\n\n\n<figure class=\"wp-block-image aligncenter size-full\"><a href=\"https:\/\/www.desenhoonline.com\/site\/wp-content\/uploads\/Certificado-Desenho-Online-Top-Blog-2016.png\"><img decoding=\"async\" width=\"700\" height=\"495\" src=\"https:\/\/www.desenhoonline.com\/site\/wp-content\/uploads\/Certificado-Desenho-Online-Top-Blog-2016.png\" alt=\"\" class=\"wp-image-27535\" srcset=\"https:\/\/www.desenhoonline.com\/site\/wp-content\/uploads\/Certificado-Desenho-Online-Top-Blog-2016.png 700w, https:\/\/www.desenhoonline.com\/site\/wp-content\/uploads\/Certificado-Desenho-Online-Top-Blog-2016-300x212.png 300w, https:\/\/www.desenhoonline.com\/site\/wp-content\/uploads\/Certificado-Desenho-Online-Top-Blog-2016-90x65.png 90w\" sizes=\"(max-width: 700px) 100vw, 700px\" \/><\/a><\/figure>\n\n\n\n<p>Aos poucos o blog&nbsp;foi fazendo hist\u00f3ria, e sem grandes pretens\u00f5es iniciais o projeto&nbsp;acabou se engajando na vida de muitos desenhistas,&nbsp;seja ajudando-os ou mesmo inspirando-os.<\/p>\n","protected":false},"excerpt":{"rendered":"<p>O Desenho Online iniciou suas atividades em 21 de dezembro de 2009, criado pelo desenhista, artista pl\u00e1stico e designer gr\u00e1fico Mateus Machado, [&hellip;]<\/p>\n","protected":false},"author":8,"featured_media":0,"parent":2,"menu_order":1,"comment_status":"open","ping_status":"open","template":"","meta":{"footnotes":""},"class_list":["post-24468","page","type-page","status-publish","hentry"],"yoast_head":"<!-- This site is optimized with the Yoast SEO plugin v27.4 - https:\/\/yoast.com\/product\/yoast-seo-wordpress\/ -->\n<title>Hist\u00f3ria - Desenho Online<\/title>\n<meta name=\"description\" content=\"Saiba mais sobre a hist\u00f3ria do Desenho Online e a traget\u00f3ria que levou o site ao sucesso.\" \/>\n<meta name=\"robots\" content=\"index, follow, max-snippet:-1, max-image-preview:large, max-video-preview:-1\" \/>\n<link rel=\"canonical\" href=\"https:\/\/www.desenhoonline.com\/site\/about\/historia\/\" \/>\n<meta property=\"og:locale\" content=\"pt_BR\" \/>\n<meta property=\"og:type\" content=\"article\" \/>\n<meta property=\"og:title\" content=\"Hist\u00f3ria - Desenho Online\" \/>\n<meta property=\"og:description\" content=\"Saiba mais sobre a hist\u00f3ria do Desenho Online e a traget\u00f3ria que levou o site ao sucesso.\" \/>\n<meta property=\"og:url\" content=\"https:\/\/www.desenhoonline.com\/site\/about\/historia\/\" \/>\n<meta property=\"og:site_name\" content=\"Desenho Online\" \/>\n<meta property=\"article:publisher\" content=\"https:\/\/www.facebook.com\/mateusmachadocustodio\" \/>\n<meta property=\"article:modified_time\" content=\"2024-03-22T10:59:14+00:00\" \/>\n<meta property=\"og:image\" content=\"https:\/\/www.desenhoonline.com\/site\/wp-content\/uploads\/Concursos-de-desenho-desenhoonline.com_.png\" \/>\n<meta name=\"twitter:label1\" content=\"Est. tempo de leitura\" \/>\n\t<meta name=\"twitter:data1\" content=\"4 minutos\" \/>\n<script type=\"application\/ld+json\" class=\"yoast-schema-graph\">{\"@context\":\"https:\\\/\\\/schema.org\",\"@graph\":[{\"@type\":\"WebPage\",\"@id\":\"https:\\\/\\\/www.desenhoonline.com\\\/site\\\/about\\\/historia\\\/\",\"url\":\"https:\\\/\\\/www.desenhoonline.com\\\/site\\\/about\\\/historia\\\/\",\"name\":\"Hist\u00f3ria - Desenho Online\",\"isPartOf\":{\"@id\":\"https:\\\/\\\/www.desenhoonline.com\\\/site\\\/#website\"},\"primaryImageOfPage\":{\"@id\":\"https:\\\/\\\/www.desenhoonline.com\\\/site\\\/about\\\/historia\\\/#primaryimage\"},\"image\":{\"@id\":\"https:\\\/\\\/www.desenhoonline.com\\\/site\\\/about\\\/historia\\\/#primaryimage\"},\"thumbnailUrl\":\"https:\\\/\\\/www.desenhoonline.com\\\/site\\\/wp-content\\\/uploads\\\/Concursos-de-desenho-desenhoonline.com_.png\",\"datePublished\":\"2016-01-07T00:59:33+00:00\",\"dateModified\":\"2024-03-22T10:59:14+00:00\",\"description\":\"Saiba mais sobre a hist\u00f3ria do Desenho Online e a traget\u00f3ria que levou o site ao sucesso.\",\"breadcrumb\":{\"@id\":\"https:\\\/\\\/www.desenhoonline.com\\\/site\\\/about\\\/historia\\\/#breadcrumb\"},\"inLanguage\":\"pt-BR\",\"potentialAction\":[{\"@type\":\"ReadAction\",\"target\":[\"https:\\\/\\\/www.desenhoonline.com\\\/site\\\/about\\\/historia\\\/\"]}]},{\"@type\":\"ImageObject\",\"inLanguage\":\"pt-BR\",\"@id\":\"https:\\\/\\\/www.desenhoonline.com\\\/site\\\/about\\\/historia\\\/#primaryimage\",\"url\":\"https:\\\/\\\/www.desenhoonline.com\\\/site\\\/wp-content\\\/uploads\\\/Concursos-de-desenho-desenhoonline.com_.png\",\"contentUrl\":\"https:\\\/\\\/www.desenhoonline.com\\\/site\\\/wp-content\\\/uploads\\\/Concursos-de-desenho-desenhoonline.com_.png\",\"width\":788,\"height\":594},{\"@type\":\"BreadcrumbList\",\"@id\":\"https:\\\/\\\/www.desenhoonline.com\\\/site\\\/about\\\/historia\\\/#breadcrumb\",\"itemListElement\":[{\"@type\":\"ListItem\",\"position\":1,\"name\":\"Home\",\"item\":\"https:\\\/\\\/www.desenhoonline.com\\\/site\\\/\"},{\"@type\":\"ListItem\",\"position\":2,\"name\":\"Sobre\",\"item\":\"https:\\\/\\\/www.desenhoonline.com\\\/site\\\/about\\\/\"},{\"@type\":\"ListItem\",\"position\":3,\"name\":\"Hist\u00f3ria\"}]},{\"@type\":\"WebSite\",\"@id\":\"https:\\\/\\\/www.desenhoonline.com\\\/site\\\/#website\",\"url\":\"https:\\\/\\\/www.desenhoonline.com\\\/site\\\/\",\"name\":\"Desenho Online\",\"description\":\"Desenho Online - Curso de desenho, downloads, dicas e not\u00edcias.\",\"publisher\":{\"@id\":\"https:\\\/\\\/www.desenhoonline.com\\\/site\\\/#\\\/schema\\\/person\\\/e2d666b91c39a2cbd5f74666a176d3c3\"},\"potentialAction\":[{\"@type\":\"SearchAction\",\"target\":{\"@type\":\"EntryPoint\",\"urlTemplate\":\"https:\\\/\\\/www.desenhoonline.com\\\/site\\\/?s={search_term_string}\"},\"query-input\":{\"@type\":\"PropertyValueSpecification\",\"valueRequired\":true,\"valueName\":\"search_term_string\"}}],\"inLanguage\":\"pt-BR\"},{\"@type\":[\"Person\",\"Organization\"],\"@id\":\"https:\\\/\\\/www.desenhoonline.com\\\/site\\\/#\\\/schema\\\/person\\\/e2d666b91c39a2cbd5f74666a176d3c3\",\"name\":\"Mateus Machado\",\"image\":{\"@type\":\"ImageObject\",\"inLanguage\":\"pt-BR\",\"@id\":\"https:\\\/\\\/www.desenhoonline.com\\\/site\\\/wp-content\\\/uploads\\\/Mateus-Machado-Desenhista-Desenho-Online-1.jpg\",\"url\":\"https:\\\/\\\/www.desenhoonline.com\\\/site\\\/wp-content\\\/uploads\\\/Mateus-Machado-Desenhista-Desenho-Online-1.jpg\",\"contentUrl\":\"https:\\\/\\\/www.desenhoonline.com\\\/site\\\/wp-content\\\/uploads\\\/Mateus-Machado-Desenhista-Desenho-Online-1.jpg\",\"width\":200,\"height\":200,\"caption\":\"Mateus Machado\"},\"logo\":{\"@id\":\"https:\\\/\\\/www.desenhoonline.com\\\/site\\\/wp-content\\\/uploads\\\/Mateus-Machado-Desenhista-Desenho-Online-1.jpg\"},\"description\":\"Um curioso aspirante da filosofia que curte aprender um pouco de tudo, seja de ci\u00eancia, arte, religi\u00e3o ou filosofia. Artista Pl\u00e1stico, Designer Gr\u00e1fico e Blogueiro.\",\"sameAs\":[\"http:\\\/\\\/www.desenhoonline.com\",\"https:\\\/\\\/www.facebook.com\\\/mateusmachadocustodio\"]}]}<\/script>\n<!-- \/ Yoast SEO plugin. -->","yoast_head_json":{"title":"Hist\u00f3ria - Desenho Online","description":"Saiba mais sobre a hist\u00f3ria do Desenho Online e a traget\u00f3ria que levou o site ao sucesso.","robots":{"index":"index","follow":"follow","max-snippet":"max-snippet:-1","max-image-preview":"max-image-preview:large","max-video-preview":"max-video-preview:-1"},"canonical":"https:\/\/www.desenhoonline.com\/site\/about\/historia\/","og_locale":"pt_BR","og_type":"article","og_title":"Hist\u00f3ria - Desenho Online","og_description":"Saiba mais sobre a hist\u00f3ria do Desenho Online e a traget\u00f3ria que levou o site ao sucesso.","og_url":"https:\/\/www.desenhoonline.com\/site\/about\/historia\/","og_site_name":"Desenho Online","article_publisher":"https:\/\/www.facebook.com\/mateusmachadocustodio","article_modified_time":"2024-03-22T10:59:14+00:00","og_image":[{"url":"https:\/\/www.desenhoonline.com\/site\/wp-content\/uploads\/Concursos-de-desenho-desenhoonline.com_.png","type":"","width":"","height":""}],"twitter_misc":{"Est. tempo de leitura":"4 minutos"},"schema":{"@context":"https:\/\/schema.org","@graph":[{"@type":"WebPage","@id":"https:\/\/www.desenhoonline.com\/site\/about\/historia\/","url":"https:\/\/www.desenhoonline.com\/site\/about\/historia\/","name":"Hist\u00f3ria - Desenho Online","isPartOf":{"@id":"https:\/\/www.desenhoonline.com\/site\/#website"},"primaryImageOfPage":{"@id":"https:\/\/www.desenhoonline.com\/site\/about\/historia\/#primaryimage"},"image":{"@id":"https:\/\/www.desenhoonline.com\/site\/about\/historia\/#primaryimage"},"thumbnailUrl":"https:\/\/www.desenhoonline.com\/site\/wp-content\/uploads\/Concursos-de-desenho-desenhoonline.com_.png","datePublished":"2016-01-07T00:59:33+00:00","dateModified":"2024-03-22T10:59:14+00:00","description":"Saiba mais sobre a hist\u00f3ria do Desenho Online e a traget\u00f3ria que levou o site ao sucesso.","breadcrumb":{"@id":"https:\/\/www.desenhoonline.com\/site\/about\/historia\/#breadcrumb"},"inLanguage":"pt-BR","potentialAction":[{"@type":"ReadAction","target":["https:\/\/www.desenhoonline.com\/site\/about\/historia\/"]}]},{"@type":"ImageObject","inLanguage":"pt-BR","@id":"https:\/\/www.desenhoonline.com\/site\/about\/historia\/#primaryimage","url":"https:\/\/www.desenhoonline.com\/site\/wp-content\/uploads\/Concursos-de-desenho-desenhoonline.com_.png","contentUrl":"https:\/\/www.desenhoonline.com\/site\/wp-content\/uploads\/Concursos-de-desenho-desenhoonline.com_.png","width":788,"height":594},{"@type":"BreadcrumbList","@id":"https:\/\/www.desenhoonline.com\/site\/about\/historia\/#breadcrumb","itemListElement":[{"@type":"ListItem","position":1,"name":"Home","item":"https:\/\/www.desenhoonline.com\/site\/"},{"@type":"ListItem","position":2,"name":"Sobre","item":"https:\/\/www.desenhoonline.com\/site\/about\/"},{"@type":"ListItem","position":3,"name":"Hist\u00f3ria"}]},{"@type":"WebSite","@id":"https:\/\/www.desenhoonline.com\/site\/#website","url":"https:\/\/www.desenhoonline.com\/site\/","name":"Desenho Online","description":"Desenho Online - Curso de desenho, downloads, dicas e not\u00edcias.","publisher":{"@id":"https:\/\/www.desenhoonline.com\/site\/#\/schema\/person\/e2d666b91c39a2cbd5f74666a176d3c3"},"potentialAction":[{"@type":"SearchAction","target":{"@type":"EntryPoint","urlTemplate":"https:\/\/www.desenhoonline.com\/site\/?s={search_term_string}"},"query-input":{"@type":"PropertyValueSpecification","valueRequired":true,"valueName":"search_term_string"}}],"inLanguage":"pt-BR"},{"@type":["Person","Organization"],"@id":"https:\/\/www.desenhoonline.com\/site\/#\/schema\/person\/e2d666b91c39a2cbd5f74666a176d3c3","name":"Mateus Machado","image":{"@type":"ImageObject","inLanguage":"pt-BR","@id":"https:\/\/www.desenhoonline.com\/site\/wp-content\/uploads\/Mateus-Machado-Desenhista-Desenho-Online-1.jpg","url":"https:\/\/www.desenhoonline.com\/site\/wp-content\/uploads\/Mateus-Machado-Desenhista-Desenho-Online-1.jpg","contentUrl":"https:\/\/www.desenhoonline.com\/site\/wp-content\/uploads\/Mateus-Machado-Desenhista-Desenho-Online-1.jpg","width":200,"height":200,"caption":"Mateus Machado"},"logo":{"@id":"https:\/\/www.desenhoonline.com\/site\/wp-content\/uploads\/Mateus-Machado-Desenhista-Desenho-Online-1.jpg"},"description":"Um curioso aspirante da filosofia que curte aprender um pouco de tudo, seja de ci\u00eancia, arte, religi\u00e3o ou filosofia. Artista Pl\u00e1stico, Designer Gr\u00e1fico e Blogueiro.","sameAs":["http:\/\/www.desenhoonline.com","https:\/\/www.facebook.com\/mateusmachadocustodio"]}]}},"jetpack_sharing_enabled":true,"_links":{"self":[{"href":"https:\/\/www.desenhoonline.com\/site\/wp-json\/wp\/v2\/pages\/24468","targetHints":{"allow":["GET"]}}],"collection":[{"href":"https:\/\/www.desenhoonline.com\/site\/wp-json\/wp\/v2\/pages"}],"about":[{"href":"https:\/\/www.desenhoonline.com\/site\/wp-json\/wp\/v2\/types\/page"}],"author":[{"embeddable":true,"href":"https:\/\/www.desenhoonline.com\/site\/wp-json\/wp\/v2\/users\/8"}],"replies":[{"embeddable":true,"href":"https:\/\/www.desenhoonline.com\/site\/wp-json\/wp\/v2\/comments?post=24468"}],"version-history":[{"count":10,"href":"https:\/\/www.desenhoonline.com\/site\/wp-json\/wp\/v2\/pages\/24468\/revisions"}],"predecessor-version":[{"id":42813,"href":"https:\/\/www.desenhoonline.com\/site\/wp-json\/wp\/v2\/pages\/24468\/revisions\/42813"}],"up":[{"embeddable":true,"href":"https:\/\/www.desenhoonline.com\/site\/wp-json\/wp\/v2\/pages\/2"}],"wp:attachment":[{"href":"https:\/\/www.desenhoonline.com\/site\/wp-json\/wp\/v2\/media?parent=24468"}],"curies":[{"name":"wp","href":"https:\/\/api.w.org\/{rel}","templated":true}]}}