{"id":2,"date":"2009-11-27T12:17:51","date_gmt":"2009-11-27T14:17:51","guid":{"rendered":"http:\/\/www.desenhoonline.com\/site\/?page_id=2"},"modified":"2017-11-28T06:36:17","modified_gmt":"2017-11-28T09:36:17","slug":"about","status":"publish","type":"page","link":"https:\/\/www.desenhoonline.com\/site\/about\/","title":{"rendered":"Sobre"},"content":{"rendered":"<p>Aqui voc\u00ea encontrar\u00e1 diversas mat\u00e9rias relacionadas ao desenho art\u00edstico, como dicas, informa\u00e7\u00f5es, concursos, downloads; al\u00e9m \u00e9 claro do curso de desenho art\u00edstico que oferecemos. Tudo isso buscando compartilhar conhecimento, o que levou nossos leitores e parceiros a contemplarem o nosso trabalho, e assim nos motivar a \u00a0mant\u00ea-lo no ar por mais de sete\u00a0anos.<\/p>\n<p>&nbsp;<\/p>\n<h2>Nossos Princ\u00edpios<\/h2>\n<p>&nbsp;<\/p>\n<p><a href=\"http:\/\/www.desenhoonline.com\/site\/wp-content\/uploads\/Identidade-Organizacional-Desenho-Online.png\"><img fetchpriority=\"high\" decoding=\"async\" class=\"aligncenter size-full wp-image-24749\" src=\"http:\/\/www.desenhoonline.com\/site\/wp-content\/uploads\/Identidade-Organizacional-Desenho-Online.png\" alt=\"Identidade Organizacional - Desenho Online\" width=\"400\" height=\"337\" srcset=\"https:\/\/www.desenhoonline.com\/site\/wp-content\/uploads\/Identidade-Organizacional-Desenho-Online.png 400w, https:\/\/www.desenhoonline.com\/site\/wp-content\/uploads\/Identidade-Organizacional-Desenho-Online-300x253.png 300w\" sizes=\"(max-width: 400px) 100vw, 400px\" \/><\/a><\/p>\n<p>&nbsp;<\/p>\n<h2>Valores<\/h2>\n<p align=\"left\">Criatividade, Pesquisa, Inova\u00e7\u00e3o, Qualidade, Sustentabilidade, \u00c9tica.<\/p>\n<p>&nbsp;<\/p>\n<h2>Miss\u00e3o<\/h2>\n<p align=\"left\">Incentivar, apoiar e inspirar os desenhistas a realizarem seus sonhos e projetos mais nobres, seja atrav\u00e9s da difus\u00e3o de conhecimento, entretenimento, informa\u00e7\u00e3o e cultura, e comercializar solu\u00e7\u00f5es criativas que atendam suas necessidades art\u00edsticas.<\/p>\n<p>&nbsp;<\/p>\n<h2>Vis\u00e3o<\/h2>\n<p align=\"left\">Ser reconhecida como uma empresa inovadora, que incentiva, apoia e inspira os desenhistas a constru\u00edrem um mundo melhor atrav\u00e9s da arte.<\/p>\n<p>&nbsp;<\/p>\n<h2>Sobre o autor<\/h2>\n<p><a href=\"http:\/\/www.desenhoonline.com\/site\/wp-content\/uploads\/Mateus-Machado-Desenhista-e-Empreendedor-desenhoonline.com_.jpg\"><img decoding=\"async\" class=\"alignleft size-medium wp-image-29253\" src=\"http:\/\/www.desenhoonline.com\/site\/wp-content\/uploads\/Mateus-Machado-Desenhista-e-Empreendedor-desenhoonline.com_-300x297.jpg\" alt=\"Mateus Machado - Desenhista e Empreendedor - desenhoonline.com\" width=\"300\" height=\"297\" srcset=\"https:\/\/www.desenhoonline.com\/site\/wp-content\/uploads\/Mateus-Machado-Desenhista-e-Empreendedor-desenhoonline.com_-300x297.jpg 300w, https:\/\/www.desenhoonline.com\/site\/wp-content\/uploads\/Mateus-Machado-Desenhista-e-Empreendedor-desenhoonline.com_-100x100.jpg 100w, https:\/\/www.desenhoonline.com\/site\/wp-content\/uploads\/Mateus-Machado-Desenhista-e-Empreendedor-desenhoonline.com_-800x793.jpg 800w, https:\/\/www.desenhoonline.com\/site\/wp-content\/uploads\/Mateus-Machado-Desenhista-e-Empreendedor-desenhoonline.com_-150x150.jpg 150w, https:\/\/www.desenhoonline.com\/site\/wp-content\/uploads\/Mateus-Machado-Desenhista-e-Empreendedor-desenhoonline.com_.jpg 809w\" sizes=\"(max-width: 300px) 100vw, 300px\" \/><\/a><\/p>\n<p>Mateus Machado \u00e9 desenhista, artista pl\u00e1stico, empreendedor, blogueiro, vlogger e pesquisador. Nasceu em 1984, na mundialmente conhecida cidade do ET, Varginha, localizada no sul do estado de Minas Gerais, lugar onde come\u00e7ou suas primeiras aventuras com a arte. Desde cedo j\u00e1 demonstrava uma grande curiosidade por praticamente tudo, em especial pela atividade de desenhar, e que o motivou mais tarde a cursar desenho art\u00edstico por quatro anos em uma escola da regi\u00e3o. Sua curiosidade n\u00e3o parou por ai, e \u00e9 por isso que \u00e9 um grande entusiasta da filosofia.<\/p>\n<p>Gra\u00e7as a seu empreendedorismo diante do seu contato com a plataforma de blogs, deu origem no final de 2009 ao maior de seus projetos, o desenhoonline.com, onde compartilha seus conhecimentos e informa\u00e7\u00f5es de desenho e arte, e assim ajuda outros desenhistas a trilharem por este caminho. Com o passar dos anos, seu curso de desenho online passou a ganhar destaque nos principais portais de not\u00edcias brasileiros, tais como: Revista Galileu; Catraca Livre; \u00a0Canal do Ensino; Universia; Blog \u2013 O Povo (Equipe ID); entre outros.<\/p>\n<p>Suas influ\u00eancias art\u00edsticas s\u00e3o diversas, indo desde antigos mestres, como Leonardo da Vinci, at\u00e9 o talentoso Takeshi Obata da atualidade.<\/p>\n<p style=\"text-align: right;\">Mateus Machado<\/p>\n","protected":false},"excerpt":{"rendered":"<p>Aqui voc\u00ea encontrar\u00e1 diversas mat\u00e9rias relacionadas ao desenho art\u00edstico, como dicas, informa\u00e7\u00f5es, concursos, downloads; al\u00e9m \u00e9 claro do curso de desenho art\u00edstico [&hellip;]<\/p>\n","protected":false},"author":8,"featured_media":0,"parent":0,"menu_order":0,"comment_status":"open","ping_status":"open","template":"","meta":{"footnotes":""},"class_list":["post-2","page","type-page","status-publish","hentry"],"yoast_head":"<!-- This site is optimized with the Yoast SEO plugin v27.4 - https:\/\/yoast.com\/product\/yoast-seo-wordpress\/ -->\n<title>Sobre - Desenho Online<\/title>\n<meta name=\"description\" content=\"Saiba mais sobre o Desenho Online...\" \/>\n<meta name=\"robots\" content=\"index, follow, max-snippet:-1, max-image-preview:large, max-video-preview:-1\" \/>\n<link rel=\"canonical\" href=\"https:\/\/www.desenhoonline.com\/site\/about\/\" \/>\n<meta property=\"og:locale\" content=\"pt_BR\" \/>\n<meta property=\"og:type\" content=\"article\" \/>\n<meta property=\"og:title\" content=\"Sobre - Desenho Online\" \/>\n<meta property=\"og:description\" content=\"Saiba mais sobre o Desenho Online...\" \/>\n<meta property=\"og:url\" content=\"https:\/\/www.desenhoonline.com\/site\/about\/\" \/>\n<meta property=\"og:site_name\" content=\"Desenho Online\" \/>\n<meta property=\"article:publisher\" content=\"https:\/\/www.facebook.com\/mateusmachadocustodio\" \/>\n<meta property=\"article:modified_time\" content=\"2017-11-28T09:36:17+00:00\" \/>\n<meta property=\"og:image\" content=\"http:\/\/www.desenhoonline.com\/site\/wp-content\/uploads\/Identidade-Organizacional-Desenho-Online.png\" \/>\n<meta name=\"twitter:label1\" content=\"Est. tempo de leitura\" \/>\n\t<meta name=\"twitter:data1\" content=\"2 minutos\" \/>\n<script type=\"application\/ld+json\" class=\"yoast-schema-graph\">{\"@context\":\"https:\\\/\\\/schema.org\",\"@graph\":[{\"@type\":\"WebPage\",\"@id\":\"https:\\\/\\\/www.desenhoonline.com\\\/site\\\/about\\\/\",\"url\":\"https:\\\/\\\/www.desenhoonline.com\\\/site\\\/about\\\/\",\"name\":\"Sobre - Desenho Online\",\"isPartOf\":{\"@id\":\"https:\\\/\\\/www.desenhoonline.com\\\/site\\\/#website\"},\"primaryImageOfPage\":{\"@id\":\"https:\\\/\\\/www.desenhoonline.com\\\/site\\\/about\\\/#primaryimage\"},\"image\":{\"@id\":\"https:\\\/\\\/www.desenhoonline.com\\\/site\\\/about\\\/#primaryimage\"},\"thumbnailUrl\":\"http:\\\/\\\/www.desenhoonline.com\\\/site\\\/wp-content\\\/uploads\\\/Identidade-Organizacional-Desenho-Online.png\",\"datePublished\":\"2009-11-27T14:17:51+00:00\",\"dateModified\":\"2017-11-28T09:36:17+00:00\",\"description\":\"Saiba mais sobre o Desenho Online...\",\"breadcrumb\":{\"@id\":\"https:\\\/\\\/www.desenhoonline.com\\\/site\\\/about\\\/#breadcrumb\"},\"inLanguage\":\"pt-BR\",\"potentialAction\":[{\"@type\":\"ReadAction\",\"target\":[\"https:\\\/\\\/www.desenhoonline.com\\\/site\\\/about\\\/\"]}]},{\"@type\":\"ImageObject\",\"inLanguage\":\"pt-BR\",\"@id\":\"https:\\\/\\\/www.desenhoonline.com\\\/site\\\/about\\\/#primaryimage\",\"url\":\"https:\\\/\\\/www.desenhoonline.com\\\/site\\\/wp-content\\\/uploads\\\/Identidade-Organizacional-Desenho-Online.png\",\"contentUrl\":\"https:\\\/\\\/www.desenhoonline.com\\\/site\\\/wp-content\\\/uploads\\\/Identidade-Organizacional-Desenho-Online.png\",\"width\":400,\"height\":337},{\"@type\":\"BreadcrumbList\",\"@id\":\"https:\\\/\\\/www.desenhoonline.com\\\/site\\\/about\\\/#breadcrumb\",\"itemListElement\":[{\"@type\":\"ListItem\",\"position\":1,\"name\":\"Home\",\"item\":\"https:\\\/\\\/www.desenhoonline.com\\\/site\\\/\"},{\"@type\":\"ListItem\",\"position\":2,\"name\":\"Sobre\"}]},{\"@type\":\"WebSite\",\"@id\":\"https:\\\/\\\/www.desenhoonline.com\\\/site\\\/#website\",\"url\":\"https:\\\/\\\/www.desenhoonline.com\\\/site\\\/\",\"name\":\"Desenho Online\",\"description\":\"Desenho Online - Curso de desenho, downloads, dicas e not\u00edcias.\",\"publisher\":{\"@id\":\"https:\\\/\\\/www.desenhoonline.com\\\/site\\\/#\\\/schema\\\/person\\\/e2d666b91c39a2cbd5f74666a176d3c3\"},\"potentialAction\":[{\"@type\":\"SearchAction\",\"target\":{\"@type\":\"EntryPoint\",\"urlTemplate\":\"https:\\\/\\\/www.desenhoonline.com\\\/site\\\/?s={search_term_string}\"},\"query-input\":{\"@type\":\"PropertyValueSpecification\",\"valueRequired\":true,\"valueName\":\"search_term_string\"}}],\"inLanguage\":\"pt-BR\"},{\"@type\":[\"Person\",\"Organization\"],\"@id\":\"https:\\\/\\\/www.desenhoonline.com\\\/site\\\/#\\\/schema\\\/person\\\/e2d666b91c39a2cbd5f74666a176d3c3\",\"name\":\"Mateus Machado\",\"image\":{\"@type\":\"ImageObject\",\"inLanguage\":\"pt-BR\",\"@id\":\"https:\\\/\\\/www.desenhoonline.com\\\/site\\\/wp-content\\\/uploads\\\/Mateus-Machado-Desenhista-Desenho-Online-1.jpg\",\"url\":\"https:\\\/\\\/www.desenhoonline.com\\\/site\\\/wp-content\\\/uploads\\\/Mateus-Machado-Desenhista-Desenho-Online-1.jpg\",\"contentUrl\":\"https:\\\/\\\/www.desenhoonline.com\\\/site\\\/wp-content\\\/uploads\\\/Mateus-Machado-Desenhista-Desenho-Online-1.jpg\",\"width\":200,\"height\":200,\"caption\":\"Mateus Machado\"},\"logo\":{\"@id\":\"https:\\\/\\\/www.desenhoonline.com\\\/site\\\/wp-content\\\/uploads\\\/Mateus-Machado-Desenhista-Desenho-Online-1.jpg\"},\"description\":\"Um curioso aspirante da filosofia que curte aprender um pouco de tudo, seja de ci\u00eancia, arte, religi\u00e3o ou filosofia. Artista Pl\u00e1stico, Designer Gr\u00e1fico e Blogueiro.\",\"sameAs\":[\"http:\\\/\\\/www.desenhoonline.com\",\"https:\\\/\\\/www.facebook.com\\\/mateusmachadocustodio\"]}]}<\/script>\n<!-- \/ Yoast SEO plugin. -->","yoast_head_json":{"title":"Sobre - Desenho Online","description":"Saiba mais sobre o Desenho Online...","robots":{"index":"index","follow":"follow","max-snippet":"max-snippet:-1","max-image-preview":"max-image-preview:large","max-video-preview":"max-video-preview:-1"},"canonical":"https:\/\/www.desenhoonline.com\/site\/about\/","og_locale":"pt_BR","og_type":"article","og_title":"Sobre - Desenho Online","og_description":"Saiba mais sobre o Desenho Online...","og_url":"https:\/\/www.desenhoonline.com\/site\/about\/","og_site_name":"Desenho Online","article_publisher":"https:\/\/www.facebook.com\/mateusmachadocustodio","article_modified_time":"2017-11-28T09:36:17+00:00","og_image":[{"url":"http:\/\/www.desenhoonline.com\/site\/wp-content\/uploads\/Identidade-Organizacional-Desenho-Online.png","type":"","width":"","height":""}],"twitter_misc":{"Est. tempo de leitura":"2 minutos"},"schema":{"@context":"https:\/\/schema.org","@graph":[{"@type":"WebPage","@id":"https:\/\/www.desenhoonline.com\/site\/about\/","url":"https:\/\/www.desenhoonline.com\/site\/about\/","name":"Sobre - Desenho Online","isPartOf":{"@id":"https:\/\/www.desenhoonline.com\/site\/#website"},"primaryImageOfPage":{"@id":"https:\/\/www.desenhoonline.com\/site\/about\/#primaryimage"},"image":{"@id":"https:\/\/www.desenhoonline.com\/site\/about\/#primaryimage"},"thumbnailUrl":"http:\/\/www.desenhoonline.com\/site\/wp-content\/uploads\/Identidade-Organizacional-Desenho-Online.png","datePublished":"2009-11-27T14:17:51+00:00","dateModified":"2017-11-28T09:36:17+00:00","description":"Saiba mais sobre o Desenho Online...","breadcrumb":{"@id":"https:\/\/www.desenhoonline.com\/site\/about\/#breadcrumb"},"inLanguage":"pt-BR","potentialAction":[{"@type":"ReadAction","target":["https:\/\/www.desenhoonline.com\/site\/about\/"]}]},{"@type":"ImageObject","inLanguage":"pt-BR","@id":"https:\/\/www.desenhoonline.com\/site\/about\/#primaryimage","url":"https:\/\/www.desenhoonline.com\/site\/wp-content\/uploads\/Identidade-Organizacional-Desenho-Online.png","contentUrl":"https:\/\/www.desenhoonline.com\/site\/wp-content\/uploads\/Identidade-Organizacional-Desenho-Online.png","width":400,"height":337},{"@type":"BreadcrumbList","@id":"https:\/\/www.desenhoonline.com\/site\/about\/#breadcrumb","itemListElement":[{"@type":"ListItem","position":1,"name":"Home","item":"https:\/\/www.desenhoonline.com\/site\/"},{"@type":"ListItem","position":2,"name":"Sobre"}]},{"@type":"WebSite","@id":"https:\/\/www.desenhoonline.com\/site\/#website","url":"https:\/\/www.desenhoonline.com\/site\/","name":"Desenho Online","description":"Desenho Online - Curso de desenho, downloads, dicas e not\u00edcias.","publisher":{"@id":"https:\/\/www.desenhoonline.com\/site\/#\/schema\/person\/e2d666b91c39a2cbd5f74666a176d3c3"},"potentialAction":[{"@type":"SearchAction","target":{"@type":"EntryPoint","urlTemplate":"https:\/\/www.desenhoonline.com\/site\/?s={search_term_string}"},"query-input":{"@type":"PropertyValueSpecification","valueRequired":true,"valueName":"search_term_string"}}],"inLanguage":"pt-BR"},{"@type":["Person","Organization"],"@id":"https:\/\/www.desenhoonline.com\/site\/#\/schema\/person\/e2d666b91c39a2cbd5f74666a176d3c3","name":"Mateus Machado","image":{"@type":"ImageObject","inLanguage":"pt-BR","@id":"https:\/\/www.desenhoonline.com\/site\/wp-content\/uploads\/Mateus-Machado-Desenhista-Desenho-Online-1.jpg","url":"https:\/\/www.desenhoonline.com\/site\/wp-content\/uploads\/Mateus-Machado-Desenhista-Desenho-Online-1.jpg","contentUrl":"https:\/\/www.desenhoonline.com\/site\/wp-content\/uploads\/Mateus-Machado-Desenhista-Desenho-Online-1.jpg","width":200,"height":200,"caption":"Mateus Machado"},"logo":{"@id":"https:\/\/www.desenhoonline.com\/site\/wp-content\/uploads\/Mateus-Machado-Desenhista-Desenho-Online-1.jpg"},"description":"Um curioso aspirante da filosofia que curte aprender um pouco de tudo, seja de ci\u00eancia, arte, religi\u00e3o ou filosofia. Artista Pl\u00e1stico, Designer Gr\u00e1fico e Blogueiro.","sameAs":["http:\/\/www.desenhoonline.com","https:\/\/www.facebook.com\/mateusmachadocustodio"]}]}},"jetpack_sharing_enabled":true,"_links":{"self":[{"href":"https:\/\/www.desenhoonline.com\/site\/wp-json\/wp\/v2\/pages\/2","targetHints":{"allow":["GET"]}}],"collection":[{"href":"https:\/\/www.desenhoonline.com\/site\/wp-json\/wp\/v2\/pages"}],"about":[{"href":"https:\/\/www.desenhoonline.com\/site\/wp-json\/wp\/v2\/types\/page"}],"author":[{"embeddable":true,"href":"https:\/\/www.desenhoonline.com\/site\/wp-json\/wp\/v2\/users\/8"}],"replies":[{"embeddable":true,"href":"https:\/\/www.desenhoonline.com\/site\/wp-json\/wp\/v2\/comments?post=2"}],"version-history":[{"count":0,"href":"https:\/\/www.desenhoonline.com\/site\/wp-json\/wp\/v2\/pages\/2\/revisions"}],"wp:attachment":[{"href":"https:\/\/www.desenhoonline.com\/site\/wp-json\/wp\/v2\/media?parent=2"}],"curies":[{"name":"wp","href":"https:\/\/api.w.org\/{rel}","templated":true}]}}